{"id":141383,"date":"2025-05-18T23:12:41","date_gmt":"2025-05-18T23:12:41","guid":{"rendered":"https:\/\/staging2.stylingagenten.com\/fi\/produkt\/maria-nila-head-hair-heal-shampoo-100ml\/"},"modified":"2026-03-11T21:47:37","modified_gmt":"2026-03-11T21:47:37","slug":"maria-nila-head-hair-heal-shampoo-100ml","status":"publish","type":"product","link":"https:\/\/stylingagenten.com\/fi\/tuote\/maria-nila-head-hair-heal-shampoo-100ml\/","title":{"rendered":"Maria Nila Head &amp; Hair Heal Shampoo 100ml"},"content":{"rendered":"<p>Hiusten kasvua stimuloiva shampoo, joka sis\u00e4lt\u00e4\u00e4 luonnollisesti rauhoittavaa aloe vera -uutetta ja Piroctone Olaminea, joka ehk\u00e4isee hilsett\u00e4 ja hoitaa p\u00e4\u00e4nahan ongelmia. Head &amp; Hair Heal Shampoo stimuloi hiusrakkuloita ja lis\u00e4\u00e4 hiusten tuotantoa ja ehk\u00e4isee hiustenl\u00e4ht\u00f6\u00e4. Head &amp; Heal -sarja sis\u00e4lt\u00e4\u00e4 allergeenittoman hajuveden, joka on kehitetty erityisen herk\u00e4lle iholle ja jossa on kukkainen tuoksu valkoisesta jasmiinista, galbanumista ja lehmuskukasta. V\u00e4rinsuojaus Color Guard Complex suojaa hiuksiasi UV-s\u00e4teilylt\u00e4 ja vapailta radikaaleilta.<\/p>\n","protected":false},"excerpt":{"rendered":"<p>Hiusten kasvua stimuloiva shampoo, joka sis\u00e4lt\u00e4\u00e4 luonnollisesti rauhoittavaa aloe vera -uutetta ja Piroctone Olaminea, joka ehk\u00e4isee hilsett\u00e4 ja hoitaa p\u00e4\u00e4nahan ongelmia. Head &amp; Hair Heal Shampoo stimuloi hiusrakkuloita ja lis\u00e4\u00e4 hiusten tuotantoa ja ehk\u00e4isee hiustenl\u00e4ht\u00f6\u00e4. Head &amp; Heal -sarja sis\u00e4lt\u00e4\u00e4 allergeenittoman hajuveden, joka on kehitetty erityisen herk\u00e4lle iholle ja jossa on kukkainen tuoksu valkoisesta jasmiinista, [&hellip;]<\/p>\n","protected":false},"featured_media":141378,"comment_status":"open","ping_status":"closed","template":"","meta":{"_trash_the_other_posts":false},"product_brand":[],"product_cat":[563],"product_tag":[3411],"berocket_brand":[1388],"class_list":{"0":"post-141383","1":"product","2":"type-product","3":"status-publish","4":"has-post-thumbnail","6":"product_cat-shampoo","7":"product_tag-maria-nila-head-hair-heal-shampoo","8":"pa_brand-maria-nila","9":"pa_variantti-100ml","10":"berocket_brand-maria-nila","12":"first","13":"instock","14":"sale","15":"taxable","16":"shipping-taxable","17":"purchasable","18":"product-type-simple"},"_links":{"self":[{"href":"https:\/\/stylingagenten.com\/fi\/wp-json\/wp\/v2\/product\/141383","targetHints":{"allow":["GET"]}}],"collection":[{"href":"https:\/\/stylingagenten.com\/fi\/wp-json\/wp\/v2\/product"}],"about":[{"href":"https:\/\/stylingagenten.com\/fi\/wp-json\/wp\/v2\/types\/product"}],"replies":[{"embeddable":true,"href":"https:\/\/stylingagenten.com\/fi\/wp-json\/wp\/v2\/comments?post=141383"}],"version-history":[{"count":0,"href":"https:\/\/stylingagenten.com\/fi\/wp-json\/wp\/v2\/product\/141383\/revisions"}],"wp:featuredmedia":[{"embeddable":true,"href":"https:\/\/stylingagenten.com\/fi\/wp-json\/wp\/v2\/media\/141378"}],"wp:attachment":[{"href":"https:\/\/stylingagenten.com\/fi\/wp-json\/wp\/v2\/media?parent=141383"}],"wp:term":[{"taxonomy":"product_brand","embeddable":true,"href":"https:\/\/stylingagenten.com\/fi\/wp-json\/wp\/v2\/product_brand?post=141383"},{"taxonomy":"product_cat","embeddable":true,"href":"https:\/\/stylingagenten.com\/fi\/wp-json\/wp\/v2\/product_cat?post=141383"},{"taxonomy":"product_tag","embeddable":true,"href":"https:\/\/stylingagenten.com\/fi\/wp-json\/wp\/v2\/product_tag?post=141383"},{"taxonomy":"berocket_brand","embeddable":true,"href":"https:\/\/stylingagenten.com\/fi\/wp-json\/wp\/v2\/berocket_brand?post=141383"}],"curies":[{"name":"wp","href":"https:\/\/api.w.org\/{rel}","templated":true}]}}