{"id":141376,"date":"2025-05-18T23:12:40","date_gmt":"2025-05-18T23:12:40","guid":{"rendered":"https:\/\/staging2.stylingagenten.com\/fi\/produkt\/maria-nila-luminous-colour-shampoo-100ml\/"},"modified":"2026-03-11T21:46:08","modified_gmt":"2026-03-11T21:46:08","slug":"maria-nila-luminous-colour-shampoo-100ml","status":"publish","type":"product","link":"https:\/\/stylingagenten.com\/fi\/tuote\/maria-nila-luminous-colour-shampoo-100ml\/","title":{"rendered":"Maria Nila Luminous Colour Shampoo 100ml"},"content":{"rendered":"<p>V\u00e4ri\u00e4 s\u00e4ilytt\u00e4v\u00e4 shampoo, joka sis\u00e4lt\u00e4\u00e4 kosteuttavaa granaattiomenauutetta ja Color Guard Complexia, joka vahvistaa hiuksia ja s\u00e4ilytt\u00e4\u00e4 hiusten v\u00e4rin samalla lis\u00e4\u00e4m\u00e4ll\u00e4 kiiltoa ja kiiltoa.&nbsp;<br \/>Luminous Color Shampoossa on hedelm\u00e4inen omenan, karhunvatun ja persikan tuoksu.<\/p>\n<p> Antaa kiiltoa ja kiiltoa<br \/>Kosteuttava granaattiomenauute<br \/>V\u00e4ris\u00e4ilytys<br \/>100 % vegaaninen &amp; el\u00e4inyst\u00e4v\u00e4llinen<br \/>ilmastokompensoitu pakkaus<\/p>\n","protected":false},"excerpt":{"rendered":"<p>V\u00e4ri\u00e4 s\u00e4ilytt\u00e4v\u00e4 shampoo, joka sis\u00e4lt\u00e4\u00e4 kosteuttavaa granaattiomenauutetta ja Color Guard Complexia, joka vahvistaa hiuksia ja s\u00e4ilytt\u00e4\u00e4 hiusten v\u00e4rin samalla lis\u00e4\u00e4m\u00e4ll\u00e4 kiiltoa ja kiiltoa.&nbsp;Luminous Color Shampoossa on hedelm\u00e4inen omenan, karhunvatun ja persikan tuoksu. Antaa kiiltoa ja kiiltoaKosteuttava granaattiomenauuteV\u00e4ris\u00e4ilytys100 % vegaaninen &amp; el\u00e4inyst\u00e4v\u00e4llinenilmastokompensoitu pakkaus<\/p>\n","protected":false},"featured_media":141366,"comment_status":"open","ping_status":"closed","template":"","meta":{"_trash_the_other_posts":false},"product_brand":[],"product_cat":[563],"product_tag":[3414],"berocket_brand":[1388],"class_list":{"0":"post-141376","1":"product","2":"type-product","3":"status-publish","4":"has-post-thumbnail","6":"product_cat-shampoo","7":"product_tag-maria-nila-luminous-colour-shampoo","8":"pa_brand-maria-nila","9":"pa_variantti-100ml","10":"berocket_brand-maria-nila","12":"first","13":"instock","14":"sale","15":"taxable","16":"shipping-taxable","17":"purchasable","18":"product-type-simple"},"_links":{"self":[{"href":"https:\/\/stylingagenten.com\/fi\/wp-json\/wp\/v2\/product\/141376","targetHints":{"allow":["GET"]}}],"collection":[{"href":"https:\/\/stylingagenten.com\/fi\/wp-json\/wp\/v2\/product"}],"about":[{"href":"https:\/\/stylingagenten.com\/fi\/wp-json\/wp\/v2\/types\/product"}],"replies":[{"embeddable":true,"href":"https:\/\/stylingagenten.com\/fi\/wp-json\/wp\/v2\/comments?post=141376"}],"version-history":[{"count":0,"href":"https:\/\/stylingagenten.com\/fi\/wp-json\/wp\/v2\/product\/141376\/revisions"}],"wp:featuredmedia":[{"embeddable":true,"href":"https:\/\/stylingagenten.com\/fi\/wp-json\/wp\/v2\/media\/141366"}],"wp:attachment":[{"href":"https:\/\/stylingagenten.com\/fi\/wp-json\/wp\/v2\/media?parent=141376"}],"wp:term":[{"taxonomy":"product_brand","embeddable":true,"href":"https:\/\/stylingagenten.com\/fi\/wp-json\/wp\/v2\/product_brand?post=141376"},{"taxonomy":"product_cat","embeddable":true,"href":"https:\/\/stylingagenten.com\/fi\/wp-json\/wp\/v2\/product_cat?post=141376"},{"taxonomy":"product_tag","embeddable":true,"href":"https:\/\/stylingagenten.com\/fi\/wp-json\/wp\/v2\/product_tag?post=141376"},{"taxonomy":"berocket_brand","embeddable":true,"href":"https:\/\/stylingagenten.com\/fi\/wp-json\/wp\/v2\/berocket_brand?post=141376"}],"curies":[{"name":"wp","href":"https:\/\/api.w.org\/{rel}","templated":true}]}}