{"id":141338,"date":"2025-05-18T23:12:35","date_gmt":"2025-05-18T23:12:35","guid":{"rendered":"https:\/\/staging2.stylingagenten.com\/fi\/produkt\/joico-blonde-life-violet-shampoo-1000ml\/"},"modified":"2026-04-10T10:28:26","modified_gmt":"2026-04-10T10:28:26","slug":"joico-blonde-life-violet-shampoo-1000ml","status":"publish","type":"product","link":"https:\/\/stylingagenten.com\/fi\/tuote\/joico-blonde-life-violet-shampoo-1000ml\/","title":{"rendered":"Joico Blonde Life Violet Shampoo 1000ml"},"content":{"rendered":"<p>S\u00e4ilyt\u00e4 viileit\u00e4 s\u00e4vyj\u00e4si Blonde Life Violet Shampoon avulla. T\u00e4ytel\u00e4inen vaahtoava sulfaattiton shampoo, joka neutraloi v\u00e4litt\u00f6m\u00e4sti ei-toivotut l\u00e4mpim\u00e4t ja keltaiset s\u00e4vyt pit\u00e4en vaaleat hiukset viilein\u00e4.<\/p>\n<p>MIKSI RAKASTUT SIT\u00c4:<br \/>Sulfaattiton<br \/>Rikkakas vaahto, joka puhdistaa hiukset hell\u00e4sti<br \/> br&gt; Hieman korotettu pH-arvo mahdollistaa v\u00e4ripigmenttien tunkeutumisen hiuksiin helpommin<br \/>Neutraloi ei-toivotut l\u00e4mpim\u00e4t ja keltaiset s\u00e4vyt<br \/>Est\u00e4\u00e4 keltaisten s\u00e4vyjen ilmaantumisen<br \/>S\u00e4ilytt\u00e4\u00e4 viile\u00e4t ja kirkkaat s\u00e4vyt kylmiss\u00e4, vaaleissa v\u00e4reiss\u00e4<br \/> Hoitaa ja suojaa<\/p>\n<p>K\u00c4YTT\u00d6<br \/>Levit\u00e4 kosteisiin hiuksiin. Vaahdota. Anna vaikuttaa 1-3 minuuttia. Huuhtele ja seuraa Blonde Life Violet Conditioner -hoitoaineella saadaksesi optimaaliset tulokset ja tiivist\u00e4\u00e4ksesi kylm\u00e4t pigmentit.<br \/>K\u00e4yt\u00e4 2-3 kertaa viikossa s\u00e4ilytt\u00e4\u00e4ksesi viile\u00e4t s\u00e4vyt.<\/p>\n","protected":false},"excerpt":{"rendered":"<p>S\u00e4ilyt\u00e4 viileit\u00e4 s\u00e4vyj\u00e4si Blonde Life Violet Shampoon avulla. T\u00e4ytel\u00e4inen vaahtoava sulfaattiton shampoo, joka neutraloi v\u00e4litt\u00f6m\u00e4sti ei-toivotut l\u00e4mpim\u00e4t ja keltaiset s\u00e4vyt pit\u00e4en vaaleat hiukset viilein\u00e4. MIKSI RAKASTUT SIT\u00c4:SulfaattitonRikkakas vaahto, joka puhdistaa hiukset hell\u00e4sti br&gt; Hieman korotettu pH-arvo mahdollistaa v\u00e4ripigmenttien tunkeutumisen hiuksiin helpomminNeutraloi ei-toivotut l\u00e4mpim\u00e4t ja keltaiset s\u00e4vytEst\u00e4\u00e4 keltaisten s\u00e4vyjen ilmaantumisenS\u00e4ilytt\u00e4\u00e4 viile\u00e4t ja kirkkaat s\u00e4vyt kylmiss\u00e4, vaaleissa [&hellip;]<\/p>\n","protected":false},"featured_media":141334,"comment_status":"open","ping_status":"closed","template":"","meta":{"_trash_the_other_posts":false},"product_brand":[],"product_cat":[1004,1003,563],"product_tag":[3060],"berocket_brand":[1372],"class_list":{"0":"post-141338","1":"product","2":"type-product","3":"status-publish","4":"has-post-thumbnail","6":"product_cat-hopeashampoo","7":"product_cat-myydyimmat","8":"product_cat-shampoo","9":"product_tag-joico-blonde-life-violet-shampoo","10":"pa_brand-joico","11":"pa_variantti-1000ml","12":"berocket_brand-joico","14":"first","15":"outofstock","16":"sale","17":"taxable","18":"shipping-taxable","19":"purchasable","20":"product-type-simple"},"_links":{"self":[{"href":"https:\/\/stylingagenten.com\/fi\/wp-json\/wp\/v2\/product\/141338","targetHints":{"allow":["GET"]}}],"collection":[{"href":"https:\/\/stylingagenten.com\/fi\/wp-json\/wp\/v2\/product"}],"about":[{"href":"https:\/\/stylingagenten.com\/fi\/wp-json\/wp\/v2\/types\/product"}],"replies":[{"embeddable":true,"href":"https:\/\/stylingagenten.com\/fi\/wp-json\/wp\/v2\/comments?post=141338"}],"version-history":[{"count":0,"href":"https:\/\/stylingagenten.com\/fi\/wp-json\/wp\/v2\/product\/141338\/revisions"}],"wp:featuredmedia":[{"embeddable":true,"href":"https:\/\/stylingagenten.com\/fi\/wp-json\/wp\/v2\/media\/141334"}],"wp:attachment":[{"href":"https:\/\/stylingagenten.com\/fi\/wp-json\/wp\/v2\/media?parent=141338"}],"wp:term":[{"taxonomy":"product_brand","embeddable":true,"href":"https:\/\/stylingagenten.com\/fi\/wp-json\/wp\/v2\/product_brand?post=141338"},{"taxonomy":"product_cat","embeddable":true,"href":"https:\/\/stylingagenten.com\/fi\/wp-json\/wp\/v2\/product_cat?post=141338"},{"taxonomy":"product_tag","embeddable":true,"href":"https:\/\/stylingagenten.com\/fi\/wp-json\/wp\/v2\/product_tag?post=141338"},{"taxonomy":"berocket_brand","embeddable":true,"href":"https:\/\/stylingagenten.com\/fi\/wp-json\/wp\/v2\/berocket_brand?post=141338"}],"curies":[{"name":"wp","href":"https:\/\/api.w.org\/{rel}","templated":true}]}}