{"id":141307,"date":"2025-05-18T23:12:28","date_gmt":"2025-05-18T23:12:28","guid":{"rendered":"https:\/\/staging2.stylingagenten.com\/fi\/produkt\/loreal-professionnel-curl-expression-anti-buildup-cleansing-jelly-shampoo-300ml\/"},"modified":"2026-03-11T21:50:20","modified_gmt":"2026-03-11T21:50:20","slug":"loreal-professionnel-curl-expression-anti-buildup-cleansing-jelly-shampoo-300ml","status":"publish","type":"product","link":"https:\/\/stylingagenten.com\/fi\/tuote\/loreal-professionnel-curl-expression-anti-buildup-cleansing-jelly-shampoo-300ml\/","title":{"rendered":"L&#8217;Oreal Professionnel Curl Expression Anti-Buildup Cleansing Jelly Shampoo 300ml"},"content":{"rendered":"<p>L&#8217;Oreal Professionnel Curl Expression Anti-Buildup Cleansing Jelly Shampoo 300 ml<br \/>Kihareiden hiusten omistajat tiet\u00e4v\u00e4t, kuinka vaikeaa on l\u00f6yt\u00e4\u00e4 shampoota, joka saa heid\u00e4n hiuksensa n\u00e4ytt\u00e4m\u00e4\u00e4n hoidetuilta ja kauniilta. L&#8217;Oreal Professionnel on vastannut t\u00e4h\u00e4n haasteeseen kehitt\u00e4m\u00e4ll\u00e4 puhdistavan geelishampoon, joka hoitaa hell\u00e4varaisesti ja tehokkaasti jokaista kantta. Se pesee hell\u00e4varaisesti pois p\u00e4iv\u00e4n aikana kertyneet ep\u00e4puhtaudet aiheuttamatta kutinaa tai vahingoittamatta hiuksia.<br \/>L&#8217;Oreal Professionnel Gel Cleansing Shampoon edut kiharille hiuksille:<br \/>&#8211; puhdistaa hiukset syv\u00e4sti, poistaa t\u00e4ydellisesti ep\u00e4puhtaudet ja j\u00e4\u00e4m\u00e4t muotoilutuotteet ;<br \/>&#8211; sis\u00e4lt\u00e4\u00e4 kasviper\u00e4ist\u00e4 glyseriini\u00e4 ja ureaa, jotka kosteuttavat pitk\u00e4\u00e4n, ehk\u00e4isev\u00e4t hiusten kuivumista ja katkeilua;<br \/>&#8211; hibiscus-siementen ansiosta se kyll\u00e4st\u00e4\u00e4 kiharat arvokkailla aminohapoilla ja vitamiineilla; <br \/>&#8211; on hyytel\u00f6m\u00e4ist\u00e4 rakennetta, tunkeutuu helposti s\u00e4ikeisiin ja vaahtoaa nopeasti;<br \/>&#8211; on miellytt\u00e4v\u00e4 tuoksu, jossa on vivahteita kukkia, setripuuta ja virkist\u00e4v\u00e4\u00e4 merituulta.<\/p>\n","protected":false},"excerpt":{"rendered":"<p>L&#8217;Oreal Professionnel Curl Expression Anti-Buildup Cleansing Jelly Shampoo 300 mlKihareiden hiusten omistajat tiet\u00e4v\u00e4t, kuinka vaikeaa on l\u00f6yt\u00e4\u00e4 shampoota, joka saa heid\u00e4n hiuksensa n\u00e4ytt\u00e4m\u00e4\u00e4n hoidetuilta ja kauniilta. L&#8217;Oreal Professionnel on vastannut t\u00e4h\u00e4n haasteeseen kehitt\u00e4m\u00e4ll\u00e4 puhdistavan geelishampoon, joka hoitaa hell\u00e4varaisesti ja tehokkaasti jokaista kantta. Se pesee hell\u00e4varaisesti pois p\u00e4iv\u00e4n aikana kertyneet ep\u00e4puhtaudet aiheuttamatta kutinaa tai vahingoittamatta hiuksia.L&#8217;Oreal [&hellip;]<\/p>\n","protected":false},"featured_media":141302,"comment_status":"open","ping_status":"closed","template":"","meta":{"_trash_the_other_posts":false},"product_brand":[],"product_cat":[563],"product_tag":[],"berocket_brand":[2000],"class_list":{"0":"post-141307","1":"product","2":"type-product","3":"status-publish","4":"has-post-thumbnail","6":"product_cat-shampoo","7":"pa_brand-loreal-paris","8":"berocket_brand-loreal-paris","10":"first","11":"instock","12":"sale","13":"taxable","14":"shipping-taxable","15":"purchasable","16":"product-type-simple"},"_links":{"self":[{"href":"https:\/\/stylingagenten.com\/fi\/wp-json\/wp\/v2\/product\/141307","targetHints":{"allow":["GET"]}}],"collection":[{"href":"https:\/\/stylingagenten.com\/fi\/wp-json\/wp\/v2\/product"}],"about":[{"href":"https:\/\/stylingagenten.com\/fi\/wp-json\/wp\/v2\/types\/product"}],"replies":[{"embeddable":true,"href":"https:\/\/stylingagenten.com\/fi\/wp-json\/wp\/v2\/comments?post=141307"}],"version-history":[{"count":0,"href":"https:\/\/stylingagenten.com\/fi\/wp-json\/wp\/v2\/product\/141307\/revisions"}],"wp:featuredmedia":[{"embeddable":true,"href":"https:\/\/stylingagenten.com\/fi\/wp-json\/wp\/v2\/media\/141302"}],"wp:attachment":[{"href":"https:\/\/stylingagenten.com\/fi\/wp-json\/wp\/v2\/media?parent=141307"}],"wp:term":[{"taxonomy":"product_brand","embeddable":true,"href":"https:\/\/stylingagenten.com\/fi\/wp-json\/wp\/v2\/product_brand?post=141307"},{"taxonomy":"product_cat","embeddable":true,"href":"https:\/\/stylingagenten.com\/fi\/wp-json\/wp\/v2\/product_cat?post=141307"},{"taxonomy":"product_tag","embeddable":true,"href":"https:\/\/stylingagenten.com\/fi\/wp-json\/wp\/v2\/product_tag?post=141307"},{"taxonomy":"berocket_brand","embeddable":true,"href":"https:\/\/stylingagenten.com\/fi\/wp-json\/wp\/v2\/berocket_brand?post=141307"}],"curies":[{"name":"wp","href":"https:\/\/api.w.org\/{rel}","templated":true}]}}