{"id":141286,"date":"2025-05-18T23:12:25","date_gmt":"2025-05-18T23:12:25","guid":{"rendered":"https:\/\/staging2.stylingagenten.com\/fi\/produkt\/fudge-clean-blonde-violet-toning-shampoo-1000ml\/"},"modified":"2026-03-11T21:58:23","modified_gmt":"2026-03-11T21:58:23","slug":"fudge-clean-blonde-violet-toning-shampoo-1000ml","status":"publish","type":"product","link":"https:\/\/stylingagenten.com\/fi\/tuote\/fudge-clean-blonde-violet-toning-shampoo-1000ml\/","title":{"rendered":"Fudge Clean Blonde Violet-Toning Shampoo 1000ml"},"content":{"rendered":"<p>Fudge Clean Blonde Violet Toning Shampoo on hopeashampoo, joka neutraloi vaaleiden hiusten keltaiset s\u00e4vyt ja antaa viile\u00e4n ja raikkaan s\u00e4vyn. Shampoo puhdistaa hiukset ja lis\u00e4\u00e4 samalla violetin s\u00e4vyn, joka ehk\u00e4isee hiusten kellastumista.<\/p>\n","protected":false},"excerpt":{"rendered":"<p>Fudge Clean Blonde Violet Toning Shampoo on hopeashampoo, joka neutraloi vaaleiden hiusten keltaiset s\u00e4vyt ja antaa viile\u00e4n ja raikkaan s\u00e4vyn. Shampoo puhdistaa hiukset ja lis\u00e4\u00e4 samalla violetin s\u00e4vyn, joka ehk\u00e4isee hiusten kellastumista.<\/p>\n","protected":false},"featured_media":141277,"comment_status":"open","ping_status":"closed","template":"","meta":{"_trash_the_other_posts":false},"product_brand":[],"product_cat":[1003,563],"product_tag":[],"berocket_brand":[1319],"class_list":{"0":"post-141286","1":"product","2":"type-product","3":"status-publish","4":"has-post-thumbnail","6":"product_cat-myydyimmat","7":"product_cat-shampoo","8":"pa_brand-fudge","9":"berocket_brand-fudge","11":"first","12":"instock","13":"sale","14":"taxable","15":"shipping-taxable","16":"purchasable","17":"product-type-simple"},"_links":{"self":[{"href":"https:\/\/stylingagenten.com\/fi\/wp-json\/wp\/v2\/product\/141286","targetHints":{"allow":["GET"]}}],"collection":[{"href":"https:\/\/stylingagenten.com\/fi\/wp-json\/wp\/v2\/product"}],"about":[{"href":"https:\/\/stylingagenten.com\/fi\/wp-json\/wp\/v2\/types\/product"}],"replies":[{"embeddable":true,"href":"https:\/\/stylingagenten.com\/fi\/wp-json\/wp\/v2\/comments?post=141286"}],"version-history":[{"count":0,"href":"https:\/\/stylingagenten.com\/fi\/wp-json\/wp\/v2\/product\/141286\/revisions"}],"wp:featuredmedia":[{"embeddable":true,"href":"https:\/\/stylingagenten.com\/fi\/wp-json\/wp\/v2\/media\/141277"}],"wp:attachment":[{"href":"https:\/\/stylingagenten.com\/fi\/wp-json\/wp\/v2\/media?parent=141286"}],"wp:term":[{"taxonomy":"product_brand","embeddable":true,"href":"https:\/\/stylingagenten.com\/fi\/wp-json\/wp\/v2\/product_brand?post=141286"},{"taxonomy":"product_cat","embeddable":true,"href":"https:\/\/stylingagenten.com\/fi\/wp-json\/wp\/v2\/product_cat?post=141286"},{"taxonomy":"product_tag","embeddable":true,"href":"https:\/\/stylingagenten.com\/fi\/wp-json\/wp\/v2\/product_tag?post=141286"},{"taxonomy":"berocket_brand","embeddable":true,"href":"https:\/\/stylingagenten.com\/fi\/wp-json\/wp\/v2\/berocket_brand?post=141286"}],"curies":[{"name":"wp","href":"https:\/\/api.w.org\/{rel}","templated":true}]}}