{"id":141273,"date":"2025-05-18T23:12:24","date_gmt":"2025-05-18T23:12:24","guid":{"rendered":"https:\/\/staging2.stylingagenten.com\/fi\/produkt\/american-crew-anti-hair-loss-shampoo-250ml\/"},"modified":"2026-04-13T07:08:56","modified_gmt":"2026-04-13T07:08:56","slug":"american-crew-anti-hair-loss-shampoo-250ml","status":"publish","type":"product","link":"https:\/\/stylingagenten.com\/fi\/tuote\/american-crew-anti-hair-loss-shampoo-250ml\/","title":{"rendered":"American Crew Anti-Hair Loss Shampoo 250ml"},"content":{"rendered":"<p>Shampoo hiustenl\u00e4ht\u00f6\u00e4 vastaan. Puhdistaa syv\u00e4sti parantaakseen p\u00e4\u00e4nahkaa ja antaakseen volyymia ja tekee hiuksista helpommin hallittavissa. K\u00e4ytett\u00e4ess\u00e4 Hiustenl\u00e4ht\u00f6\u00e4 hillitsev\u00e4n j\u00e4teveden kanssa se auttaa suojaamaan hiuksia ulkoisten tekij\u00f6iden aiheuttamilta lis\u00e4vaurioilta, jotka johtavat hiusten ohenemiseen.<\/p>\n","protected":false},"excerpt":{"rendered":"<p>Shampoo hiustenl\u00e4ht\u00f6\u00e4 vastaan. Puhdistaa syv\u00e4sti parantaakseen p\u00e4\u00e4nahkaa ja antaakseen volyymia ja tekee hiuksista helpommin hallittavissa. K\u00e4ytett\u00e4ess\u00e4 Hiustenl\u00e4ht\u00f6\u00e4 hillitsev\u00e4n j\u00e4teveden kanssa se auttaa suojaamaan hiuksia ulkoisten tekij\u00f6iden aiheuttamilta lis\u00e4vaurioilta, jotka johtavat hiusten ohenemiseen.<\/p>\n","protected":false},"featured_media":141269,"comment_status":"open","ping_status":"closed","template":"","meta":{"_trash_the_other_posts":false},"product_brand":[],"product_cat":[563],"product_tag":[],"berocket_brand":[1071],"class_list":{"0":"post-141273","1":"product","2":"type-product","3":"status-publish","4":"has-post-thumbnail","6":"product_cat-shampoo","7":"pa_brand-american-crew","8":"berocket_brand-american-crew","10":"first","11":"instock","12":"sale","13":"taxable","14":"shipping-taxable","15":"purchasable","16":"product-type-simple"},"_links":{"self":[{"href":"https:\/\/stylingagenten.com\/fi\/wp-json\/wp\/v2\/product\/141273","targetHints":{"allow":["GET"]}}],"collection":[{"href":"https:\/\/stylingagenten.com\/fi\/wp-json\/wp\/v2\/product"}],"about":[{"href":"https:\/\/stylingagenten.com\/fi\/wp-json\/wp\/v2\/types\/product"}],"replies":[{"embeddable":true,"href":"https:\/\/stylingagenten.com\/fi\/wp-json\/wp\/v2\/comments?post=141273"}],"version-history":[{"count":0,"href":"https:\/\/stylingagenten.com\/fi\/wp-json\/wp\/v2\/product\/141273\/revisions"}],"wp:featuredmedia":[{"embeddable":true,"href":"https:\/\/stylingagenten.com\/fi\/wp-json\/wp\/v2\/media\/141269"}],"wp:attachment":[{"href":"https:\/\/stylingagenten.com\/fi\/wp-json\/wp\/v2\/media?parent=141273"}],"wp:term":[{"taxonomy":"product_brand","embeddable":true,"href":"https:\/\/stylingagenten.com\/fi\/wp-json\/wp\/v2\/product_brand?post=141273"},{"taxonomy":"product_cat","embeddable":true,"href":"https:\/\/stylingagenten.com\/fi\/wp-json\/wp\/v2\/product_cat?post=141273"},{"taxonomy":"product_tag","embeddable":true,"href":"https:\/\/stylingagenten.com\/fi\/wp-json\/wp\/v2\/product_tag?post=141273"},{"taxonomy":"berocket_brand","embeddable":true,"href":"https:\/\/stylingagenten.com\/fi\/wp-json\/wp\/v2\/berocket_brand?post=141273"}],"curies":[{"name":"wp","href":"https:\/\/api.w.org\/{rel}","templated":true}]}}