{"id":141258,"date":"2025-05-18T23:12:21","date_gmt":"2025-05-18T23:12:21","guid":{"rendered":"https:\/\/staging2.stylingagenten.com\/fi\/produkt\/american-crew-daily-deep-moisturizing-shampoo-1000ml\/"},"modified":"2026-04-14T10:08:27","modified_gmt":"2026-04-14T10:08:27","slug":"american-crew-daily-deep-moisturizing-shampoo-1000ml","status":"publish","type":"product","link":"https:\/\/stylingagenten.com\/fi\/tuote\/american-crew-daily-deep-moisturizing-shampoo-1000ml\/","title":{"rendered":"American Crew Daily Deep Moisturizing Shampoo 1000ml"},"content":{"rendered":"<p>American Crew Daily Deep Moisturizing Shampoo on miedosti puhdistava shampoo, jota voidaan k\u00e4ytt\u00e4\u00e4 p\u00e4ivitt\u00e4in. Se lis\u00e4\u00e4 kosteutta ja hoitoa hiuksiin sek\u00e4 kuivalle ja \u00e4rtyneelle p\u00e4\u00e4nahalle. Sis\u00e4lt\u00e4\u00e4 luonnollisia puhdistavia uutteita, jotka eiv\u00e4t poista hiuksista luonnollisia \u00f6ljyj\u00e4. Vehn\u00e4proteiini ja riisipapu\u00f6ljy antavat kiiltoa, kosteutta ja voimaa, ja timjami ja rosmariini stimuloivat p\u00e4\u00e4nahkaa. Mukautettu rakentamaan vaurioituneita hiuksia. Silikoniton ja vegaaninen koostumus.<\/p>\n","protected":false},"excerpt":{"rendered":"<p>American Crew Daily Deep Moisturizing Shampoo on miedosti puhdistava shampoo, jota voidaan k\u00e4ytt\u00e4\u00e4 p\u00e4ivitt\u00e4in. Se lis\u00e4\u00e4 kosteutta ja hoitoa hiuksiin sek\u00e4 kuivalle ja \u00e4rtyneelle p\u00e4\u00e4nahalle. Sis\u00e4lt\u00e4\u00e4 luonnollisia puhdistavia uutteita, jotka eiv\u00e4t poista hiuksista luonnollisia \u00f6ljyj\u00e4. Vehn\u00e4proteiini ja riisipapu\u00f6ljy antavat kiiltoa, kosteutta ja voimaa, ja timjami ja rosmariini stimuloivat p\u00e4\u00e4nahkaa. Mukautettu rakentamaan vaurioituneita hiuksia. Silikoniton ja [&hellip;]<\/p>\n","protected":false},"featured_media":141256,"comment_status":"open","ping_status":"closed","template":"","meta":{"_trash_the_other_posts":false},"product_brand":[],"product_cat":[563],"product_tag":[2366],"berocket_brand":[1071],"class_list":{"0":"post-141258","1":"product","2":"type-product","3":"status-publish","4":"has-post-thumbnail","6":"product_cat-shampoo","7":"product_tag-american-crew-daily-deep-moisturizing-shampoo","8":"pa_brand-american-crew","9":"pa_variantti-1000ml","10":"berocket_brand-american-crew","12":"first","13":"instock","14":"sale","15":"taxable","16":"shipping-taxable","17":"purchasable","18":"product-type-simple"},"_links":{"self":[{"href":"https:\/\/stylingagenten.com\/fi\/wp-json\/wp\/v2\/product\/141258","targetHints":{"allow":["GET"]}}],"collection":[{"href":"https:\/\/stylingagenten.com\/fi\/wp-json\/wp\/v2\/product"}],"about":[{"href":"https:\/\/stylingagenten.com\/fi\/wp-json\/wp\/v2\/types\/product"}],"replies":[{"embeddable":true,"href":"https:\/\/stylingagenten.com\/fi\/wp-json\/wp\/v2\/comments?post=141258"}],"version-history":[{"count":0,"href":"https:\/\/stylingagenten.com\/fi\/wp-json\/wp\/v2\/product\/141258\/revisions"}],"wp:featuredmedia":[{"embeddable":true,"href":"https:\/\/stylingagenten.com\/fi\/wp-json\/wp\/v2\/media\/141256"}],"wp:attachment":[{"href":"https:\/\/stylingagenten.com\/fi\/wp-json\/wp\/v2\/media?parent=141258"}],"wp:term":[{"taxonomy":"product_brand","embeddable":true,"href":"https:\/\/stylingagenten.com\/fi\/wp-json\/wp\/v2\/product_brand?post=141258"},{"taxonomy":"product_cat","embeddable":true,"href":"https:\/\/stylingagenten.com\/fi\/wp-json\/wp\/v2\/product_cat?post=141258"},{"taxonomy":"product_tag","embeddable":true,"href":"https:\/\/stylingagenten.com\/fi\/wp-json\/wp\/v2\/product_tag?post=141258"},{"taxonomy":"berocket_brand","embeddable":true,"href":"https:\/\/stylingagenten.com\/fi\/wp-json\/wp\/v2\/berocket_brand?post=141258"}],"curies":[{"name":"wp","href":"https:\/\/api.w.org\/{rel}","templated":true}]}}