{"id":141237,"date":"2025-05-18T23:12:17","date_gmt":"2025-05-18T23:12:17","guid":{"rendered":"https:\/\/staging2.stylingagenten.com\/fi\/produkt\/sachajuan-normal-hair-shampoo-100ml\/"},"modified":"2026-03-11T21:50:11","modified_gmt":"2026-03-11T21:50:11","slug":"sachajuan-normal-hair-shampoo-100ml","status":"publish","type":"product","link":"https:\/\/stylingagenten.com\/fi\/tuote\/sachajuan-normal-hair-shampoo-100ml\/","title":{"rendered":"SACHAJUAN Normal Hair Shampoo 100ml"},"content":{"rendered":"<p>SACHAJUAN Normal Hair Shampoo on miedosti puhdistava ja hoitava shampoo normaaleille hiuksille. Ocean Silk Technology stimuloi p\u00e4\u00e4nahkaa ja hiuksia, mik\u00e4 antaa optimaalisen volyymin ja kiillon.<\/p>\n<p>100ml<\/p>\n","protected":false},"excerpt":{"rendered":"<p>SACHAJUAN Normal Hair Shampoo on miedosti puhdistava ja hoitava shampoo normaaleille hiuksille. Ocean Silk Technology stimuloi p\u00e4\u00e4nahkaa ja hiuksia, mik\u00e4 antaa optimaalisen volyymin ja kiillon. 100ml<\/p>\n","protected":false},"featured_media":141235,"comment_status":"open","ping_status":"closed","template":"","meta":{"_trash_the_other_posts":false},"product_brand":[],"product_cat":[563],"product_tag":[3954],"berocket_brand":[1409],"class_list":{"0":"post-141237","1":"product","2":"type-product","3":"status-publish","4":"has-post-thumbnail","6":"product_cat-shampoo","7":"product_tag-sachajuan-normal-hair-shampoo","8":"pa_brand-sachajuan","9":"pa_variantti-100ml","10":"berocket_brand-sachajuan","12":"first","13":"instock","14":"sale","15":"taxable","16":"shipping-taxable","17":"purchasable","18":"product-type-simple"},"_links":{"self":[{"href":"https:\/\/stylingagenten.com\/fi\/wp-json\/wp\/v2\/product\/141237","targetHints":{"allow":["GET"]}}],"collection":[{"href":"https:\/\/stylingagenten.com\/fi\/wp-json\/wp\/v2\/product"}],"about":[{"href":"https:\/\/stylingagenten.com\/fi\/wp-json\/wp\/v2\/types\/product"}],"replies":[{"embeddable":true,"href":"https:\/\/stylingagenten.com\/fi\/wp-json\/wp\/v2\/comments?post=141237"}],"version-history":[{"count":0,"href":"https:\/\/stylingagenten.com\/fi\/wp-json\/wp\/v2\/product\/141237\/revisions"}],"wp:featuredmedia":[{"embeddable":true,"href":"https:\/\/stylingagenten.com\/fi\/wp-json\/wp\/v2\/media\/141235"}],"wp:attachment":[{"href":"https:\/\/stylingagenten.com\/fi\/wp-json\/wp\/v2\/media?parent=141237"}],"wp:term":[{"taxonomy":"product_brand","embeddable":true,"href":"https:\/\/stylingagenten.com\/fi\/wp-json\/wp\/v2\/product_brand?post=141237"},{"taxonomy":"product_cat","embeddable":true,"href":"https:\/\/stylingagenten.com\/fi\/wp-json\/wp\/v2\/product_cat?post=141237"},{"taxonomy":"product_tag","embeddable":true,"href":"https:\/\/stylingagenten.com\/fi\/wp-json\/wp\/v2\/product_tag?post=141237"},{"taxonomy":"berocket_brand","embeddable":true,"href":"https:\/\/stylingagenten.com\/fi\/wp-json\/wp\/v2\/berocket_brand?post=141237"}],"curies":[{"name":"wp","href":"https:\/\/api.w.org\/{rel}","templated":true}]}}