{"id":141236,"date":"2025-05-18T23:12:17","date_gmt":"2025-05-18T23:12:17","guid":{"rendered":"https:\/\/staging2.stylingagenten.com\/fi\/produkt\/sachajuan-ocean-mist-volume-shampoo-100ml\/"},"modified":"2026-03-11T21:47:37","modified_gmt":"2026-03-11T21:47:37","slug":"sachajuan-ocean-mist-volume-shampoo-100ml","status":"publish","type":"product","link":"https:\/\/stylingagenten.com\/fi\/tuote\/sachajuan-ocean-mist-volume-shampoo-100ml\/","title":{"rendered":"SACHAJUAN Ocean Mist Volume Shampoo 100ml"},"content":{"rendered":"<p>SACHAJUAN Ocean Mist Volume Shampoo on syv\u00e4sti muotoiltu shampoo, jonka tavoitteena on vahvistaa elottomat hiukset.<\/p>\n<p>Muokattu myydyimm\u00e4st\u00e4 hiustenmuotoilutuotteesta Ocean Mist, Ocean Mist Volume Shampoo antaa hiuksille haluttua lis\u00e4\u00e4 volyymia ja samalla saavuttaa kiilt\u00e4v\u00e4, raikas viimeistely. T\u00e4ydellinen kaikille hiustyypeille ja pituuksille, Ocean Mist Volume Shampoo on erityisen tehokas ohuille hiuksille, jotka kaipaavat kohotusta.<\/p>\n<p>100ml<\/p>\n","protected":false},"excerpt":{"rendered":"<p>SACHAJUAN Ocean Mist Volume Shampoo on syv\u00e4sti muotoiltu shampoo, jonka tavoitteena on vahvistaa elottomat hiukset. Muokattu myydyimm\u00e4st\u00e4 hiustenmuotoilutuotteesta Ocean Mist, Ocean Mist Volume Shampoo antaa hiuksille haluttua lis\u00e4\u00e4 volyymia ja samalla saavuttaa kiilt\u00e4v\u00e4, raikas viimeistely. T\u00e4ydellinen kaikille hiustyypeille ja pituuksille, Ocean Mist Volume Shampoo on erityisen tehokas ohuille hiuksille, jotka kaipaavat kohotusta. 100ml<\/p>\n","protected":false},"featured_media":141234,"comment_status":"open","ping_status":"closed","template":"","meta":{"_trash_the_other_posts":false},"product_brand":[],"product_cat":[563],"product_tag":[3957],"berocket_brand":[1409],"class_list":{"0":"post-141236","1":"product","2":"type-product","3":"status-publish","4":"has-post-thumbnail","6":"product_cat-shampoo","7":"product_tag-sachajuan-ocean-mist-volume-shampoo","8":"pa_brand-sachajuan","9":"pa_variantti-100ml","10":"berocket_brand-sachajuan","12":"first","13":"instock","14":"sale","15":"taxable","16":"shipping-taxable","17":"purchasable","18":"product-type-simple"},"_links":{"self":[{"href":"https:\/\/stylingagenten.com\/fi\/wp-json\/wp\/v2\/product\/141236","targetHints":{"allow":["GET"]}}],"collection":[{"href":"https:\/\/stylingagenten.com\/fi\/wp-json\/wp\/v2\/product"}],"about":[{"href":"https:\/\/stylingagenten.com\/fi\/wp-json\/wp\/v2\/types\/product"}],"replies":[{"embeddable":true,"href":"https:\/\/stylingagenten.com\/fi\/wp-json\/wp\/v2\/comments?post=141236"}],"version-history":[{"count":0,"href":"https:\/\/stylingagenten.com\/fi\/wp-json\/wp\/v2\/product\/141236\/revisions"}],"wp:featuredmedia":[{"embeddable":true,"href":"https:\/\/stylingagenten.com\/fi\/wp-json\/wp\/v2\/media\/141234"}],"wp:attachment":[{"href":"https:\/\/stylingagenten.com\/fi\/wp-json\/wp\/v2\/media?parent=141236"}],"wp:term":[{"taxonomy":"product_brand","embeddable":true,"href":"https:\/\/stylingagenten.com\/fi\/wp-json\/wp\/v2\/product_brand?post=141236"},{"taxonomy":"product_cat","embeddable":true,"href":"https:\/\/stylingagenten.com\/fi\/wp-json\/wp\/v2\/product_cat?post=141236"},{"taxonomy":"product_tag","embeddable":true,"href":"https:\/\/stylingagenten.com\/fi\/wp-json\/wp\/v2\/product_tag?post=141236"},{"taxonomy":"berocket_brand","embeddable":true,"href":"https:\/\/stylingagenten.com\/fi\/wp-json\/wp\/v2\/berocket_brand?post=141236"}],"curies":[{"name":"wp","href":"https:\/\/api.w.org\/{rel}","templated":true}]}}