{"id":141213,"date":"2025-05-18T23:12:13","date_gmt":"2025-05-18T23:12:13","guid":{"rendered":"https:\/\/staging2.stylingagenten.com\/fi\/produkt\/paul-mitchell-clean-beauty-blonde-shampoo-50ml\/"},"modified":"2026-04-08T15:28:29","modified_gmt":"2026-04-08T15:28:29","slug":"paul-mitchell-clean-beauty-blonde-shampoo-50ml","status":"publish","type":"product","link":"https:\/\/stylingagenten.com\/fi\/tuote\/paul-mitchell-clean-beauty-blonde-shampoo-50ml\/","title":{"rendered":"Paul Mitchell Clean Beauty Blonde Shampoo 50ml"},"content":{"rendered":"<p>Paul Mitchell Clean Beauty Blonde Shampoo on hopeashampoo, jossa on violetteja pigmenttej\u00e4. Puhdistaa hell\u00e4varaisesti vaaleat, kiharat, hopeiset tai harmaat hiukset ja eliminoi messingin s\u00e4vyj\u00e4.<br \/>Rikkastettu granaattiomenauutteen antioksidanteilla, joiden tiedet\u00e4\u00e4n ehk\u00e4isev\u00e4n v\u00e4rin haalistumista sek\u00e4 suojaavan ymp\u00e4rist\u00f6altistumiselta ja vapailta radikaaleilta.<\/p>\n<p>50ml<\/p>\n","protected":false},"excerpt":{"rendered":"<p>Paul Mitchell Clean Beauty Blonde Shampoo on hopeashampoo, jossa on violetteja pigmenttej\u00e4. Puhdistaa hell\u00e4varaisesti vaaleat, kiharat, hopeiset tai harmaat hiukset ja eliminoi messingin s\u00e4vyj\u00e4.Rikkastettu granaattiomenauutteen antioksidanteilla, joiden tiedet\u00e4\u00e4n ehk\u00e4isev\u00e4n v\u00e4rin haalistumista sek\u00e4 suojaavan ymp\u00e4rist\u00f6altistumiselta ja vapailta radikaaleilta. 50ml<\/p>\n","protected":false},"featured_media":141205,"comment_status":"open","ping_status":"closed","template":"","meta":{"_trash_the_other_posts":false},"product_brand":[],"product_cat":[563],"product_tag":[3757],"berocket_brand":[1053],"class_list":{"0":"post-141213","1":"product","2":"type-product","3":"status-publish","4":"has-post-thumbnail","6":"product_cat-shampoo","7":"product_tag-paul-mitchell-clean-beauty-blonde-shampoo","8":"pa_brand-paul-mitchell","9":"pa_variantti-50ml","10":"berocket_brand-paul-mitchell","12":"first","13":"instock","14":"sale","15":"taxable","16":"shipping-taxable","17":"purchasable","18":"product-type-simple"},"_links":{"self":[{"href":"https:\/\/stylingagenten.com\/fi\/wp-json\/wp\/v2\/product\/141213","targetHints":{"allow":["GET"]}}],"collection":[{"href":"https:\/\/stylingagenten.com\/fi\/wp-json\/wp\/v2\/product"}],"about":[{"href":"https:\/\/stylingagenten.com\/fi\/wp-json\/wp\/v2\/types\/product"}],"replies":[{"embeddable":true,"href":"https:\/\/stylingagenten.com\/fi\/wp-json\/wp\/v2\/comments?post=141213"}],"version-history":[{"count":0,"href":"https:\/\/stylingagenten.com\/fi\/wp-json\/wp\/v2\/product\/141213\/revisions"}],"wp:featuredmedia":[{"embeddable":true,"href":"https:\/\/stylingagenten.com\/fi\/wp-json\/wp\/v2\/media\/141205"}],"wp:attachment":[{"href":"https:\/\/stylingagenten.com\/fi\/wp-json\/wp\/v2\/media?parent=141213"}],"wp:term":[{"taxonomy":"product_brand","embeddable":true,"href":"https:\/\/stylingagenten.com\/fi\/wp-json\/wp\/v2\/product_brand?post=141213"},{"taxonomy":"product_cat","embeddable":true,"href":"https:\/\/stylingagenten.com\/fi\/wp-json\/wp\/v2\/product_cat?post=141213"},{"taxonomy":"product_tag","embeddable":true,"href":"https:\/\/stylingagenten.com\/fi\/wp-json\/wp\/v2\/product_tag?post=141213"},{"taxonomy":"berocket_brand","embeddable":true,"href":"https:\/\/stylingagenten.com\/fi\/wp-json\/wp\/v2\/berocket_brand?post=141213"}],"curies":[{"name":"wp","href":"https:\/\/api.w.org\/{rel}","templated":true}]}}