{"id":141193,"date":"2025-05-18T23:12:10","date_gmt":"2025-05-18T23:12:10","guid":{"rendered":"https:\/\/staging2.stylingagenten.com\/fi\/produkt\/paul-mitchell-platinum-plus-shampoo-300ml\/"},"modified":"2026-04-08T15:28:48","modified_gmt":"2026-04-08T15:28:48","slug":"paul-mitchell-platinum-plus-shampoo-300ml","status":"publish","type":"product","link":"https:\/\/stylingagenten.com\/fi\/tuote\/paul-mitchell-platinum-plus-shampoo-300ml\/","title":{"rendered":"Paul Mitchell Platinum Plus Shampoo 300ml"},"content":{"rendered":"<p>Paul Mitchell Platinum Plus Shampoo antaa syv\u00e4n violetin s\u00e4vyn keskivaaleisiin tai tummanvaaleisiin ja kiharaisiin hiuksiin.<br \/>Keski- ja tummanvaaleille ja kiharille hiuksille.<br \/>\u2022Eritt\u00e4in tiivistetty pigmentoitu violetti shampoo, joka korjaa nopeasti keltaisia \u200b\u200bs\u00e4vyj\u00e4. <br \/> \u2022Sis\u00e4lt\u00e4\u00e4 yhdistelm\u00e4n avokado-, Yangu-, Camellia- ja Abessinian \u00f6ljy\u00e4 kiiltoa varten. Hiukset tuntuvat pehmeilt\u00e4, \u200b\u200bkosteutetuilta ja saavat upean kiillon.<\/p>\n<p>300ml<\/p>\n","protected":false},"excerpt":{"rendered":"<p>Paul Mitchell Platinum Plus Shampoo antaa syv\u00e4n violetin s\u00e4vyn keskivaaleisiin tai tummanvaaleisiin ja kiharaisiin hiuksiin.Keski- ja tummanvaaleille ja kiharille hiuksille.\u2022Eritt\u00e4in tiivistetty pigmentoitu violetti shampoo, joka korjaa nopeasti keltaisia \u200b\u200bs\u00e4vyj\u00e4. \u2022Sis\u00e4lt\u00e4\u00e4 yhdistelm\u00e4n avokado-, Yangu-, Camellia- ja Abessinian \u00f6ljy\u00e4 kiiltoa varten. Hiukset tuntuvat pehmeilt\u00e4, \u200b\u200bkosteutetuilta ja saavat upean kiillon. 300ml<\/p>\n","protected":false},"featured_media":141170,"comment_status":"open","ping_status":"closed","template":"","meta":{"_trash_the_other_posts":false},"product_brand":[],"product_cat":[563],"product_tag":[3791],"berocket_brand":[1053],"class_list":{"0":"post-141193","1":"product","2":"type-product","3":"status-publish","4":"has-post-thumbnail","6":"product_cat-shampoo","7":"product_tag-paul-mitchell-platinum-plus-shampoo","8":"pa_brand-paul-mitchell","9":"pa_variantti-300ml","10":"berocket_brand-paul-mitchell","12":"first","13":"instock","14":"sale","15":"taxable","16":"shipping-taxable","17":"purchasable","18":"product-type-simple"},"_links":{"self":[{"href":"https:\/\/stylingagenten.com\/fi\/wp-json\/wp\/v2\/product\/141193","targetHints":{"allow":["GET"]}}],"collection":[{"href":"https:\/\/stylingagenten.com\/fi\/wp-json\/wp\/v2\/product"}],"about":[{"href":"https:\/\/stylingagenten.com\/fi\/wp-json\/wp\/v2\/types\/product"}],"replies":[{"embeddable":true,"href":"https:\/\/stylingagenten.com\/fi\/wp-json\/wp\/v2\/comments?post=141193"}],"version-history":[{"count":0,"href":"https:\/\/stylingagenten.com\/fi\/wp-json\/wp\/v2\/product\/141193\/revisions"}],"wp:featuredmedia":[{"embeddable":true,"href":"https:\/\/stylingagenten.com\/fi\/wp-json\/wp\/v2\/media\/141170"}],"wp:attachment":[{"href":"https:\/\/stylingagenten.com\/fi\/wp-json\/wp\/v2\/media?parent=141193"}],"wp:term":[{"taxonomy":"product_brand","embeddable":true,"href":"https:\/\/stylingagenten.com\/fi\/wp-json\/wp\/v2\/product_brand?post=141193"},{"taxonomy":"product_cat","embeddable":true,"href":"https:\/\/stylingagenten.com\/fi\/wp-json\/wp\/v2\/product_cat?post=141193"},{"taxonomy":"product_tag","embeddable":true,"href":"https:\/\/stylingagenten.com\/fi\/wp-json\/wp\/v2\/product_tag?post=141193"},{"taxonomy":"berocket_brand","embeddable":true,"href":"https:\/\/stylingagenten.com\/fi\/wp-json\/wp\/v2\/berocket_brand?post=141193"}],"curies":[{"name":"wp","href":"https:\/\/api.w.org\/{rel}","templated":true}]}}