{"id":141120,"date":"2025-05-18T23:12:01","date_gmt":"2025-05-18T23:12:01","guid":{"rendered":"https:\/\/staging2.stylingagenten.com\/fi\/produkt\/paul-mitchell-awapuhi-wild-ginger-hydrasoft-shampoo-250ml\/"},"modified":"2026-04-08T15:29:09","modified_gmt":"2026-04-08T15:29:09","slug":"paul-mitchell-awapuhi-wild-ginger-hydrasoft-shampoo-250ml","status":"publish","type":"product","link":"https:\/\/stylingagenten.com\/fi\/tuote\/paul-mitchell-awapuhi-wild-ginger-hydrasoft-shampoo-250ml\/","title":{"rendered":"Paul Mitchell Awapuhi Wild Ginger HydraSoft Shampoo 250ml"},"content":{"rendered":"<p>Koe hyvin hoidetun hiuksen luksus Paul Mitchell Awapuhi Wild Ginger HydraSoft Shampoolla. T\u00e4m\u00e4 shampoo on ratkaisu hiustesi luonnollisen kauneuden ja terveyden palauttamiseen. HydraSoft Shampoo menee pidemm\u00e4lle kuin pelkk\u00e4 puhdistus \u2013 se hoitaa ja t\u00e4ydent\u00e4\u00e4 hiuksia samalla, kun se tarjoaa optimaalista kosteutta ilman, ett\u00e4 hiukset latistuvat!<\/p>\n<p>Kiitos innovatiivisen HydraTriplex\u2122-sekoituksen, joka koostuu aminohapoista, kasviproteiinista ja ravitsevista \u00f6ljyist\u00e4, hiukset saavat syv\u00e4kosteutusta, ja kosteus sitoutuu ja sulkeutuu pitk\u00e4kestoisen vaikutuksen saavuttamiseksi. T\u00e4m\u00e4 ainutlaatuinen yhdistelm\u00e4 ainesosia toimii harmonisesti vahvistaakseen ja suojellakseen jokaista hiusta.<\/p>\n<p>Hyaluronihapolla, vegaanikollageenilla ja kasviuutteilla rikastettu HydraSoft Shampoo antaa ylivoimaista kosteutusta ilman, ett\u00e4 hiukset latistuvat. Hiuksesi tuntuvat silkinpehmeilt\u00e4 ja saavat luonnollisen kiillon!<\/p>\n<p>250ml<\/p>\n","protected":false},"excerpt":{"rendered":"<p>Koe hyvin hoidetun hiuksen luksus Paul Mitchell Awapuhi Wild Ginger HydraSoft Shampoolla. T\u00e4m\u00e4 shampoo on ratkaisu hiustesi luonnollisen kauneuden ja terveyden palauttamiseen. HydraSoft Shampoo menee pidemm\u00e4lle kuin pelkk\u00e4 puhdistus \u2013 se hoitaa ja t\u00e4ydent\u00e4\u00e4 hiuksia samalla, kun se tarjoaa optimaalista kosteutta ilman, ett\u00e4 hiukset latistuvat! Kiitos innovatiivisen HydraTriplex\u2122-sekoituksen, joka koostuu aminohapoista, kasviproteiinista ja ravitsevista \u00f6ljyist\u00e4, [&hellip;]<\/p>\n","protected":false},"featured_media":141087,"comment_status":"open","ping_status":"closed","template":"","meta":{"_trash_the_other_posts":false},"product_brand":[],"product_cat":[563],"product_tag":[3752],"berocket_brand":[1053],"class_list":{"0":"post-141120","1":"product","2":"type-product","3":"status-publish","4":"has-post-thumbnail","6":"product_cat-shampoo","7":"product_tag-paul-mitchell-awapuhi-wild-ginger-hydrasoft-shampoo","8":"pa_brand-paul-mitchell","9":"pa_variantti-250ml","10":"berocket_brand-paul-mitchell","12":"first","13":"outofstock","14":"sale","15":"taxable","16":"shipping-taxable","17":"purchasable","18":"product-type-simple"},"_links":{"self":[{"href":"https:\/\/stylingagenten.com\/fi\/wp-json\/wp\/v2\/product\/141120","targetHints":{"allow":["GET"]}}],"collection":[{"href":"https:\/\/stylingagenten.com\/fi\/wp-json\/wp\/v2\/product"}],"about":[{"href":"https:\/\/stylingagenten.com\/fi\/wp-json\/wp\/v2\/types\/product"}],"replies":[{"embeddable":true,"href":"https:\/\/stylingagenten.com\/fi\/wp-json\/wp\/v2\/comments?post=141120"}],"version-history":[{"count":0,"href":"https:\/\/stylingagenten.com\/fi\/wp-json\/wp\/v2\/product\/141120\/revisions"}],"wp:featuredmedia":[{"embeddable":true,"href":"https:\/\/stylingagenten.com\/fi\/wp-json\/wp\/v2\/media\/141087"}],"wp:attachment":[{"href":"https:\/\/stylingagenten.com\/fi\/wp-json\/wp\/v2\/media?parent=141120"}],"wp:term":[{"taxonomy":"product_brand","embeddable":true,"href":"https:\/\/stylingagenten.com\/fi\/wp-json\/wp\/v2\/product_brand?post=141120"},{"taxonomy":"product_cat","embeddable":true,"href":"https:\/\/stylingagenten.com\/fi\/wp-json\/wp\/v2\/product_cat?post=141120"},{"taxonomy":"product_tag","embeddable":true,"href":"https:\/\/stylingagenten.com\/fi\/wp-json\/wp\/v2\/product_tag?post=141120"},{"taxonomy":"berocket_brand","embeddable":true,"href":"https:\/\/stylingagenten.com\/fi\/wp-json\/wp\/v2\/berocket_brand?post=141120"}],"curies":[{"name":"wp","href":"https:\/\/api.w.org\/{rel}","templated":true}]}}