{"id":141060,"date":"2025-05-18T23:11:53","date_gmt":"2025-05-18T23:11:53","guid":{"rendered":"https:\/\/staging2.stylingagenten.com\/fi\/produkt\/bjork-hojd-volume-shampoo-300ml\/"},"modified":"2026-03-16T09:30:42","modified_gmt":"2026-03-16T09:30:42","slug":"bjork-hojd-volume-shampoo-300ml","status":"publish","type":"product","link":"https:\/\/stylingagenten.com\/fi\/tuote\/bjork-hojd-volume-shampoo-300ml\/","title":{"rendered":"Bj\u00f6rk H\u00d6JD Volume Shampoo 300ml"},"content":{"rendered":"<p>Bj\u00f6rk H\u00d6JD Volume Shampoo on tuuheuttava shampoo ohuille, hienoille ja elottomille hiuksille. Vitamiini B5<br \/>\n<br \/>ja koivun uutteen yhdistelm\u00e4 antaa volyymia, t\u00e4ytel\u00e4isyytt\u00e4, kimmoisuutta, vahvistaa hiusten rakennetta ja rauhoittaa p\u00e4\u00e4nahkaa.<\/p>\n<p>Tuoksu: Ylellinen, kukkainen tuoksu, jossa on vivahteita passionhedelm\u00e4st\u00e4 ja omenasta.<\/p>\n<p>300 ml<\/p>\n","protected":false},"excerpt":{"rendered":"<p>Bj\u00f6rk H\u00d6JD Volume Shampoo on tuuheuttava shampoo ohuille, hienoille ja elottomille hiuksille. Vitamiini B5 ja koivun uutteen yhdistelm\u00e4 antaa volyymia, t\u00e4ytel\u00e4isyytt\u00e4, kimmoisuutta, vahvistaa hiusten rakennetta ja rauhoittaa p\u00e4\u00e4nahkaa. Tuoksu: Ylellinen, kukkainen tuoksu, jossa on vivahteita passionhedelm\u00e4st\u00e4 ja omenasta. 300 ml<\/p>\n","protected":false},"featured_media":141056,"comment_status":"open","ping_status":"closed","template":"","meta":{"_trash_the_other_posts":false},"product_brand":[],"product_cat":[563],"product_tag":[2566],"berocket_brand":[1418],"class_list":{"0":"post-141060","1":"product","2":"type-product","3":"status-publish","4":"has-post-thumbnail","6":"product_cat-shampoo","7":"product_tag-bjork-hojd-volume-shampoo","8":"pa_brand-bjork","9":"pa_variantti-300ml","10":"berocket_brand-bjork","12":"first","13":"instock","14":"sale","15":"taxable","16":"shipping-taxable","17":"purchasable","18":"product-type-simple"},"_links":{"self":[{"href":"https:\/\/stylingagenten.com\/fi\/wp-json\/wp\/v2\/product\/141060","targetHints":{"allow":["GET"]}}],"collection":[{"href":"https:\/\/stylingagenten.com\/fi\/wp-json\/wp\/v2\/product"}],"about":[{"href":"https:\/\/stylingagenten.com\/fi\/wp-json\/wp\/v2\/types\/product"}],"replies":[{"embeddable":true,"href":"https:\/\/stylingagenten.com\/fi\/wp-json\/wp\/v2\/comments?post=141060"}],"version-history":[{"count":0,"href":"https:\/\/stylingagenten.com\/fi\/wp-json\/wp\/v2\/product\/141060\/revisions"}],"wp:featuredmedia":[{"embeddable":true,"href":"https:\/\/stylingagenten.com\/fi\/wp-json\/wp\/v2\/media\/141056"}],"wp:attachment":[{"href":"https:\/\/stylingagenten.com\/fi\/wp-json\/wp\/v2\/media?parent=141060"}],"wp:term":[{"taxonomy":"product_brand","embeddable":true,"href":"https:\/\/stylingagenten.com\/fi\/wp-json\/wp\/v2\/product_brand?post=141060"},{"taxonomy":"product_cat","embeddable":true,"href":"https:\/\/stylingagenten.com\/fi\/wp-json\/wp\/v2\/product_cat?post=141060"},{"taxonomy":"product_tag","embeddable":true,"href":"https:\/\/stylingagenten.com\/fi\/wp-json\/wp\/v2\/product_tag?post=141060"},{"taxonomy":"berocket_brand","embeddable":true,"href":"https:\/\/stylingagenten.com\/fi\/wp-json\/wp\/v2\/berocket_brand?post=141060"}],"curies":[{"name":"wp","href":"https:\/\/api.w.org\/{rel}","templated":true}]}}