{"id":141059,"date":"2025-05-18T23:11:53","date_gmt":"2025-05-18T23:11:53","guid":{"rendered":"https:\/\/staging2.stylingagenten.com\/fi\/produkt\/olaplex-no-4p-blonde-enhancer-toning-shampoo-1000ml\/"},"modified":"2026-04-08T15:30:11","modified_gmt":"2026-04-08T15:30:11","slug":"olaplex-no-4p-blonde-enhancer-toning-shampoo-1000ml","status":"publish","type":"product","link":"https:\/\/stylingagenten.com\/fi\/tuote\/olaplex-no-4p-blonde-enhancer-toning-shampoo-1000ml\/","title":{"rendered":"Olaplex No.4P Blonde Enhancer Toning Shampoo 1000ml"},"content":{"rendered":"<p>OLAPLEX No. 4P Blonde Enhancer Toning Shampoo puhdistaa, s\u00e4vytt\u00e4\u00e4 ja korjaa samalla, kun se pit\u00e4\u00e4 hiukset kosteutettuina juurista latvoihin. T\u00e4m\u00e4 eritt\u00e4in tiivistetty, sulfaatiton shampoo muodostaa runsaan vaahdon neutraloimaan keltaisuutta ja lis\u00e4\u00e4m\u00e4\u00e4n kirkkautta jo yhdell\u00e4 k\u00e4ytt\u00f6kerralla.<\/p>\n<p>Edut:<\/p>\n<p>Vahvistaa, kosteuttaa ja neutralisoi keltaisia s\u00e4vyj\u00e4<br \/>\n<br \/>Sopii kaikille vaaleille, vaalennetuille ja harmaille hiuksille<br \/>\n<br \/>Sis\u00e4lt\u00e4\u00e4 OLAPLEXin patentoitua sidoksia rakentavaa teknologiaa, joka j\u00e4lleenrakentaa rikkoutuneita ja heikentyneit\u00e4 sidoksia<br \/>\n<br \/>Sopii kaikille hiustyypeille<br \/>\n<br \/>pH tasapainotettu<br \/>\n<br \/>Cruelty Free<br \/>\n<br \/>Kliiniset tulokset:<\/p>\n<p>Tieteellisesti todistettu: 3 kertaa kirkkaampi verrattuna myydyimpiin hopeashampoisiin<br \/>\n<br \/>1000ml<\/p>\n","protected":false},"excerpt":{"rendered":"<p>OLAPLEX No. 4P Blonde Enhancer Toning Shampoo puhdistaa, s\u00e4vytt\u00e4\u00e4 ja korjaa samalla, kun se pit\u00e4\u00e4 hiukset kosteutettuina juurista latvoihin. T\u00e4m\u00e4 eritt\u00e4in tiivistetty, sulfaatiton shampoo muodostaa runsaan vaahdon neutraloimaan keltaisuutta ja lis\u00e4\u00e4m\u00e4\u00e4n kirkkautta jo yhdell\u00e4 k\u00e4ytt\u00f6kerralla. Edut: Vahvistaa, kosteuttaa ja neutralisoi keltaisia s\u00e4vyj\u00e4 Sopii kaikille vaaleille, vaalennetuille ja harmaille hiuksille Sis\u00e4lt\u00e4\u00e4 OLAPLEXin patentoitua sidoksia rakentavaa teknologiaa, [&hellip;]<\/p>\n","protected":false},"featured_media":141051,"comment_status":"open","ping_status":"closed","template":"","meta":{"_trash_the_other_posts":false},"product_brand":[],"product_cat":[563],"product_tag":[3722],"berocket_brand":[1023],"class_list":{"0":"post-141059","1":"product","2":"type-product","3":"status-publish","4":"has-post-thumbnail","6":"product_cat-shampoo","7":"product_tag-olaplex-no-4p-blonde-enhancer-toning-shampoo","8":"pa_brand-olaplex","9":"pa_variantti-1000ml","10":"berocket_brand-olaplex","12":"first","13":"instock","14":"sale","15":"taxable","16":"shipping-taxable","17":"purchasable","18":"product-type-simple"},"_links":{"self":[{"href":"https:\/\/stylingagenten.com\/fi\/wp-json\/wp\/v2\/product\/141059","targetHints":{"allow":["GET"]}}],"collection":[{"href":"https:\/\/stylingagenten.com\/fi\/wp-json\/wp\/v2\/product"}],"about":[{"href":"https:\/\/stylingagenten.com\/fi\/wp-json\/wp\/v2\/types\/product"}],"replies":[{"embeddable":true,"href":"https:\/\/stylingagenten.com\/fi\/wp-json\/wp\/v2\/comments?post=141059"}],"version-history":[{"count":0,"href":"https:\/\/stylingagenten.com\/fi\/wp-json\/wp\/v2\/product\/141059\/revisions"}],"wp:featuredmedia":[{"embeddable":true,"href":"https:\/\/stylingagenten.com\/fi\/wp-json\/wp\/v2\/media\/141051"}],"wp:attachment":[{"href":"https:\/\/stylingagenten.com\/fi\/wp-json\/wp\/v2\/media?parent=141059"}],"wp:term":[{"taxonomy":"product_brand","embeddable":true,"href":"https:\/\/stylingagenten.com\/fi\/wp-json\/wp\/v2\/product_brand?post=141059"},{"taxonomy":"product_cat","embeddable":true,"href":"https:\/\/stylingagenten.com\/fi\/wp-json\/wp\/v2\/product_cat?post=141059"},{"taxonomy":"product_tag","embeddable":true,"href":"https:\/\/stylingagenten.com\/fi\/wp-json\/wp\/v2\/product_tag?post=141059"},{"taxonomy":"berocket_brand","embeddable":true,"href":"https:\/\/stylingagenten.com\/fi\/wp-json\/wp\/v2\/berocket_brand?post=141059"}],"curies":[{"name":"wp","href":"https:\/\/api.w.org\/{rel}","templated":true}]}}