{"id":141047,"date":"2025-05-18T23:11:51","date_gmt":"2025-05-18T23:11:51","guid":{"rendered":"https:\/\/staging2.stylingagenten.com\/fi\/produkt\/goldwell-dualsenses-scalp-specialist-deep-cleansing-shampoo-250ml\/"},"modified":"2026-04-12T19:57:27","modified_gmt":"2026-04-12T19:57:27","slug":"goldwell-dualsenses-scalp-specialist-deep-cleansing-shampoo-250ml","status":"publish","type":"product","link":"https:\/\/stylingagenten.com\/fi\/tuote\/goldwell-dualsenses-scalp-specialist-deep-cleansing-shampoo-250ml\/","title":{"rendered":"Goldwell Dualsenses Scalp Specialist Deep Cleansing Shampoo 250ml"},"content":{"rendered":"<p>Goldwell Dualsenses Scalp Specialist Deep Cleansing Shampoo on shampoo kaikille hiustyypeille, joka sis\u00e4lt\u00e4\u00e4 microPROtec complexia, pantenolia ja punaisen vadelman siemen\u00f6ljy\u00e4. Se antaa heti puhtaan ja raikkaan tunteen p\u00e4\u00e4nahkaan. Poistaa muotoiluj\u00e4\u00e4m\u00e4t ja ymp\u00e4rist\u00f6n saasteet (hiilihiukkaset) hiuksista ja p\u00e4\u00e4nahasta.<\/p>\n<p>250ml<\/p>\n","protected":false},"excerpt":{"rendered":"<p>Goldwell Dualsenses Scalp Specialist Deep Cleansing Shampoo on shampoo kaikille hiustyypeille, joka sis\u00e4lt\u00e4\u00e4 microPROtec complexia, pantenolia ja punaisen vadelman siemen\u00f6ljy\u00e4. Se antaa heti puhtaan ja raikkaan tunteen p\u00e4\u00e4nahkaan. Poistaa muotoiluj\u00e4\u00e4m\u00e4t ja ymp\u00e4rist\u00f6n saasteet (hiilihiukkaset) hiuksista ja p\u00e4\u00e4nahasta. 250ml<\/p>\n","protected":false},"featured_media":141045,"comment_status":"open","ping_status":"closed","template":"","meta":{"_trash_the_other_posts":false},"product_brand":[],"product_cat":[563],"product_tag":[],"berocket_brand":[1328],"class_list":{"0":"post-141047","1":"product","2":"type-product","3":"status-publish","4":"has-post-thumbnail","6":"product_cat-shampoo","7":"pa_brand-goldwell","8":"berocket_brand-goldwell","10":"first","11":"instock","12":"sale","13":"taxable","14":"shipping-taxable","15":"purchasable","16":"product-type-simple"},"_links":{"self":[{"href":"https:\/\/stylingagenten.com\/fi\/wp-json\/wp\/v2\/product\/141047","targetHints":{"allow":["GET"]}}],"collection":[{"href":"https:\/\/stylingagenten.com\/fi\/wp-json\/wp\/v2\/product"}],"about":[{"href":"https:\/\/stylingagenten.com\/fi\/wp-json\/wp\/v2\/types\/product"}],"replies":[{"embeddable":true,"href":"https:\/\/stylingagenten.com\/fi\/wp-json\/wp\/v2\/comments?post=141047"}],"version-history":[{"count":0,"href":"https:\/\/stylingagenten.com\/fi\/wp-json\/wp\/v2\/product\/141047\/revisions"}],"wp:featuredmedia":[{"embeddable":true,"href":"https:\/\/stylingagenten.com\/fi\/wp-json\/wp\/v2\/media\/141045"}],"wp:attachment":[{"href":"https:\/\/stylingagenten.com\/fi\/wp-json\/wp\/v2\/media?parent=141047"}],"wp:term":[{"taxonomy":"product_brand","embeddable":true,"href":"https:\/\/stylingagenten.com\/fi\/wp-json\/wp\/v2\/product_brand?post=141047"},{"taxonomy":"product_cat","embeddable":true,"href":"https:\/\/stylingagenten.com\/fi\/wp-json\/wp\/v2\/product_cat?post=141047"},{"taxonomy":"product_tag","embeddable":true,"href":"https:\/\/stylingagenten.com\/fi\/wp-json\/wp\/v2\/product_tag?post=141047"},{"taxonomy":"berocket_brand","embeddable":true,"href":"https:\/\/stylingagenten.com\/fi\/wp-json\/wp\/v2\/berocket_brand?post=141047"}],"curies":[{"name":"wp","href":"https:\/\/api.w.org\/{rel}","templated":true}]}}