{"id":141034,"date":"2025-05-18T23:11:48","date_gmt":"2025-05-18T23:11:48","guid":{"rendered":"https:\/\/staging2.stylingagenten.com\/fi\/produkt\/bjork-lockar-curl-defining-shampoo-300ml\/"},"modified":"2026-04-14T20:58:29","modified_gmt":"2026-04-14T20:58:29","slug":"bjork-lockar-curl-defining-shampoo-300ml","status":"publish","type":"product","link":"https:\/\/stylingagenten.com\/fi\/tuote\/bjork-lockar-curl-defining-shampoo-300ml\/","title":{"rendered":"Bj\u00f6rk LOCKAR Curl Defining Shampoo 300ml"},"content":{"rendered":"<p>Bj\u00f6rk LOCKAR Curl Defining Shampoo on kosteuttava shampoo kiharoille ja laineikkaalle hiukselle. Se luo volyymia m\u00e4\u00e4rittelem\u00e4\u00e4n kiharoita, kimmoisuutta ja elastisuutta. Lempe\u00e4 ja mieto puhdistava koostumus koivu-, manteli- ja omena\u00f6ljyill\u00e4, jotka hoitavat ja v\u00e4hent\u00e4v\u00e4t p\u00f6rr\u00f6isyytt\u00e4 m\u00e4\u00e4ritellen kiharoita ilman, ett\u00e4 ne painavat niit\u00e4 alas. J\u00e4tt\u00e4\u00e4 hiukset kiilt\u00e4viksi, pehmeiksi ja t\u00e4ynn\u00e4 liikett\u00e4.<\/p>\n<p>Tuoksu: Hedelm\u00e4llinen ja raikas tuoksu persikan ja sitruksen vivahteilla.<\/p>\n<p>300 ml<\/p>\n","protected":false},"excerpt":{"rendered":"<p>Bj\u00f6rk LOCKAR Curl Defining Shampoo on kosteuttava shampoo kiharoille ja laineikkaalle hiukselle. Se luo volyymia m\u00e4\u00e4rittelem\u00e4\u00e4n kiharoita, kimmoisuutta ja elastisuutta. Lempe\u00e4 ja mieto puhdistava koostumus koivu-, manteli- ja omena\u00f6ljyill\u00e4, jotka hoitavat ja v\u00e4hent\u00e4v\u00e4t p\u00f6rr\u00f6isyytt\u00e4 m\u00e4\u00e4ritellen kiharoita ilman, ett\u00e4 ne painavat niit\u00e4 alas. J\u00e4tt\u00e4\u00e4 hiukset kiilt\u00e4viksi, pehmeiksi ja t\u00e4ynn\u00e4 liikett\u00e4. Tuoksu: Hedelm\u00e4llinen ja raikas tuoksu persikan [&hellip;]<\/p>\n","protected":false},"featured_media":141032,"comment_status":"open","ping_status":"closed","template":"","meta":{"_trash_the_other_posts":false},"product_brand":[],"product_cat":[563],"product_tag":[],"berocket_brand":[1418],"class_list":{"0":"post-141034","1":"product","2":"type-product","3":"status-publish","4":"has-post-thumbnail","6":"product_cat-shampoo","7":"pa_brand-bjork","8":"berocket_brand-bjork","10":"first","11":"instock","12":"sale","13":"taxable","14":"shipping-taxable","15":"purchasable","16":"product-type-simple"},"_links":{"self":[{"href":"https:\/\/stylingagenten.com\/fi\/wp-json\/wp\/v2\/product\/141034","targetHints":{"allow":["GET"]}}],"collection":[{"href":"https:\/\/stylingagenten.com\/fi\/wp-json\/wp\/v2\/product"}],"about":[{"href":"https:\/\/stylingagenten.com\/fi\/wp-json\/wp\/v2\/types\/product"}],"replies":[{"embeddable":true,"href":"https:\/\/stylingagenten.com\/fi\/wp-json\/wp\/v2\/comments?post=141034"}],"version-history":[{"count":0,"href":"https:\/\/stylingagenten.com\/fi\/wp-json\/wp\/v2\/product\/141034\/revisions"}],"wp:featuredmedia":[{"embeddable":true,"href":"https:\/\/stylingagenten.com\/fi\/wp-json\/wp\/v2\/media\/141032"}],"wp:attachment":[{"href":"https:\/\/stylingagenten.com\/fi\/wp-json\/wp\/v2\/media?parent=141034"}],"wp:term":[{"taxonomy":"product_brand","embeddable":true,"href":"https:\/\/stylingagenten.com\/fi\/wp-json\/wp\/v2\/product_brand?post=141034"},{"taxonomy":"product_cat","embeddable":true,"href":"https:\/\/stylingagenten.com\/fi\/wp-json\/wp\/v2\/product_cat?post=141034"},{"taxonomy":"product_tag","embeddable":true,"href":"https:\/\/stylingagenten.com\/fi\/wp-json\/wp\/v2\/product_tag?post=141034"},{"taxonomy":"berocket_brand","embeddable":true,"href":"https:\/\/stylingagenten.com\/fi\/wp-json\/wp\/v2\/berocket_brand?post=141034"}],"curies":[{"name":"wp","href":"https:\/\/api.w.org\/{rel}","templated":true}]}}