{"id":141006,"date":"2025-05-18T23:11:44","date_gmt":"2025-05-18T23:11:44","guid":{"rendered":"https:\/\/staging2.stylingagenten.com\/fi\/produkt\/milk_shake-curl-passion-shampoo-1000ml\/"},"modified":"2025-11-19T12:46:07","modified_gmt":"2025-11-19T12:46:07","slug":"milk_shake-curl-passion-shampoo-1000ml","status":"publish","type":"product","link":"https:\/\/stylingagenten.com\/fi\/tuote\/milk_shake-curl-passion-shampoo-1000ml\/","title":{"rendered":"Milk_Shake Curl Passion Shampoo 1000ml"},"content":{"rendered":"<p>Milk_Shake Curl Passion Shampoo on shampoo kiharille hiuksille. Se puhdistaa ja hoitaa hell\u00e4varaisesti ja syv\u00e4lt\u00e4 kaikentyyppisi\u00e4 hiuksia, tarjoten pehmeytt\u00e4 ja hallittavuutta. Auttaa tekem\u00e4\u00e4n kiharoista kimmoisat, joustavat ja pitk\u00e4kestoiset. Sis\u00e4lt\u00e4\u00e4 luomulaatuisia pracaxi- ja babassu\u00f6ljyj\u00e4, maitoproteiineja, hedelm\u00e4uutteita, Integrity 41\u00ae<br \/>\n<br \/>ja kvinoaproteiineja.<\/p>\n<p>1000ml<\/p>\n","protected":false},"excerpt":{"rendered":"<p>Milk_Shake Curl Passion Shampoo on shampoo kiharille hiuksille. Se puhdistaa ja hoitaa hell\u00e4varaisesti ja syv\u00e4lt\u00e4 kaikentyyppisi\u00e4 hiuksia, tarjoten pehmeytt\u00e4 ja hallittavuutta. Auttaa tekem\u00e4\u00e4n kiharoista kimmoisat, joustavat ja pitk\u00e4kestoiset. Sis\u00e4lt\u00e4\u00e4 luomulaatuisia pracaxi- ja babassu\u00f6ljyj\u00e4, maitoproteiineja, hedelm\u00e4uutteita, Integrity 41\u00ae ja kvinoaproteiineja. 1000ml<\/p>\n","protected":false},"featured_media":140998,"comment_status":"open","ping_status":"closed","template":"","meta":{"_trash_the_other_posts":false},"product_brand":[],"product_cat":[563],"product_tag":[3573],"berocket_brand":[1085],"class_list":{"0":"post-141006","1":"product","2":"type-product","3":"status-publish","4":"has-post-thumbnail","6":"product_cat-shampoo","7":"product_tag-milk_shake-curl-passion-shampoo","8":"pa_brand-milk_shake","9":"pa_variantti-1000ml","10":"berocket_brand-milk_shake","12":"first","13":"outofstock","14":"sale","15":"taxable","16":"shipping-taxable","17":"purchasable","18":"product-type-simple"},"_links":{"self":[{"href":"https:\/\/stylingagenten.com\/fi\/wp-json\/wp\/v2\/product\/141006","targetHints":{"allow":["GET"]}}],"collection":[{"href":"https:\/\/stylingagenten.com\/fi\/wp-json\/wp\/v2\/product"}],"about":[{"href":"https:\/\/stylingagenten.com\/fi\/wp-json\/wp\/v2\/types\/product"}],"replies":[{"embeddable":true,"href":"https:\/\/stylingagenten.com\/fi\/wp-json\/wp\/v2\/comments?post=141006"}],"version-history":[{"count":0,"href":"https:\/\/stylingagenten.com\/fi\/wp-json\/wp\/v2\/product\/141006\/revisions"}],"wp:featuredmedia":[{"embeddable":true,"href":"https:\/\/stylingagenten.com\/fi\/wp-json\/wp\/v2\/media\/140998"}],"wp:attachment":[{"href":"https:\/\/stylingagenten.com\/fi\/wp-json\/wp\/v2\/media?parent=141006"}],"wp:term":[{"taxonomy":"product_brand","embeddable":true,"href":"https:\/\/stylingagenten.com\/fi\/wp-json\/wp\/v2\/product_brand?post=141006"},{"taxonomy":"product_cat","embeddable":true,"href":"https:\/\/stylingagenten.com\/fi\/wp-json\/wp\/v2\/product_cat?post=141006"},{"taxonomy":"product_tag","embeddable":true,"href":"https:\/\/stylingagenten.com\/fi\/wp-json\/wp\/v2\/product_tag?post=141006"},{"taxonomy":"berocket_brand","embeddable":true,"href":"https:\/\/stylingagenten.com\/fi\/wp-json\/wp\/v2\/berocket_brand?post=141006"}],"curies":[{"name":"wp","href":"https:\/\/api.w.org\/{rel}","templated":true}]}}