{"id":140987,"date":"2025-05-18T23:11:41","date_gmt":"2025-05-18T23:11:41","guid":{"rendered":"https:\/\/staging2.stylingagenten.com\/fi\/produkt\/loreal-professionnel-serie-expert-vitamino-color-shampoo-300ml\/"},"modified":"2026-02-16T14:24:46","modified_gmt":"2026-02-16T14:24:46","slug":"loreal-professionnel-serie-expert-vitamino-color-shampoo-300ml","status":"publish","type":"product","link":"https:\/\/stylingagenten.com\/fi\/tuote\/loreal-professionnel-serie-expert-vitamino-color-shampoo-300ml\/","title":{"rendered":"L&#8217;Oreal Professionnel Serie Expert Vitamino Color Shampoo 300ml"},"content":{"rendered":"<p>L&#8217;Or\u00e9al Professionnel Serie Expert Vitamino Color Shampoo on shampoo v\u00e4rik\u00e4sitellyille hiuksille. Shampoo sis\u00e4lt\u00e4\u00e4 resveratroolia ja est\u00e4\u00e4 v\u00e4rin haalistumista jopa kahdeksan viikon ajan. Samalla se suojaa hiuskuituja kulumiselta ja antaa t\u00e4ydellisen, kiilt\u00e4v\u00e4n lopputuloksen. Poistaa ep\u00e4puhtauksia ja tekee hiuksista pehme\u00e4t juurista latvoihin.<\/p>\n<p>300ml<\/p>\n","protected":false},"excerpt":{"rendered":"<p>L&#8217;Or\u00e9al Professionnel Serie Expert Vitamino Color Shampoo on shampoo v\u00e4rik\u00e4sitellyille hiuksille. Shampoo sis\u00e4lt\u00e4\u00e4 resveratroolia ja est\u00e4\u00e4 v\u00e4rin haalistumista jopa kahdeksan viikon ajan. Samalla se suojaa hiuskuituja kulumiselta ja antaa t\u00e4ydellisen, kiilt\u00e4v\u00e4n lopputuloksen. Poistaa ep\u00e4puhtauksia ja tekee hiuksista pehme\u00e4t juurista latvoihin. 300ml<\/p>\n","protected":false},"featured_media":140966,"comment_status":"open","ping_status":"closed","template":"","meta":{"_trash_the_other_posts":false},"product_brand":[],"product_cat":[563],"product_tag":[3246],"berocket_brand":[2000],"class_list":{"0":"post-140987","1":"product","2":"type-product","3":"status-publish","4":"has-post-thumbnail","6":"product_cat-shampoo","7":"product_tag-loreal-professionnel-serie-expert-vitamino-color-shampoo","8":"pa_brand-loreal-paris","9":"pa_variantti-300ml","10":"berocket_brand-loreal-paris","12":"first","13":"instock","14":"sale","15":"taxable","16":"shipping-taxable","17":"purchasable","18":"product-type-simple"},"_links":{"self":[{"href":"https:\/\/stylingagenten.com\/fi\/wp-json\/wp\/v2\/product\/140987","targetHints":{"allow":["GET"]}}],"collection":[{"href":"https:\/\/stylingagenten.com\/fi\/wp-json\/wp\/v2\/product"}],"about":[{"href":"https:\/\/stylingagenten.com\/fi\/wp-json\/wp\/v2\/types\/product"}],"replies":[{"embeddable":true,"href":"https:\/\/stylingagenten.com\/fi\/wp-json\/wp\/v2\/comments?post=140987"}],"version-history":[{"count":0,"href":"https:\/\/stylingagenten.com\/fi\/wp-json\/wp\/v2\/product\/140987\/revisions"}],"wp:featuredmedia":[{"embeddable":true,"href":"https:\/\/stylingagenten.com\/fi\/wp-json\/wp\/v2\/media\/140966"}],"wp:attachment":[{"href":"https:\/\/stylingagenten.com\/fi\/wp-json\/wp\/v2\/media?parent=140987"}],"wp:term":[{"taxonomy":"product_brand","embeddable":true,"href":"https:\/\/stylingagenten.com\/fi\/wp-json\/wp\/v2\/product_brand?post=140987"},{"taxonomy":"product_cat","embeddable":true,"href":"https:\/\/stylingagenten.com\/fi\/wp-json\/wp\/v2\/product_cat?post=140987"},{"taxonomy":"product_tag","embeddable":true,"href":"https:\/\/stylingagenten.com\/fi\/wp-json\/wp\/v2\/product_tag?post=140987"},{"taxonomy":"berocket_brand","embeddable":true,"href":"https:\/\/stylingagenten.com\/fi\/wp-json\/wp\/v2\/berocket_brand?post=140987"}],"curies":[{"name":"wp","href":"https:\/\/api.w.org\/{rel}","templated":true}]}}