{"id":140982,"date":"2025-05-18T23:11:40","date_gmt":"2025-05-18T23:11:40","guid":{"rendered":"https:\/\/staging2.stylingagenten.com\/fi\/produkt\/milk_shake-silver-shine-shampoo-50ml\/"},"modified":"2026-03-11T21:47:31","modified_gmt":"2026-03-11T21:47:31","slug":"milk_shake-silver-shine-shampoo-50ml","status":"publish","type":"product","link":"https:\/\/stylingagenten.com\/fi\/tuote\/milk_shake-silver-shine-shampoo-50ml\/","title":{"rendered":"Milk_Shake Silver Shine Shampoo 50ml"},"content":{"rendered":"<p>Hopeashampoo, joka hell\u00e4varaisesti puhdistaa ja ehk\u00e4isee ei-toivottuja keltaisia s\u00e4vyj\u00e4 hiuksissa.<\/p>\n<p>Milk_Shake Silver Shine Shampoo puhdistaa hell\u00e4varaisesti violetilla pigmentill\u00e4\u00e4n, ehk\u00e4isee ei-toivottuja keltaisia tai kuparisia s\u00e4vyj\u00e4 luonnostaan vaaleissa tai valkaistuissa, harmaissa tai valkoisissa hiuksissa. Uudistaa hiuksia ravitsevilla ainesosillaan, kuten maitopeptidill\u00e4 ja mustikoiden vitamiineilla. Antaa hiuksillesi kiiltoa, pehmeytt\u00e4 ja elinvoimaa.<\/p>\n<p>50 ml<\/p>\n","protected":false},"excerpt":{"rendered":"<p>Hopeashampoo, joka hell\u00e4varaisesti puhdistaa ja ehk\u00e4isee ei-toivottuja keltaisia s\u00e4vyj\u00e4 hiuksissa. Milk_Shake Silver Shine Shampoo puhdistaa hell\u00e4varaisesti violetilla pigmentill\u00e4\u00e4n, ehk\u00e4isee ei-toivottuja keltaisia tai kuparisia s\u00e4vyj\u00e4 luonnostaan vaaleissa tai valkaistuissa, harmaissa tai valkoisissa hiuksissa. Uudistaa hiuksia ravitsevilla ainesosillaan, kuten maitopeptidill\u00e4 ja mustikoiden vitamiineilla. Antaa hiuksillesi kiiltoa, pehmeytt\u00e4 ja elinvoimaa. 50 ml<\/p>\n","protected":false},"featured_media":140974,"comment_status":"open","ping_status":"closed","template":"","meta":{"_trash_the_other_posts":false},"product_brand":[],"product_cat":[563],"product_tag":[3578],"berocket_brand":[1085],"class_list":{"0":"post-140982","1":"product","2":"type-product","3":"status-publish","4":"has-post-thumbnail","6":"product_cat-shampoo","7":"product_tag-milk_shake-silver-shine-shampoo","8":"pa_brand-milk_shake","9":"pa_variantti-50ml","10":"berocket_brand-milk_shake","12":"first","13":"instock","14":"sale","15":"taxable","16":"shipping-taxable","17":"purchasable","18":"product-type-simple"},"_links":{"self":[{"href":"https:\/\/stylingagenten.com\/fi\/wp-json\/wp\/v2\/product\/140982","targetHints":{"allow":["GET"]}}],"collection":[{"href":"https:\/\/stylingagenten.com\/fi\/wp-json\/wp\/v2\/product"}],"about":[{"href":"https:\/\/stylingagenten.com\/fi\/wp-json\/wp\/v2\/types\/product"}],"replies":[{"embeddable":true,"href":"https:\/\/stylingagenten.com\/fi\/wp-json\/wp\/v2\/comments?post=140982"}],"version-history":[{"count":0,"href":"https:\/\/stylingagenten.com\/fi\/wp-json\/wp\/v2\/product\/140982\/revisions"}],"wp:featuredmedia":[{"embeddable":true,"href":"https:\/\/stylingagenten.com\/fi\/wp-json\/wp\/v2\/media\/140974"}],"wp:attachment":[{"href":"https:\/\/stylingagenten.com\/fi\/wp-json\/wp\/v2\/media?parent=140982"}],"wp:term":[{"taxonomy":"product_brand","embeddable":true,"href":"https:\/\/stylingagenten.com\/fi\/wp-json\/wp\/v2\/product_brand?post=140982"},{"taxonomy":"product_cat","embeddable":true,"href":"https:\/\/stylingagenten.com\/fi\/wp-json\/wp\/v2\/product_cat?post=140982"},{"taxonomy":"product_tag","embeddable":true,"href":"https:\/\/stylingagenten.com\/fi\/wp-json\/wp\/v2\/product_tag?post=140982"},{"taxonomy":"berocket_brand","embeddable":true,"href":"https:\/\/stylingagenten.com\/fi\/wp-json\/wp\/v2\/berocket_brand?post=140982"}],"curies":[{"name":"wp","href":"https:\/\/api.w.org\/{rel}","templated":true}]}}