{"id":140976,"date":"2025-05-18T23:11:40","date_gmt":"2025-05-18T23:11:40","guid":{"rendered":"https:\/\/staging2.stylingagenten.com\/fi\/produkt\/balmain-moisturizing-shampoo-50ml\/"},"modified":"2026-03-11T21:44:49","modified_gmt":"2026-03-11T21:44:49","slug":"balmain-moisturizing-shampoo-50ml","status":"publish","type":"product","link":"https:\/\/stylingagenten.com\/fi\/tuote\/balmain-moisturizing-shampoo-50ml\/","title":{"rendered":"Balmain Moisturizing Shampoo 50ml"},"content":{"rendered":"<p>Kosteuttava shampoo, joka on rikastettu puhtaalla luomuargan\u00f6ljyll\u00e4. Sopii k\u00e4sitellyille ja\/tai v\u00e4rj\u00e4tyille hiuksille. Antaa vahvat, kiilt\u00e4v\u00e4t ja helposti hallittavat hiukset. Ravitseva, nuorentava ja tuo esiin luonnollisen kiillon ja nuorekkaat elastiset hiukset.<\/p>\n<p>50 ml<\/p>\n","protected":false},"excerpt":{"rendered":"<p>Kosteuttava shampoo, joka on rikastettu puhtaalla luomuargan\u00f6ljyll\u00e4. Sopii k\u00e4sitellyille ja\/tai v\u00e4rj\u00e4tyille hiuksille. Antaa vahvat, kiilt\u00e4v\u00e4t ja helposti hallittavat hiukset. Ravitseva, nuorentava ja tuo esiin luonnollisen kiillon ja nuorekkaat elastiset hiukset. 50 ml<\/p>\n","protected":false},"featured_media":140967,"comment_status":"open","ping_status":"closed","template":"","meta":{"_trash_the_other_posts":false},"product_brand":[],"product_cat":[563],"product_tag":[2460],"berocket_brand":[1144],"class_list":{"0":"post-140976","1":"product","2":"type-product","3":"status-publish","4":"has-post-thumbnail","6":"product_cat-shampoo","7":"product_tag-balmain-moisturizing-shampoo","8":"pa_brand-balmain","9":"pa_variantti-50ml","10":"berocket_brand-balmain","12":"first","13":"instock","14":"sale","15":"taxable","16":"shipping-taxable","17":"purchasable","18":"product-type-simple"},"_links":{"self":[{"href":"https:\/\/stylingagenten.com\/fi\/wp-json\/wp\/v2\/product\/140976","targetHints":{"allow":["GET"]}}],"collection":[{"href":"https:\/\/stylingagenten.com\/fi\/wp-json\/wp\/v2\/product"}],"about":[{"href":"https:\/\/stylingagenten.com\/fi\/wp-json\/wp\/v2\/types\/product"}],"replies":[{"embeddable":true,"href":"https:\/\/stylingagenten.com\/fi\/wp-json\/wp\/v2\/comments?post=140976"}],"version-history":[{"count":0,"href":"https:\/\/stylingagenten.com\/fi\/wp-json\/wp\/v2\/product\/140976\/revisions"}],"wp:featuredmedia":[{"embeddable":true,"href":"https:\/\/stylingagenten.com\/fi\/wp-json\/wp\/v2\/media\/140967"}],"wp:attachment":[{"href":"https:\/\/stylingagenten.com\/fi\/wp-json\/wp\/v2\/media?parent=140976"}],"wp:term":[{"taxonomy":"product_brand","embeddable":true,"href":"https:\/\/stylingagenten.com\/fi\/wp-json\/wp\/v2\/product_brand?post=140976"},{"taxonomy":"product_cat","embeddable":true,"href":"https:\/\/stylingagenten.com\/fi\/wp-json\/wp\/v2\/product_cat?post=140976"},{"taxonomy":"product_tag","embeddable":true,"href":"https:\/\/stylingagenten.com\/fi\/wp-json\/wp\/v2\/product_tag?post=140976"},{"taxonomy":"berocket_brand","embeddable":true,"href":"https:\/\/stylingagenten.com\/fi\/wp-json\/wp\/v2\/berocket_brand?post=140976"}],"curies":[{"name":"wp","href":"https:\/\/api.w.org\/{rel}","templated":true}]}}