{"id":140946,"date":"2025-05-18T23:11:36","date_gmt":"2025-05-18T23:11:36","guid":{"rendered":"https:\/\/staging2.stylingagenten.com\/fi\/produkt\/system-professional-repair-shampoo-250ml\/"},"modified":"2026-03-25T18:18:43","modified_gmt":"2026-03-25T18:18:43","slug":"system-professional-repair-shampoo-250ml","status":"publish","type":"product","link":"https:\/\/stylingagenten.com\/fi\/tuote\/system-professional-repair-shampoo-250ml\/","title":{"rendered":"System Professional Repair Shampoo 250ml"},"content":{"rendered":"<p>System Professional Repair Shampoo on vahvistava ja ravitseva shampoo vaurioituneille hiuksille. T\u00e4m\u00e4 hell\u00e4varainen shampoo palauttaa v\u00e4litt\u00f6m\u00e4sti hiusten kammattavuuden ja tekee niist\u00e4 sile\u00e4t, hoidettu ja suojatut.<\/p>\n<p>System Professional Repair -sarja on suunniteltu korjaamaan ja vahvistamaan vaurioituneita ja hauraita hiuksia. Ainutlaatuinen kaava sis\u00e4lt\u00e4\u00e4 edistyksellisi\u00e4 FibraBuild-molekyylej\u00e4, jotka korjaavat, ravitsevat ja uudistavat vaurioituneita alueita ja suojaavat hiuksia lis\u00e4stressilt\u00e4.<\/p>\n<p>250ml<\/p>\n","protected":false},"excerpt":{"rendered":"<p>System Professional Repair Shampoo on vahvistava ja ravitseva shampoo vaurioituneille hiuksille. T\u00e4m\u00e4 hell\u00e4varainen shampoo palauttaa v\u00e4litt\u00f6m\u00e4sti hiusten kammattavuuden ja tekee niist\u00e4 sile\u00e4t, hoidettu ja suojatut. System Professional Repair -sarja on suunniteltu korjaamaan ja vahvistamaan vaurioituneita ja hauraita hiuksia. Ainutlaatuinen kaava sis\u00e4lt\u00e4\u00e4 edistyksellisi\u00e4 FibraBuild-molekyylej\u00e4, jotka korjaavat, ravitsevat ja uudistavat vaurioituneita alueita ja suojaavat hiuksia lis\u00e4stressilt\u00e4. 250ml<\/p>\n","protected":false},"featured_media":140913,"comment_status":"open","ping_status":"closed","template":"","meta":{"_trash_the_other_posts":false},"product_brand":[],"product_cat":[563],"product_tag":[],"berocket_brand":[1995],"class_list":{"0":"post-140946","1":"product","2":"type-product","3":"status-publish","4":"has-post-thumbnail","6":"product_cat-shampoo","7":"pa_brand-system-professional","8":"berocket_brand-system-professional","10":"first","11":"outofstock","12":"sale","13":"taxable","14":"shipping-taxable","15":"purchasable","16":"product-type-simple"},"_links":{"self":[{"href":"https:\/\/stylingagenten.com\/fi\/wp-json\/wp\/v2\/product\/140946","targetHints":{"allow":["GET"]}}],"collection":[{"href":"https:\/\/stylingagenten.com\/fi\/wp-json\/wp\/v2\/product"}],"about":[{"href":"https:\/\/stylingagenten.com\/fi\/wp-json\/wp\/v2\/types\/product"}],"replies":[{"embeddable":true,"href":"https:\/\/stylingagenten.com\/fi\/wp-json\/wp\/v2\/comments?post=140946"}],"version-history":[{"count":0,"href":"https:\/\/stylingagenten.com\/fi\/wp-json\/wp\/v2\/product\/140946\/revisions"}],"wp:featuredmedia":[{"embeddable":true,"href":"https:\/\/stylingagenten.com\/fi\/wp-json\/wp\/v2\/media\/140913"}],"wp:attachment":[{"href":"https:\/\/stylingagenten.com\/fi\/wp-json\/wp\/v2\/media?parent=140946"}],"wp:term":[{"taxonomy":"product_brand","embeddable":true,"href":"https:\/\/stylingagenten.com\/fi\/wp-json\/wp\/v2\/product_brand?post=140946"},{"taxonomy":"product_cat","embeddable":true,"href":"https:\/\/stylingagenten.com\/fi\/wp-json\/wp\/v2\/product_cat?post=140946"},{"taxonomy":"product_tag","embeddable":true,"href":"https:\/\/stylingagenten.com\/fi\/wp-json\/wp\/v2\/product_tag?post=140946"},{"taxonomy":"berocket_brand","embeddable":true,"href":"https:\/\/stylingagenten.com\/fi\/wp-json\/wp\/v2\/berocket_brand?post=140946"}],"curies":[{"name":"wp","href":"https:\/\/api.w.org\/{rel}","templated":true}]}}