{"id":140909,"date":"2025-05-18T23:11:30","date_gmt":"2025-05-18T23:11:30","guid":{"rendered":"https:\/\/staging2.stylingagenten.com\/fi\/produkt\/system-professional-smoothen-shampoo-250ml\/"},"modified":"2026-03-11T21:54:47","modified_gmt":"2026-03-11T21:54:47","slug":"system-professional-smoothen-shampoo-250ml","status":"publish","type":"product","link":"https:\/\/stylingagenten.com\/fi\/tuote\/system-professional-smoothen-shampoo-250ml\/","title":{"rendered":"System Professional Smoothen Shampoo 250ml"},"content":{"rendered":"<p>System Professional Smoothen Shampoo on silottava ja pehment\u00e4v\u00e4 shampoo hallitsemattomalle hiukselle. Se puhdistaa hell\u00e4varaisesti ja on erityisesti suunniteltu selvitt\u00e4m\u00e4\u00e4n ja pehment\u00e4m\u00e4\u00e4n kapinoivaa, kiharaa tai hallitsematonta hiusta.<\/p>\n<p>Erityisen hyv\u00e4:<\/p>\n<p>Karkea hius, joka tuntuu kuivalta tai hankalalta hallita<\/p>\n<p>Kihara hius, joka tarvitsee hallintaa ja kimmoisuutta<\/p>\n<p>Kihartuva hius, joka k\u00e4rsii korkeasta ilmankosteudesta<br \/>Smoothen-sarja ravitsee, tasapainottaa hiusten hydrolipidiprofiilia ja suojaa kuivumiselta.<\/p>\n<p>250ml<\/p>\n","protected":false},"excerpt":{"rendered":"<p>System Professional Smoothen Shampoo on silottava ja pehment\u00e4v\u00e4 shampoo hallitsemattomalle hiukselle. Se puhdistaa hell\u00e4varaisesti ja on erityisesti suunniteltu selvitt\u00e4m\u00e4\u00e4n ja pehment\u00e4m\u00e4\u00e4n kapinoivaa, kiharaa tai hallitsematonta hiusta. Erityisen hyv\u00e4: Karkea hius, joka tuntuu kuivalta tai hankalalta hallita Kihara hius, joka tarvitsee hallintaa ja kimmoisuutta Kihartuva hius, joka k\u00e4rsii korkeasta ilmankosteudestaSmoothen-sarja ravitsee, tasapainottaa hiusten hydrolipidiprofiilia ja suojaa [&hellip;]<\/p>\n","protected":false},"featured_media":140869,"comment_status":"open","ping_status":"closed","template":"","meta":{"_trash_the_other_posts":false},"product_brand":[],"product_cat":[563],"product_tag":[],"berocket_brand":[1995],"class_list":{"0":"post-140909","1":"product","2":"type-product","3":"status-publish","4":"has-post-thumbnail","6":"product_cat-shampoo","7":"pa_brand-system-professional","8":"berocket_brand-system-professional","10":"first","11":"instock","12":"sale","13":"taxable","14":"shipping-taxable","15":"purchasable","16":"product-type-simple"},"_links":{"self":[{"href":"https:\/\/stylingagenten.com\/fi\/wp-json\/wp\/v2\/product\/140909","targetHints":{"allow":["GET"]}}],"collection":[{"href":"https:\/\/stylingagenten.com\/fi\/wp-json\/wp\/v2\/product"}],"about":[{"href":"https:\/\/stylingagenten.com\/fi\/wp-json\/wp\/v2\/types\/product"}],"replies":[{"embeddable":true,"href":"https:\/\/stylingagenten.com\/fi\/wp-json\/wp\/v2\/comments?post=140909"}],"version-history":[{"count":0,"href":"https:\/\/stylingagenten.com\/fi\/wp-json\/wp\/v2\/product\/140909\/revisions"}],"wp:featuredmedia":[{"embeddable":true,"href":"https:\/\/stylingagenten.com\/fi\/wp-json\/wp\/v2\/media\/140869"}],"wp:attachment":[{"href":"https:\/\/stylingagenten.com\/fi\/wp-json\/wp\/v2\/media?parent=140909"}],"wp:term":[{"taxonomy":"product_brand","embeddable":true,"href":"https:\/\/stylingagenten.com\/fi\/wp-json\/wp\/v2\/product_brand?post=140909"},{"taxonomy":"product_cat","embeddable":true,"href":"https:\/\/stylingagenten.com\/fi\/wp-json\/wp\/v2\/product_cat?post=140909"},{"taxonomy":"product_tag","embeddable":true,"href":"https:\/\/stylingagenten.com\/fi\/wp-json\/wp\/v2\/product_tag?post=140909"},{"taxonomy":"berocket_brand","embeddable":true,"href":"https:\/\/stylingagenten.com\/fi\/wp-json\/wp\/v2\/berocket_brand?post=140909"}],"curies":[{"name":"wp","href":"https:\/\/api.w.org\/{rel}","templated":true}]}}