{"id":140908,"date":"2025-05-18T23:11:30","date_gmt":"2025-05-18T23:11:30","guid":{"rendered":"https:\/\/staging2.stylingagenten.com\/fi\/produkt\/system-professional-purify-shampeeling-150ml\/"},"modified":"2026-03-13T14:40:21","modified_gmt":"2026-03-13T14:40:21","slug":"system-professional-purify-shampeeling-150ml","status":"publish","type":"product","link":"https:\/\/stylingagenten.com\/fi\/tuote\/system-professional-purify-shampeeling-150ml\/","title":{"rendered":"System Professional Purify Shampeeling 150ml"},"content":{"rendered":"<p>System Professional Purify Shampeeling on hilsett\u00e4 vastaan tarkoitettu shampoo, joka puhdistaa hiuspohjan syv\u00e4lt\u00e4, poistaa hilsett\u00e4 ja auttaa tasapainottamaan talintuotantoa terveemm\u00e4n hiuspohjan saavuttamiseksi. T\u00e4m\u00e4 dermatologisesti testattu, pH-neutraali shampoo sis\u00e4lt\u00e4\u00e4 p\u00e4hkin\u00e4pensasta ja niacinamidia, jotka rauhoittavat \u00e4rsytyst\u00e4, v\u00e4hent\u00e4v\u00e4t tulehdusta ja tekev\u00e4t hiuksista pehme\u00e4t, raikkaat ja hilseett\u00f6m\u00e4t.<\/p>\n<p>System Professional Purify -sarja on suunniteltu syv\u00e4puhdistamaan ja v\u00e4hent\u00e4m\u00e4\u00e4n hilsett\u00e4. Sarja on sek\u00e4 hell\u00e4varainen ett\u00e4 tehokas ja palauttaa terveellisen hiuspohjan vaikuttamatta sen herk\u00e4n pH-tasapainon s\u00e4ilymiseen.<\/p>\n<p>150ml<\/p>\n","protected":false},"excerpt":{"rendered":"<p>System Professional Purify Shampeeling on hilsett\u00e4 vastaan tarkoitettu shampoo, joka puhdistaa hiuspohjan syv\u00e4lt\u00e4, poistaa hilsett\u00e4 ja auttaa tasapainottamaan talintuotantoa terveemm\u00e4n hiuspohjan saavuttamiseksi. T\u00e4m\u00e4 dermatologisesti testattu, pH-neutraali shampoo sis\u00e4lt\u00e4\u00e4 p\u00e4hkin\u00e4pensasta ja niacinamidia, jotka rauhoittavat \u00e4rsytyst\u00e4, v\u00e4hent\u00e4v\u00e4t tulehdusta ja tekev\u00e4t hiuksista pehme\u00e4t, raikkaat ja hilseett\u00f6m\u00e4t. System Professional Purify -sarja on suunniteltu syv\u00e4puhdistamaan ja v\u00e4hent\u00e4m\u00e4\u00e4n hilsett\u00e4. Sarja on [&hellip;]<\/p>\n","protected":false},"featured_media":140862,"comment_status":"open","ping_status":"closed","template":"","meta":{"_trash_the_other_posts":false},"product_brand":[],"product_cat":[563],"product_tag":[],"berocket_brand":[1995],"class_list":{"0":"post-140908","1":"product","2":"type-product","3":"status-publish","4":"has-post-thumbnail","6":"product_cat-shampoo","7":"pa_brand-system-professional","8":"berocket_brand-system-professional","10":"first","11":"instock","12":"sale","13":"taxable","14":"shipping-taxable","15":"purchasable","16":"product-type-simple"},"_links":{"self":[{"href":"https:\/\/stylingagenten.com\/fi\/wp-json\/wp\/v2\/product\/140908","targetHints":{"allow":["GET"]}}],"collection":[{"href":"https:\/\/stylingagenten.com\/fi\/wp-json\/wp\/v2\/product"}],"about":[{"href":"https:\/\/stylingagenten.com\/fi\/wp-json\/wp\/v2\/types\/product"}],"replies":[{"embeddable":true,"href":"https:\/\/stylingagenten.com\/fi\/wp-json\/wp\/v2\/comments?post=140908"}],"version-history":[{"count":0,"href":"https:\/\/stylingagenten.com\/fi\/wp-json\/wp\/v2\/product\/140908\/revisions"}],"wp:featuredmedia":[{"embeddable":true,"href":"https:\/\/stylingagenten.com\/fi\/wp-json\/wp\/v2\/media\/140862"}],"wp:attachment":[{"href":"https:\/\/stylingagenten.com\/fi\/wp-json\/wp\/v2\/media?parent=140908"}],"wp:term":[{"taxonomy":"product_brand","embeddable":true,"href":"https:\/\/stylingagenten.com\/fi\/wp-json\/wp\/v2\/product_brand?post=140908"},{"taxonomy":"product_cat","embeddable":true,"href":"https:\/\/stylingagenten.com\/fi\/wp-json\/wp\/v2\/product_cat?post=140908"},{"taxonomy":"product_tag","embeddable":true,"href":"https:\/\/stylingagenten.com\/fi\/wp-json\/wp\/v2\/product_tag?post=140908"},{"taxonomy":"berocket_brand","embeddable":true,"href":"https:\/\/stylingagenten.com\/fi\/wp-json\/wp\/v2\/berocket_brand?post=140908"}],"curies":[{"name":"wp","href":"https:\/\/api.w.org\/{rel}","templated":true}]}}