{"id":140904,"date":"2025-05-18T23:11:30","date_gmt":"2025-05-18T23:11:30","guid":{"rendered":"https:\/\/staging2.stylingagenten.com\/fi\/produkt\/system-professional-hydrate-shampoo-250ml\/"},"modified":"2026-03-11T21:55:51","modified_gmt":"2026-03-11T21:55:51","slug":"system-professional-hydrate-shampoo-250ml","status":"publish","type":"product","link":"https:\/\/stylingagenten.com\/fi\/tuote\/system-professional-hydrate-shampoo-250ml\/","title":{"rendered":"System Professional Hydrate Shampoo 250ml"},"content":{"rendered":"<p>System Professional Hydrate Shampoo on kevyt ja hell\u00e4varainen shampoo kuivalle hiukselle. Ammattimainen puhdistus, jonka kaava edist\u00e4\u00e4 pitk\u00e4kestoista kosteutusta. Hell\u00e4varainen kaava tasapainottaa kosteustasapainoa ja est\u00e4\u00e4 kuivumista. Hydrate Shampoo tekee hiuksista pehme\u00e4t, sile\u00e4t ja hoidettu.<\/p>\n<p>Hydrate-sarja on suunniteltu palauttamaan kosteustasapaino kuivassa hiuksessa syv\u00e4llisesti. Sarja sis\u00e4lt\u00e4\u00e4 kevyit\u00e4 kaavoja, jotka rikastuttavat hiuksia ja suojaavat niit\u00e4 kuivumiselta. Sarja sis\u00e4lt\u00e4\u00e4 kosteuttavia ja ravitsevia ainesosia, kuten glyseriini\u00e4, DL-panthenolia, glukoosia ja fruktoosia. Se kosteuttaa hiuksia sis\u00e4lt\u00e4p\u00e4in ja suojaa ulkoisia kuivatustekij\u00f6it\u00e4 vastaan.<\/p>\n<p>250ml<\/p>\n","protected":false},"excerpt":{"rendered":"<p>System Professional Hydrate Shampoo on kevyt ja hell\u00e4varainen shampoo kuivalle hiukselle. Ammattimainen puhdistus, jonka kaava edist\u00e4\u00e4 pitk\u00e4kestoista kosteutusta. Hell\u00e4varainen kaava tasapainottaa kosteustasapainoa ja est\u00e4\u00e4 kuivumista. Hydrate Shampoo tekee hiuksista pehme\u00e4t, sile\u00e4t ja hoidettu. Hydrate-sarja on suunniteltu palauttamaan kosteustasapaino kuivassa hiuksessa syv\u00e4llisesti. Sarja sis\u00e4lt\u00e4\u00e4 kevyit\u00e4 kaavoja, jotka rikastuttavat hiuksia ja suojaavat niit\u00e4 kuivumiselta. Sarja sis\u00e4lt\u00e4\u00e4 kosteuttavia [&hellip;]<\/p>\n","protected":false},"featured_media":140875,"comment_status":"open","ping_status":"closed","template":"","meta":{"_trash_the_other_posts":false},"product_brand":[],"product_cat":[563],"product_tag":[],"berocket_brand":[1995],"class_list":{"0":"post-140904","1":"product","2":"type-product","3":"status-publish","4":"has-post-thumbnail","6":"product_cat-shampoo","7":"pa_brand-system-professional","8":"berocket_brand-system-professional","10":"first","11":"instock","12":"sale","13":"taxable","14":"shipping-taxable","15":"purchasable","16":"product-type-simple"},"_links":{"self":[{"href":"https:\/\/stylingagenten.com\/fi\/wp-json\/wp\/v2\/product\/140904","targetHints":{"allow":["GET"]}}],"collection":[{"href":"https:\/\/stylingagenten.com\/fi\/wp-json\/wp\/v2\/product"}],"about":[{"href":"https:\/\/stylingagenten.com\/fi\/wp-json\/wp\/v2\/types\/product"}],"replies":[{"embeddable":true,"href":"https:\/\/stylingagenten.com\/fi\/wp-json\/wp\/v2\/comments?post=140904"}],"version-history":[{"count":0,"href":"https:\/\/stylingagenten.com\/fi\/wp-json\/wp\/v2\/product\/140904\/revisions"}],"wp:featuredmedia":[{"embeddable":true,"href":"https:\/\/stylingagenten.com\/fi\/wp-json\/wp\/v2\/media\/140875"}],"wp:attachment":[{"href":"https:\/\/stylingagenten.com\/fi\/wp-json\/wp\/v2\/media?parent=140904"}],"wp:term":[{"taxonomy":"product_brand","embeddable":true,"href":"https:\/\/stylingagenten.com\/fi\/wp-json\/wp\/v2\/product_brand?post=140904"},{"taxonomy":"product_cat","embeddable":true,"href":"https:\/\/stylingagenten.com\/fi\/wp-json\/wp\/v2\/product_cat?post=140904"},{"taxonomy":"product_tag","embeddable":true,"href":"https:\/\/stylingagenten.com\/fi\/wp-json\/wp\/v2\/product_tag?post=140904"},{"taxonomy":"berocket_brand","embeddable":true,"href":"https:\/\/stylingagenten.com\/fi\/wp-json\/wp\/v2\/berocket_brand?post=140904"}],"curies":[{"name":"wp","href":"https:\/\/api.w.org\/{rel}","templated":true}]}}