{"id":140874,"date":"2025-05-18T23:11:26","date_gmt":"2025-05-18T23:11:26","guid":{"rendered":"https:\/\/staging2.stylingagenten.com\/fi\/produkt\/maria-nila-coils-curls-co-wash-1000ml\/"},"modified":"2026-03-12T19:47:29","modified_gmt":"2026-03-12T19:47:29","slug":"maria-nila-coils-curls-co-wash-1000ml","status":"publish","type":"product","link":"https:\/\/stylingagenten.com\/fi\/tuote\/maria-nila-coils-curls-co-wash-1000ml\/","title":{"rendered":"Maria Nila Coils &amp; Curls Co-Wash 1000ml"},"content":{"rendered":"<p>Maria Nila Coils &amp; Curls Co-Wash on kosteuttava ja selvitt\u00e4v\u00e4 shampoo ja hoitoaine yhdess\u00e4, kehitetty kaikille kiharatyyppisille hiuksille. Hell\u00e4varainen Co-Wash sis\u00e4lt\u00e4\u00e4 sheavoita, jojoba\u00f6ljy\u00e4, aloe veraa ja E-vitamiinia, jotka hoitavat sek\u00e4 hiuksia ett\u00e4 hiuspohjaa, puhdistaen samalla ja j\u00e4tt\u00e4en hiukset pehmeiksi.<\/p>\n<p>Sopii kaikille laineikkaille ja kiharille hiuksille<br \/>\n<br \/>Hell\u00e4varainen puhdistus<br \/>\n<br \/>Kosteuttava &amp; selvitt\u00e4v\u00e4<br \/>\n<br \/>100 % vegaaninen<br \/>\n<br \/>CO2-kompensoitu pakkaus<br \/>\n<br \/>1000 ml<\/p>\n","protected":false},"excerpt":{"rendered":"<p>Maria Nila Coils &amp; Curls Co-Wash on kosteuttava ja selvitt\u00e4v\u00e4 shampoo ja hoitoaine yhdess\u00e4, kehitetty kaikille kiharatyyppisille hiuksille. Hell\u00e4varainen Co-Wash sis\u00e4lt\u00e4\u00e4 sheavoita, jojoba\u00f6ljy\u00e4, aloe veraa ja E-vitamiinia, jotka hoitavat sek\u00e4 hiuksia ett\u00e4 hiuspohjaa, puhdistaen samalla ja j\u00e4tt\u00e4en hiukset pehmeiksi. Sopii kaikille laineikkaille ja kiharille hiuksille Hell\u00e4varainen puhdistus Kosteuttava &amp; selvitt\u00e4v\u00e4 100 % vegaaninen CO2-kompensoitu pakkaus [&hellip;]<\/p>\n","protected":false},"featured_media":140865,"comment_status":"open","ping_status":"closed","template":"","meta":{"_trash_the_other_posts":false},"product_brand":[],"product_cat":[563],"product_tag":[],"berocket_brand":[1388],"class_list":{"0":"post-140874","1":"product","2":"type-product","3":"status-publish","4":"has-post-thumbnail","6":"product_cat-shampoo","7":"pa_brand-maria-nila","8":"berocket_brand-maria-nila","10":"first","11":"instock","12":"taxable","13":"shipping-taxable","14":"purchasable","15":"product-type-simple"},"_links":{"self":[{"href":"https:\/\/stylingagenten.com\/fi\/wp-json\/wp\/v2\/product\/140874","targetHints":{"allow":["GET"]}}],"collection":[{"href":"https:\/\/stylingagenten.com\/fi\/wp-json\/wp\/v2\/product"}],"about":[{"href":"https:\/\/stylingagenten.com\/fi\/wp-json\/wp\/v2\/types\/product"}],"replies":[{"embeddable":true,"href":"https:\/\/stylingagenten.com\/fi\/wp-json\/wp\/v2\/comments?post=140874"}],"version-history":[{"count":0,"href":"https:\/\/stylingagenten.com\/fi\/wp-json\/wp\/v2\/product\/140874\/revisions"}],"wp:featuredmedia":[{"embeddable":true,"href":"https:\/\/stylingagenten.com\/fi\/wp-json\/wp\/v2\/media\/140865"}],"wp:attachment":[{"href":"https:\/\/stylingagenten.com\/fi\/wp-json\/wp\/v2\/media?parent=140874"}],"wp:term":[{"taxonomy":"product_brand","embeddable":true,"href":"https:\/\/stylingagenten.com\/fi\/wp-json\/wp\/v2\/product_brand?post=140874"},{"taxonomy":"product_cat","embeddable":true,"href":"https:\/\/stylingagenten.com\/fi\/wp-json\/wp\/v2\/product_cat?post=140874"},{"taxonomy":"product_tag","embeddable":true,"href":"https:\/\/stylingagenten.com\/fi\/wp-json\/wp\/v2\/product_tag?post=140874"},{"taxonomy":"berocket_brand","embeddable":true,"href":"https:\/\/stylingagenten.com\/fi\/wp-json\/wp\/v2\/berocket_brand?post=140874"}],"curies":[{"name":"wp","href":"https:\/\/api.w.org\/{rel}","templated":true}]}}