{"id":140873,"date":"2025-05-18T23:11:26","date_gmt":"2025-05-18T23:11:26","guid":{"rendered":"https:\/\/staging2.stylingagenten.com\/fi\/produkt\/system-professional-volumize-shampoo-250ml\/"},"modified":"2026-03-13T14:41:35","modified_gmt":"2026-03-13T14:41:35","slug":"system-professional-volumize-shampoo-250ml","status":"publish","type":"product","link":"https:\/\/stylingagenten.com\/fi\/tuote\/system-professional-volumize-shampoo-250ml\/","title":{"rendered":"System Professional Volumize Shampoo 250ml"},"content":{"rendered":"<p>System Professional Volumize Shampoo on vahvistava ja volyymia lis\u00e4\u00e4v\u00e4 shampoo kaikille hiustyypeille, erityisesti ohuelle, lattealle tai heikolle hiukselle. Ainulaatuinen koostumus vakauttaa hiusta sis\u00e4lt\u00e4p\u00e4in ja tarjoaa erinomaisia hoitavia ominaisuuksia, jotka tekev\u00e4t hiuksista terveet, raikkaat ja t\u00e4ytel\u00e4iset. T\u00e4ydellinen valinta, jos haluat t\u00e4ytel\u00e4isemp\u00e4\u00e4 hiusta kevyell\u00e4 lopputuloksella.<\/p>\n<p>System Professional Volumize -sarja on suunniteltu vahvistamaan ja kohottamaan ohutta ja haurasta hiusta. Formastrength Complexin avulla sarja palauttaa t\u00e4ytel\u00e4isyyden, hallittavuuden ja vahvuuden jopa ohuimpaan hiukseen. Ylelliset ja kevyet koostumukset takaavat, ett\u00e4 lempikampauksesi kest\u00e4v\u00e4t pidemp\u00e4\u00e4n.<\/p>\n<p>250ml<\/p>\n","protected":false},"excerpt":{"rendered":"<p>System Professional Volumize Shampoo on vahvistava ja volyymia lis\u00e4\u00e4v\u00e4 shampoo kaikille hiustyypeille, erityisesti ohuelle, lattealle tai heikolle hiukselle. Ainulaatuinen koostumus vakauttaa hiusta sis\u00e4lt\u00e4p\u00e4in ja tarjoaa erinomaisia hoitavia ominaisuuksia, jotka tekev\u00e4t hiuksista terveet, raikkaat ja t\u00e4ytel\u00e4iset. T\u00e4ydellinen valinta, jos haluat t\u00e4ytel\u00e4isemp\u00e4\u00e4 hiusta kevyell\u00e4 lopputuloksella. System Professional Volumize -sarja on suunniteltu vahvistamaan ja kohottamaan ohutta ja haurasta [&hellip;]<\/p>\n","protected":false},"featured_media":140840,"comment_status":"open","ping_status":"closed","template":"","meta":{"_trash_the_other_posts":false},"product_brand":[],"product_cat":[563],"product_tag":[],"berocket_brand":[1995],"class_list":{"0":"post-140873","1":"product","2":"type-product","3":"status-publish","4":"has-post-thumbnail","6":"product_cat-shampoo","7":"pa_brand-system-professional","8":"berocket_brand-system-professional","10":"first","11":"instock","12":"sale","13":"taxable","14":"shipping-taxable","15":"purchasable","16":"product-type-simple"},"_links":{"self":[{"href":"https:\/\/stylingagenten.com\/fi\/wp-json\/wp\/v2\/product\/140873","targetHints":{"allow":["GET"]}}],"collection":[{"href":"https:\/\/stylingagenten.com\/fi\/wp-json\/wp\/v2\/product"}],"about":[{"href":"https:\/\/stylingagenten.com\/fi\/wp-json\/wp\/v2\/types\/product"}],"replies":[{"embeddable":true,"href":"https:\/\/stylingagenten.com\/fi\/wp-json\/wp\/v2\/comments?post=140873"}],"version-history":[{"count":0,"href":"https:\/\/stylingagenten.com\/fi\/wp-json\/wp\/v2\/product\/140873\/revisions"}],"wp:featuredmedia":[{"embeddable":true,"href":"https:\/\/stylingagenten.com\/fi\/wp-json\/wp\/v2\/media\/140840"}],"wp:attachment":[{"href":"https:\/\/stylingagenten.com\/fi\/wp-json\/wp\/v2\/media?parent=140873"}],"wp:term":[{"taxonomy":"product_brand","embeddable":true,"href":"https:\/\/stylingagenten.com\/fi\/wp-json\/wp\/v2\/product_brand?post=140873"},{"taxonomy":"product_cat","embeddable":true,"href":"https:\/\/stylingagenten.com\/fi\/wp-json\/wp\/v2\/product_cat?post=140873"},{"taxonomy":"product_tag","embeddable":true,"href":"https:\/\/stylingagenten.com\/fi\/wp-json\/wp\/v2\/product_tag?post=140873"},{"taxonomy":"berocket_brand","embeddable":true,"href":"https:\/\/stylingagenten.com\/fi\/wp-json\/wp\/v2\/berocket_brand?post=140873"}],"curies":[{"name":"wp","href":"https:\/\/api.w.org\/{rel}","templated":true}]}}