{"id":140861,"date":"2025-05-18T23:11:25","date_gmt":"2025-05-18T23:11:25","guid":{"rendered":"https:\/\/staging2.stylingagenten.com\/fi\/produkt\/system-professional-purify-shampoo-250ml\/"},"modified":"2026-04-09T06:39:09","modified_gmt":"2026-04-09T06:39:09","slug":"system-professional-purify-shampoo-250ml","status":"publish","type":"product","link":"https:\/\/stylingagenten.com\/fi\/tuote\/system-professional-purify-shampoo-250ml\/","title":{"rendered":"System Professional Purify Shampoo 250ml"},"content":{"rendered":"<p>System Professional Purify Shampoo on hell\u00e4varainen puhdistusaine \u00e4rsyyntyneelle hiuspohjalle, hilseelle ja tulehduksille. Miedosti puhdistava ja pH-neutraali shampoo, joka ehk\u00e4isee hilsett\u00e4 ja rasvaisuutta sek\u00e4 v\u00e4hent\u00e4\u00e4 tulehdusta herk\u00e4ll\u00e4 hiuspohjalla.<\/p>\n<p>System Professional Purify -sarja on suunniteltu syv\u00e4puhdistamaan ja v\u00e4hent\u00e4m\u00e4\u00e4n hilsett\u00e4. Sarja on sek\u00e4 hell\u00e4varainen ett\u00e4 tehokas ja palauttaa terveellisen hiuspohjan vaikuttamatta sen herk\u00e4n pH-tasapainon s\u00e4ilymiseen.<\/p>\n<p>250ml<\/p>\n","protected":false},"excerpt":{"rendered":"<p>System Professional Purify Shampoo on hell\u00e4varainen puhdistusaine \u00e4rsyyntyneelle hiuspohjalle, hilseelle ja tulehduksille. Miedosti puhdistava ja pH-neutraali shampoo, joka ehk\u00e4isee hilsett\u00e4 ja rasvaisuutta sek\u00e4 v\u00e4hent\u00e4\u00e4 tulehdusta herk\u00e4ll\u00e4 hiuspohjalla. System Professional Purify -sarja on suunniteltu syv\u00e4puhdistamaan ja v\u00e4hent\u00e4m\u00e4\u00e4n hilsett\u00e4. Sarja on sek\u00e4 hell\u00e4varainen ett\u00e4 tehokas ja palauttaa terveellisen hiuspohjan vaikuttamatta sen herk\u00e4n pH-tasapainon s\u00e4ilymiseen. 250ml<\/p>\n","protected":false},"featured_media":140819,"comment_status":"open","ping_status":"closed","template":"","meta":{"_trash_the_other_posts":false},"product_brand":[],"product_cat":[563],"product_tag":[],"berocket_brand":[1995],"class_list":{"0":"post-140861","1":"product","2":"type-product","3":"status-publish","4":"has-post-thumbnail","6":"product_cat-shampoo","7":"pa_brand-system-professional","8":"berocket_brand-system-professional","10":"first","11":"instock","12":"sale","13":"taxable","14":"shipping-taxable","15":"purchasable","16":"product-type-simple"},"_links":{"self":[{"href":"https:\/\/stylingagenten.com\/fi\/wp-json\/wp\/v2\/product\/140861","targetHints":{"allow":["GET"]}}],"collection":[{"href":"https:\/\/stylingagenten.com\/fi\/wp-json\/wp\/v2\/product"}],"about":[{"href":"https:\/\/stylingagenten.com\/fi\/wp-json\/wp\/v2\/types\/product"}],"replies":[{"embeddable":true,"href":"https:\/\/stylingagenten.com\/fi\/wp-json\/wp\/v2\/comments?post=140861"}],"version-history":[{"count":0,"href":"https:\/\/stylingagenten.com\/fi\/wp-json\/wp\/v2\/product\/140861\/revisions"}],"wp:featuredmedia":[{"embeddable":true,"href":"https:\/\/stylingagenten.com\/fi\/wp-json\/wp\/v2\/media\/140819"}],"wp:attachment":[{"href":"https:\/\/stylingagenten.com\/fi\/wp-json\/wp\/v2\/media?parent=140861"}],"wp:term":[{"taxonomy":"product_brand","embeddable":true,"href":"https:\/\/stylingagenten.com\/fi\/wp-json\/wp\/v2\/product_brand?post=140861"},{"taxonomy":"product_cat","embeddable":true,"href":"https:\/\/stylingagenten.com\/fi\/wp-json\/wp\/v2\/product_cat?post=140861"},{"taxonomy":"product_tag","embeddable":true,"href":"https:\/\/stylingagenten.com\/fi\/wp-json\/wp\/v2\/product_tag?post=140861"},{"taxonomy":"berocket_brand","embeddable":true,"href":"https:\/\/stylingagenten.com\/fi\/wp-json\/wp\/v2\/berocket_brand?post=140861"}],"curies":[{"name":"wp","href":"https:\/\/api.w.org\/{rel}","templated":true}]}}