{"id":140857,"date":"2025-05-18T23:11:25","date_gmt":"2025-05-18T23:11:25","guid":{"rendered":"https:\/\/staging2.stylingagenten.com\/fi\/produkt\/system-professional-luxeblond-shampoo-250ml\/"},"modified":"2026-03-25T18:18:37","modified_gmt":"2026-03-25T18:18:37","slug":"system-professional-luxeblond-shampoo-250ml","status":"publish","type":"product","link":"https:\/\/stylingagenten.com\/fi\/tuote\/system-professional-luxeblond-shampoo-250ml\/","title":{"rendered":"System Professional LuxeBlond Shampoo 250ml"},"content":{"rendered":"<p>System Professional LuxeBlond Shampoo puhdistaa hiukset hell\u00e4varaisesti ja poistaa kertymi\u00e4 ja ep\u00e4puhtauksia samalla, kun se neutraloi keltaisia ja kuparisia s\u00e4vyj\u00e4.<\/p>\n<p>System Professional LuxeBlond on kattava kampaamo- ja kotik\u00e4ytt\u00f6sarja vaaleille hiuksille, joka tekee vaaleiden hiusten hoidosta helppoa. LuxeBlond yhdist\u00e4\u00e4 lipidien voiman violetteihin pigmenteihin* ja auttaa korjaamaan hiuskuituja sis\u00e4lt\u00e4 p\u00e4in, samalla kun se neutraloi ei-toivotut l\u00e4mpim\u00e4t s\u00e4vyt, vahvistaa ja suojaa hiuksia katkeamiselta.<\/p>\n<p>250ml<\/p>\n","protected":false},"excerpt":{"rendered":"<p>System Professional LuxeBlond Shampoo puhdistaa hiukset hell\u00e4varaisesti ja poistaa kertymi\u00e4 ja ep\u00e4puhtauksia samalla, kun se neutraloi keltaisia ja kuparisia s\u00e4vyj\u00e4. System Professional LuxeBlond on kattava kampaamo- ja kotik\u00e4ytt\u00f6sarja vaaleille hiuksille, joka tekee vaaleiden hiusten hoidosta helppoa. LuxeBlond yhdist\u00e4\u00e4 lipidien voiman violetteihin pigmenteihin* ja auttaa korjaamaan hiuskuituja sis\u00e4lt\u00e4 p\u00e4in, samalla kun se neutraloi ei-toivotut l\u00e4mpim\u00e4t s\u00e4vyt, [&hellip;]<\/p>\n","protected":false},"featured_media":140823,"comment_status":"open","ping_status":"closed","template":"","meta":{"_trash_the_other_posts":false},"product_brand":[],"product_cat":[563],"product_tag":[],"berocket_brand":[1995],"class_list":{"0":"post-140857","1":"product","2":"type-product","3":"status-publish","4":"has-post-thumbnail","6":"product_cat-shampoo","7":"pa_brand-system-professional","8":"berocket_brand-system-professional","10":"first","11":"instock","12":"sale","13":"taxable","14":"shipping-taxable","15":"purchasable","16":"product-type-simple"},"_links":{"self":[{"href":"https:\/\/stylingagenten.com\/fi\/wp-json\/wp\/v2\/product\/140857","targetHints":{"allow":["GET"]}}],"collection":[{"href":"https:\/\/stylingagenten.com\/fi\/wp-json\/wp\/v2\/product"}],"about":[{"href":"https:\/\/stylingagenten.com\/fi\/wp-json\/wp\/v2\/types\/product"}],"replies":[{"embeddable":true,"href":"https:\/\/stylingagenten.com\/fi\/wp-json\/wp\/v2\/comments?post=140857"}],"version-history":[{"count":0,"href":"https:\/\/stylingagenten.com\/fi\/wp-json\/wp\/v2\/product\/140857\/revisions"}],"wp:featuredmedia":[{"embeddable":true,"href":"https:\/\/stylingagenten.com\/fi\/wp-json\/wp\/v2\/media\/140823"}],"wp:attachment":[{"href":"https:\/\/stylingagenten.com\/fi\/wp-json\/wp\/v2\/media?parent=140857"}],"wp:term":[{"taxonomy":"product_brand","embeddable":true,"href":"https:\/\/stylingagenten.com\/fi\/wp-json\/wp\/v2\/product_brand?post=140857"},{"taxonomy":"product_cat","embeddable":true,"href":"https:\/\/stylingagenten.com\/fi\/wp-json\/wp\/v2\/product_cat?post=140857"},{"taxonomy":"product_tag","embeddable":true,"href":"https:\/\/stylingagenten.com\/fi\/wp-json\/wp\/v2\/product_tag?post=140857"},{"taxonomy":"berocket_brand","embeddable":true,"href":"https:\/\/stylingagenten.com\/fi\/wp-json\/wp\/v2\/berocket_brand?post=140857"}],"curies":[{"name":"wp","href":"https:\/\/api.w.org\/{rel}","templated":true}]}}