{"id":140838,"date":"2025-05-18T23:11:22","date_gmt":"2025-05-18T23:11:22","guid":{"rendered":"https:\/\/staging2.stylingagenten.com\/fi\/produkt\/wella-professionals-invigo-nutri-enrich-shampoo-dry-hair-300ml\/"},"modified":"2026-04-04T19:58:38","modified_gmt":"2026-04-04T19:58:38","slug":"wella-professionals-invigo-nutri-enrich-shampoo-dry-hair-300ml","status":"publish","type":"product","link":"https:\/\/stylingagenten.com\/fi\/tuote\/wella-professionals-invigo-nutri-enrich-shampoo-dry-hair-300ml\/","title":{"rendered":"Wella Professionals Invigo Nutri Enrich Shampoo Dry Hair 300ml"},"content":{"rendered":"<p>Wella Professionals Invigo Nutri Enrich Shampoo Dry Hair on ammattimainen syv\u00e4hoitava shampoo, joka on erityisesti suunniteltu kuivan ja vaurioituneen hiuksen hoitoon ja korjaamiseen. T\u00e4m\u00e4 puhdistustuote antaa v\u00e4lit\u00f6nt\u00e4 ravintoa ja tekee hiuksista sile\u00e4t ja elinvoimaiset. T\u00e4m\u00e4 ammattimainen shampoo sis\u00e4lt\u00e4\u00e4 Nutri-Enrich-Blend\u2122 -yhdistelm\u00e4n, \u00f6ljyhappoa ja pantenolia, jotka tarjoavat hiuksille v\u00e4lit\u00f6nt\u00e4 kosteutusta ja ravintoa. Nutri Enrich Cleanser Shampoo on my\u00f6s rikastettu gojimarjalla \u2013 ainesosalla, joka tunnetaan eritt\u00e4in korkeasta vitamiini-, mineraali- ja peptidipitoisuudestaan.<\/p>\n<p>300ml<\/p>\n","protected":false},"excerpt":{"rendered":"<p>Wella Professionals Invigo Nutri Enrich Shampoo Dry Hair on ammattimainen syv\u00e4hoitava shampoo, joka on erityisesti suunniteltu kuivan ja vaurioituneen hiuksen hoitoon ja korjaamiseen. T\u00e4m\u00e4 puhdistustuote antaa v\u00e4lit\u00f6nt\u00e4 ravintoa ja tekee hiuksista sile\u00e4t ja elinvoimaiset. T\u00e4m\u00e4 ammattimainen shampoo sis\u00e4lt\u00e4\u00e4 Nutri-Enrich-Blend\u2122 -yhdistelm\u00e4n, \u00f6ljyhappoa ja pantenolia, jotka tarjoavat hiuksille v\u00e4lit\u00f6nt\u00e4 kosteutusta ja ravintoa. Nutri Enrich Cleanser Shampoo on [&hellip;]<\/p>\n","protected":false},"featured_media":140812,"comment_status":"open","ping_status":"closed","template":"","meta":{"_trash_the_other_posts":false},"product_brand":[],"product_cat":[563],"product_tag":[],"berocket_brand":[1030],"class_list":{"0":"post-140838","1":"product","2":"type-product","3":"status-publish","4":"has-post-thumbnail","6":"product_cat-shampoo","7":"pa_brand-wella","8":"berocket_brand-wella","10":"first","11":"instock","12":"sale","13":"taxable","14":"shipping-taxable","15":"purchasable","16":"product-type-simple"},"_links":{"self":[{"href":"https:\/\/stylingagenten.com\/fi\/wp-json\/wp\/v2\/product\/140838","targetHints":{"allow":["GET"]}}],"collection":[{"href":"https:\/\/stylingagenten.com\/fi\/wp-json\/wp\/v2\/product"}],"about":[{"href":"https:\/\/stylingagenten.com\/fi\/wp-json\/wp\/v2\/types\/product"}],"replies":[{"embeddable":true,"href":"https:\/\/stylingagenten.com\/fi\/wp-json\/wp\/v2\/comments?post=140838"}],"version-history":[{"count":0,"href":"https:\/\/stylingagenten.com\/fi\/wp-json\/wp\/v2\/product\/140838\/revisions"}],"wp:featuredmedia":[{"embeddable":true,"href":"https:\/\/stylingagenten.com\/fi\/wp-json\/wp\/v2\/media\/140812"}],"wp:attachment":[{"href":"https:\/\/stylingagenten.com\/fi\/wp-json\/wp\/v2\/media?parent=140838"}],"wp:term":[{"taxonomy":"product_brand","embeddable":true,"href":"https:\/\/stylingagenten.com\/fi\/wp-json\/wp\/v2\/product_brand?post=140838"},{"taxonomy":"product_cat","embeddable":true,"href":"https:\/\/stylingagenten.com\/fi\/wp-json\/wp\/v2\/product_cat?post=140838"},{"taxonomy":"product_tag","embeddable":true,"href":"https:\/\/stylingagenten.com\/fi\/wp-json\/wp\/v2\/product_tag?post=140838"},{"taxonomy":"berocket_brand","embeddable":true,"href":"https:\/\/stylingagenten.com\/fi\/wp-json\/wp\/v2\/berocket_brand?post=140838"}],"curies":[{"name":"wp","href":"https:\/\/api.w.org\/{rel}","templated":true}]}}