{"id":140835,"date":"2025-05-18T23:11:22","date_gmt":"2025-05-18T23:11:22","guid":{"rendered":"https:\/\/staging2.stylingagenten.com\/fi\/produkt\/wella-professionals-ultimate-repair-shampoo-250ml\/"},"modified":"2026-03-13T14:42:12","modified_gmt":"2026-03-13T14:42:12","slug":"wella-professionals-ultimate-repair-shampoo-250ml","status":"publish","type":"product","link":"https:\/\/stylingagenten.com\/fi\/tuote\/wella-professionals-ultimate-repair-shampoo-250ml\/","title":{"rendered":"Wella Professionals Ultimate Repair Shampoo 250ml"},"content":{"rendered":"<p>Wella Professionals Ultimate Repair Shampoo on kevyt, kosteuttava shampoo, joka hell\u00e4varaisesti ja tehokkaasti puhdistaa hiukset ylellisen vaahdon avulla, j\u00e4tt\u00e4en ne n\u00e4ytt\u00e4m\u00e4\u00e4n terveilt\u00e4, kiilt\u00e4vilt\u00e4 ja sileilt\u00e4.<\/p>\n<p>T\u00e4m\u00e4 kevyt kerma-shampoo sis\u00e4lt\u00e4\u00e4 alfa-hydroksihappoa (AHA) ja omega-9:\u00e4\u00e4, jotka j\u00e4lleenrakentavat hiuksen sis\u00e4iset sidokset ja t\u00e4ytt\u00e4v\u00e4t l\u00e4mp\u00f6- ja vaalennusvaurioituneen hiuksen ulkoisen suojan. AHA, joka on yleisesti tunnettu ihonhoidossa, k\u00e4ytet\u00e4\u00e4n Ultimate Repair -shampoossa vahvistamaan, hoitamaan ja est\u00e4m\u00e4\u00e4n hiusten katkeamista sek\u00e4 terveiss\u00e4 ett\u00e4 kemiallisesti k\u00e4sitellyiss\u00e4 hiuksissa j\u00e4lleenrakentamalla vetysidokset ja tunkeutumalla syv\u00e4lle hiuskuituun.<\/p>\n<p>Metal Purifier Technology on teknologia, joka poistaa ep\u00e4puhtauksia ja metalleja vedest\u00e4. Pesu pesulta ja saastumisen kautta metallihiukkaset, kuten kupari, voivat kerty\u00e4 hiuksiin. Oxidatiiviset prosessit, kuten UV-altistus, voivat aiheuttaa vapaita radikaaleja, jotka voivat h\u00e4irit\u00e4 ja vahingoittaa hiuksen luonnollista proteiinirakennetta. T\u00e4m\u00e4 Wella Professionals detox-shampoo puhdistaa ja j\u00e4lleenrakentaa l\u00e4mp\u00f6- ja vaalennusvaurioituneet hiukset sis\u00e4lt\u00e4p\u00e4in, tehden niist\u00e4 terveet, kiilt\u00e4v\u00e4t ja sile\u00e4t.<\/p>\n<p>Ultimate Repair Shampoo puhdistaa, puhdistaa ja kosteuttaa kaikkia hiustyyppej\u00e4 ja -rakenteita, olipa kyseess\u00e4 ohut, rasvainen, hieno, paksu, suora, kihara, v\u00e4rj\u00e4tty, raidallinen, kihara, aasialainen tai afro, joten se sopii kaikille.<\/p>\n<p>Wella Professionals Ultimate Repair System on ihonhoidosta inspiroitu sarja, joka tarjoaa arvostetun hiustenhoitorutiinin, joka t\u00e4ydent\u00e4\u00e4 hiuksesi vain 90 sekunnissa*. Sarja on suunniteltu sinulle, joka haluat korkeimman tason korjauksen ja luonnollisen, terveellisen tunteen hiuksissasi. Se ravitsee, vahvistaa ja kosteuttaa, j\u00e4tt\u00e4en hiukset pehmeiksi, raikkaiksi ja puhtaiksi. Dermatologisesti testattu ja vegaaninen.<\/p>\n<p>*Kun k\u00e4ytet\u00e4\u00e4n Ultimate Repair Step 3.<\/p>\n<p>250ml<\/p>\n","protected":false},"excerpt":{"rendered":"<p>Wella Professionals Ultimate Repair Shampoo on kevyt, kosteuttava shampoo, joka hell\u00e4varaisesti ja tehokkaasti puhdistaa hiukset ylellisen vaahdon avulla, j\u00e4tt\u00e4en ne n\u00e4ytt\u00e4m\u00e4\u00e4n terveilt\u00e4, kiilt\u00e4vilt\u00e4 ja sileilt\u00e4. T\u00e4m\u00e4 kevyt kerma-shampoo sis\u00e4lt\u00e4\u00e4 alfa-hydroksihappoa (AHA) ja omega-9:\u00e4\u00e4, jotka j\u00e4lleenrakentavat hiuksen sis\u00e4iset sidokset ja t\u00e4ytt\u00e4v\u00e4t l\u00e4mp\u00f6- ja vaalennusvaurioituneen hiuksen ulkoisen suojan. AHA, joka on yleisesti tunnettu ihonhoidossa, k\u00e4ytet\u00e4\u00e4n Ultimate Repair [&hellip;]<\/p>\n","protected":false},"featured_media":140807,"comment_status":"open","ping_status":"closed","template":"","meta":{"_trash_the_other_posts":false},"product_brand":[],"product_cat":[563],"product_tag":[],"berocket_brand":[1030],"class_list":{"0":"post-140835","1":"product","2":"type-product","3":"status-publish","4":"has-post-thumbnail","6":"product_cat-shampoo","7":"pa_brand-wella","8":"berocket_brand-wella","10":"first","11":"instock","12":"sale","13":"taxable","14":"shipping-taxable","15":"purchasable","16":"product-type-simple"},"_links":{"self":[{"href":"https:\/\/stylingagenten.com\/fi\/wp-json\/wp\/v2\/product\/140835","targetHints":{"allow":["GET"]}}],"collection":[{"href":"https:\/\/stylingagenten.com\/fi\/wp-json\/wp\/v2\/product"}],"about":[{"href":"https:\/\/stylingagenten.com\/fi\/wp-json\/wp\/v2\/types\/product"}],"replies":[{"embeddable":true,"href":"https:\/\/stylingagenten.com\/fi\/wp-json\/wp\/v2\/comments?post=140835"}],"version-history":[{"count":0,"href":"https:\/\/stylingagenten.com\/fi\/wp-json\/wp\/v2\/product\/140835\/revisions"}],"wp:featuredmedia":[{"embeddable":true,"href":"https:\/\/stylingagenten.com\/fi\/wp-json\/wp\/v2\/media\/140807"}],"wp:attachment":[{"href":"https:\/\/stylingagenten.com\/fi\/wp-json\/wp\/v2\/media?parent=140835"}],"wp:term":[{"taxonomy":"product_brand","embeddable":true,"href":"https:\/\/stylingagenten.com\/fi\/wp-json\/wp\/v2\/product_brand?post=140835"},{"taxonomy":"product_cat","embeddable":true,"href":"https:\/\/stylingagenten.com\/fi\/wp-json\/wp\/v2\/product_cat?post=140835"},{"taxonomy":"product_tag","embeddable":true,"href":"https:\/\/stylingagenten.com\/fi\/wp-json\/wp\/v2\/product_tag?post=140835"},{"taxonomy":"berocket_brand","embeddable":true,"href":"https:\/\/stylingagenten.com\/fi\/wp-json\/wp\/v2\/berocket_brand?post=140835"}],"curies":[{"name":"wp","href":"https:\/\/api.w.org\/{rel}","templated":true}]}}