{"id":140813,"date":"2025-05-18T23:11:18","date_gmt":"2025-05-18T23:11:18","guid":{"rendered":"https:\/\/staging2.stylingagenten.com\/fi\/produkt\/wella-professionals-invigo-volume-boost-shampoo-fine-hair-300ml\/"},"modified":"2026-03-26T08:00:09","modified_gmt":"2026-03-26T08:00:09","slug":"wella-professionals-invigo-volume-boost-shampoo-fine-hair-300ml","status":"publish","type":"product","link":"https:\/\/stylingagenten.com\/fi\/tuote\/wella-professionals-invigo-volume-boost-shampoo-fine-hair-300ml\/","title":{"rendered":"Wella Professionals Invigo Volume Boost Shampoo Fine Hair 300ml"},"content":{"rendered":"<p>Wella Professionals Invigo Volume Boost Shampoo Fine Hair on volyymia antava shampoo hennoille hiuksille. T\u00e4m\u00e4 ammattimainen Volume Boost-Blend\u2122 -puhdistustuote sis\u00e4lt\u00e4\u00e4 jousimaisia polymeerej\u00e4, jotka ymp\u00e4r\u00f6iv\u00e4t hiuskuidut ja auttavat luomaan runsaita kampauksia f\u00f6\u00f6nauksen aikana. Shampoo sopii t\u00e4ydellisesti normaalille ja hennolle hiukselle ja tuo hallittavuutta ja kiiltoa ilman latistavaa vaikutusta. T\u00e4ydellinen rutiini hennon hiuksen volyymin lis\u00e4\u00e4miseen.<\/p>\n<p>300ml<\/p>\n","protected":false},"excerpt":{"rendered":"<p>Wella Professionals Invigo Volume Boost Shampoo Fine Hair on volyymia antava shampoo hennoille hiuksille. T\u00e4m\u00e4 ammattimainen Volume Boost-Blend\u2122 -puhdistustuote sis\u00e4lt\u00e4\u00e4 jousimaisia polymeerej\u00e4, jotka ymp\u00e4r\u00f6iv\u00e4t hiuskuidut ja auttavat luomaan runsaita kampauksia f\u00f6\u00f6nauksen aikana. Shampoo sopii t\u00e4ydellisesti normaalille ja hennolle hiukselle ja tuo hallittavuutta ja kiiltoa ilman latistavaa vaikutusta. T\u00e4ydellinen rutiini hennon hiuksen volyymin lis\u00e4\u00e4miseen. 300ml<\/p>\n","protected":false},"featured_media":140794,"comment_status":"open","ping_status":"closed","template":"","meta":{"_trash_the_other_posts":false},"product_brand":[],"product_cat":[563],"product_tag":[],"berocket_brand":[1030],"class_list":{"0":"post-140813","1":"product","2":"type-product","3":"status-publish","4":"has-post-thumbnail","6":"product_cat-shampoo","7":"pa_brand-wella","8":"berocket_brand-wella","10":"first","11":"instock","12":"sale","13":"taxable","14":"shipping-taxable","15":"purchasable","16":"product-type-simple"},"_links":{"self":[{"href":"https:\/\/stylingagenten.com\/fi\/wp-json\/wp\/v2\/product\/140813","targetHints":{"allow":["GET"]}}],"collection":[{"href":"https:\/\/stylingagenten.com\/fi\/wp-json\/wp\/v2\/product"}],"about":[{"href":"https:\/\/stylingagenten.com\/fi\/wp-json\/wp\/v2\/types\/product"}],"replies":[{"embeddable":true,"href":"https:\/\/stylingagenten.com\/fi\/wp-json\/wp\/v2\/comments?post=140813"}],"version-history":[{"count":0,"href":"https:\/\/stylingagenten.com\/fi\/wp-json\/wp\/v2\/product\/140813\/revisions"}],"wp:featuredmedia":[{"embeddable":true,"href":"https:\/\/stylingagenten.com\/fi\/wp-json\/wp\/v2\/media\/140794"}],"wp:attachment":[{"href":"https:\/\/stylingagenten.com\/fi\/wp-json\/wp\/v2\/media?parent=140813"}],"wp:term":[{"taxonomy":"product_brand","embeddable":true,"href":"https:\/\/stylingagenten.com\/fi\/wp-json\/wp\/v2\/product_brand?post=140813"},{"taxonomy":"product_cat","embeddable":true,"href":"https:\/\/stylingagenten.com\/fi\/wp-json\/wp\/v2\/product_cat?post=140813"},{"taxonomy":"product_tag","embeddable":true,"href":"https:\/\/stylingagenten.com\/fi\/wp-json\/wp\/v2\/product_tag?post=140813"},{"taxonomy":"berocket_brand","embeddable":true,"href":"https:\/\/stylingagenten.com\/fi\/wp-json\/wp\/v2\/berocket_brand?post=140813"}],"curies":[{"name":"wp","href":"https:\/\/api.w.org\/{rel}","templated":true}]}}