{"id":140802,"date":"2025-05-18T23:11:16","date_gmt":"2025-05-18T23:11:16","guid":{"rendered":"https:\/\/staging2.stylingagenten.com\/fi\/produkt\/wella-professionals-oil-reflections-luminous-reveal-shampoo-250ml\/"},"modified":"2026-03-13T14:43:39","modified_gmt":"2026-03-13T14:43:39","slug":"wella-professionals-oil-reflections-luminous-reveal-shampoo-250ml","status":"publish","type":"product","link":"https:\/\/stylingagenten.com\/fi\/tuote\/wella-professionals-oil-reflections-luminous-reveal-shampoo-250ml\/","title":{"rendered":"Wella Professionals Oil Reflections Luminous Reveal Shampoo 250ml"},"content":{"rendered":"<p>Wella Professionals Oil Reflections Luminous Reveal Shampoo on hiustenpuhdistusaine, joka on suunniteltu puhdistamaan hiukset syv\u00e4llisesti ja luomaan s\u00e4ihkyevaikutuksen. T\u00e4m\u00e4 ammattimainen shampoo puhdistaa hiukset ja p\u00e4\u00e4nahan intensiivisesti, mutta pit\u00e4\u00e4 my\u00f6s hiukset kosteutettuina. T\u00e4m\u00e4n Oil Reflections -shampoon kevyt koostumus antaa hiuksille my\u00f6s upean kiillon. Sopii kaikille hiustyypeille, k\u00e4yt\u00e4 yhdess\u00e4 Wella Professionals Oil Reflections Luminous Reveal Conditioner -hoitoaineen kanssa parhaan tuloksen saavuttamiseksi. Rutiinisi kuivan ja elottoman hiuksen silottamiseen.<\/p>\n<p>250ml<\/p>\n","protected":false},"excerpt":{"rendered":"<p>Wella Professionals Oil Reflections Luminous Reveal Shampoo on hiustenpuhdistusaine, joka on suunniteltu puhdistamaan hiukset syv\u00e4llisesti ja luomaan s\u00e4ihkyevaikutuksen. T\u00e4m\u00e4 ammattimainen shampoo puhdistaa hiukset ja p\u00e4\u00e4nahan intensiivisesti, mutta pit\u00e4\u00e4 my\u00f6s hiukset kosteutettuina. T\u00e4m\u00e4n Oil Reflections -shampoon kevyt koostumus antaa hiuksille my\u00f6s upean kiillon. Sopii kaikille hiustyypeille, k\u00e4yt\u00e4 yhdess\u00e4 Wella Professionals Oil Reflections Luminous Reveal Conditioner -hoitoaineen [&hellip;]<\/p>\n","protected":false},"featured_media":140765,"comment_status":"open","ping_status":"closed","template":"","meta":{"_trash_the_other_posts":false},"product_brand":[],"product_cat":[563],"product_tag":[],"berocket_brand":[1030],"class_list":{"0":"post-140802","1":"product","2":"type-product","3":"status-publish","4":"has-post-thumbnail","6":"product_cat-shampoo","7":"pa_brand-wella","8":"berocket_brand-wella","10":"first","11":"instock","12":"sale","13":"taxable","14":"shipping-taxable","15":"purchasable","16":"product-type-simple"},"_links":{"self":[{"href":"https:\/\/stylingagenten.com\/fi\/wp-json\/wp\/v2\/product\/140802","targetHints":{"allow":["GET"]}}],"collection":[{"href":"https:\/\/stylingagenten.com\/fi\/wp-json\/wp\/v2\/product"}],"about":[{"href":"https:\/\/stylingagenten.com\/fi\/wp-json\/wp\/v2\/types\/product"}],"replies":[{"embeddable":true,"href":"https:\/\/stylingagenten.com\/fi\/wp-json\/wp\/v2\/comments?post=140802"}],"version-history":[{"count":0,"href":"https:\/\/stylingagenten.com\/fi\/wp-json\/wp\/v2\/product\/140802\/revisions"}],"wp:featuredmedia":[{"embeddable":true,"href":"https:\/\/stylingagenten.com\/fi\/wp-json\/wp\/v2\/media\/140765"}],"wp:attachment":[{"href":"https:\/\/stylingagenten.com\/fi\/wp-json\/wp\/v2\/media?parent=140802"}],"wp:term":[{"taxonomy":"product_brand","embeddable":true,"href":"https:\/\/stylingagenten.com\/fi\/wp-json\/wp\/v2\/product_brand?post=140802"},{"taxonomy":"product_cat","embeddable":true,"href":"https:\/\/stylingagenten.com\/fi\/wp-json\/wp\/v2\/product_cat?post=140802"},{"taxonomy":"product_tag","embeddable":true,"href":"https:\/\/stylingagenten.com\/fi\/wp-json\/wp\/v2\/product_tag?post=140802"},{"taxonomy":"berocket_brand","embeddable":true,"href":"https:\/\/stylingagenten.com\/fi\/wp-json\/wp\/v2\/berocket_brand?post=140802"}],"curies":[{"name":"wp","href":"https:\/\/api.w.org\/{rel}","templated":true}]}}