{"id":140801,"date":"2025-05-18T23:11:16","date_gmt":"2025-05-18T23:11:16","guid":{"rendered":"https:\/\/staging2.stylingagenten.com\/fi\/produkt\/wella-professionals-fusion-intense-repair-shampoo-250ml\/"},"modified":"2026-03-13T14:43:28","modified_gmt":"2026-03-13T14:43:28","slug":"wella-professionals-fusion-intense-repair-shampoo-250ml","status":"publish","type":"product","link":"https:\/\/stylingagenten.com\/fi\/tuote\/wella-professionals-fusion-intense-repair-shampoo-250ml\/","title":{"rendered":"Wella Professionals Fusion Intense Repair Shampoo 250ml"},"content":{"rendered":"<p>Wella Professionals Fusion Intense Repair Shampoo on hiustenpuhdistusaine vaurioituneille hiuksille, joka on erityisesti suunniteltu lis\u00e4\u00e4m\u00e4\u00e4n hiusten vastustuskyky\u00e4. T\u00e4m\u00e4 ammattimainen shampoo vaurioituneille hiuksille sis\u00e4lt\u00e4\u00e4 silkeeniaminohappoja ja intensiivisesti hoitavia ainesosia, jotka auttavat korjaamaan hiuksia samalla, kun ne pysyv\u00e4t puhtaina ja hoidetuina. T\u00e4m\u00e4 shampoo auttaa my\u00f6s suojaamaan hiuksia v\u00e4litt\u00f6m\u00e4sti katkeamiselta, joka johtuu kampauksesta tai mekaanisista vaurioista. Rutiinisi vaurioituneiden hiusten v\u00e4litt\u00f6m\u00e4\u00e4n korjaukseen.<\/p>\n<p>250ml<\/p>\n","protected":false},"excerpt":{"rendered":"<p>Wella Professionals Fusion Intense Repair Shampoo on hiustenpuhdistusaine vaurioituneille hiuksille, joka on erityisesti suunniteltu lis\u00e4\u00e4m\u00e4\u00e4n hiusten vastustuskyky\u00e4. T\u00e4m\u00e4 ammattimainen shampoo vaurioituneille hiuksille sis\u00e4lt\u00e4\u00e4 silkeeniaminohappoja ja intensiivisesti hoitavia ainesosia, jotka auttavat korjaamaan hiuksia samalla, kun ne pysyv\u00e4t puhtaina ja hoidetuina. T\u00e4m\u00e4 shampoo auttaa my\u00f6s suojaamaan hiuksia v\u00e4litt\u00f6m\u00e4sti katkeamiselta, joka johtuu kampauksesta tai mekaanisista vaurioista. Rutiinisi vaurioituneiden [&hellip;]<\/p>\n","protected":false},"featured_media":140763,"comment_status":"open","ping_status":"closed","template":"","meta":{"_trash_the_other_posts":false},"product_brand":[],"product_cat":[563],"product_tag":[],"berocket_brand":[1030],"class_list":{"0":"post-140801","1":"product","2":"type-product","3":"status-publish","4":"has-post-thumbnail","6":"product_cat-shampoo","7":"pa_brand-wella","8":"berocket_brand-wella","10":"first","11":"instock","12":"sale","13":"taxable","14":"shipping-taxable","15":"purchasable","16":"product-type-simple"},"_links":{"self":[{"href":"https:\/\/stylingagenten.com\/fi\/wp-json\/wp\/v2\/product\/140801","targetHints":{"allow":["GET"]}}],"collection":[{"href":"https:\/\/stylingagenten.com\/fi\/wp-json\/wp\/v2\/product"}],"about":[{"href":"https:\/\/stylingagenten.com\/fi\/wp-json\/wp\/v2\/types\/product"}],"replies":[{"embeddable":true,"href":"https:\/\/stylingagenten.com\/fi\/wp-json\/wp\/v2\/comments?post=140801"}],"version-history":[{"count":0,"href":"https:\/\/stylingagenten.com\/fi\/wp-json\/wp\/v2\/product\/140801\/revisions"}],"wp:featuredmedia":[{"embeddable":true,"href":"https:\/\/stylingagenten.com\/fi\/wp-json\/wp\/v2\/media\/140763"}],"wp:attachment":[{"href":"https:\/\/stylingagenten.com\/fi\/wp-json\/wp\/v2\/media?parent=140801"}],"wp:term":[{"taxonomy":"product_brand","embeddable":true,"href":"https:\/\/stylingagenten.com\/fi\/wp-json\/wp\/v2\/product_brand?post=140801"},{"taxonomy":"product_cat","embeddable":true,"href":"https:\/\/stylingagenten.com\/fi\/wp-json\/wp\/v2\/product_cat?post=140801"},{"taxonomy":"product_tag","embeddable":true,"href":"https:\/\/stylingagenten.com\/fi\/wp-json\/wp\/v2\/product_tag?post=140801"},{"taxonomy":"berocket_brand","embeddable":true,"href":"https:\/\/stylingagenten.com\/fi\/wp-json\/wp\/v2\/berocket_brand?post=140801"}],"curies":[{"name":"wp","href":"https:\/\/api.w.org\/{rel}","templated":true}]}}