{"id":140789,"date":"2025-05-18T23:11:15","date_gmt":"2025-05-18T23:11:15","guid":{"rendered":"https:\/\/staging2.stylingagenten.com\/fi\/produkt\/wella-professionals-invigo-sun-care-after-sun-cleansing-shampoo-300ml\/"},"modified":"2026-03-11T21:46:46","modified_gmt":"2026-03-11T21:46:46","slug":"wella-professionals-invigo-sun-care-after-sun-cleansing-shampoo-300ml","status":"publish","type":"product","link":"https:\/\/stylingagenten.com\/fi\/tuote\/wella-professionals-invigo-sun-care-after-sun-cleansing-shampoo-300ml\/","title":{"rendered":"Wella Professionals Invigo Sun Care After Sun Cleansing Shampoo 300ml"},"content":{"rendered":"<p>Wella Professionals Invigo Sun After Sun Cleansing Shampoo on hell\u00e4varainen puhdistava shampoo auringon, hiekan ja meren vaikutukselle. T\u00e4m\u00e4 shampoo sis\u00e4lt\u00e4\u00e4 Sun-blend-yhdistelm\u00e4n ja provitamiini B5:n, jotka puhdistavat hiukset hell\u00e4sti ilman, ett\u00e4 ne poistavat luonnollisia \u00f6ljyj\u00e4 hiuksista ja hiuspohjasta. After Sun Cleansing Shampoo kosteuttaa syv\u00e4lt\u00e4 ja auttaa v\u00e4hent\u00e4m\u00e4\u00e4n hiusten kuivumisen tai haitallisten latvojen riski\u00e4. P\u00e4\u00e4t\u00e4 hoito Wella Professionals Invigo Sun Express Conditioner -hoitoaineella parhaan tuloksen saamiseksi. After-sun-rutiinisi kaikille hiustyypeille.<\/p>\n<p>300ml<\/p>\n","protected":false},"excerpt":{"rendered":"<p>Wella Professionals Invigo Sun After Sun Cleansing Shampoo on hell\u00e4varainen puhdistava shampoo auringon, hiekan ja meren vaikutukselle. T\u00e4m\u00e4 shampoo sis\u00e4lt\u00e4\u00e4 Sun-blend-yhdistelm\u00e4n ja provitamiini B5:n, jotka puhdistavat hiukset hell\u00e4sti ilman, ett\u00e4 ne poistavat luonnollisia \u00f6ljyj\u00e4 hiuksista ja hiuspohjasta. After Sun Cleansing Shampoo kosteuttaa syv\u00e4lt\u00e4 ja auttaa v\u00e4hent\u00e4m\u00e4\u00e4n hiusten kuivumisen tai haitallisten latvojen riski\u00e4. P\u00e4\u00e4t\u00e4 hoito Wella [&hellip;]<\/p>\n","protected":false},"featured_media":140761,"comment_status":"open","ping_status":"closed","template":"","meta":{"_trash_the_other_posts":false},"product_brand":[],"product_cat":[563],"product_tag":[],"berocket_brand":[1030],"class_list":{"0":"post-140789","1":"product","2":"type-product","3":"status-publish","4":"has-post-thumbnail","6":"product_cat-shampoo","7":"pa_brand-wella","8":"berocket_brand-wella","10":"first","11":"instock","12":"sale","13":"taxable","14":"shipping-taxable","15":"purchasable","16":"product-type-simple"},"_links":{"self":[{"href":"https:\/\/stylingagenten.com\/fi\/wp-json\/wp\/v2\/product\/140789","targetHints":{"allow":["GET"]}}],"collection":[{"href":"https:\/\/stylingagenten.com\/fi\/wp-json\/wp\/v2\/product"}],"about":[{"href":"https:\/\/stylingagenten.com\/fi\/wp-json\/wp\/v2\/types\/product"}],"replies":[{"embeddable":true,"href":"https:\/\/stylingagenten.com\/fi\/wp-json\/wp\/v2\/comments?post=140789"}],"version-history":[{"count":0,"href":"https:\/\/stylingagenten.com\/fi\/wp-json\/wp\/v2\/product\/140789\/revisions"}],"wp:featuredmedia":[{"embeddable":true,"href":"https:\/\/stylingagenten.com\/fi\/wp-json\/wp\/v2\/media\/140761"}],"wp:attachment":[{"href":"https:\/\/stylingagenten.com\/fi\/wp-json\/wp\/v2\/media?parent=140789"}],"wp:term":[{"taxonomy":"product_brand","embeddable":true,"href":"https:\/\/stylingagenten.com\/fi\/wp-json\/wp\/v2\/product_brand?post=140789"},{"taxonomy":"product_cat","embeddable":true,"href":"https:\/\/stylingagenten.com\/fi\/wp-json\/wp\/v2\/product_cat?post=140789"},{"taxonomy":"product_tag","embeddable":true,"href":"https:\/\/stylingagenten.com\/fi\/wp-json\/wp\/v2\/product_tag?post=140789"},{"taxonomy":"berocket_brand","embeddable":true,"href":"https:\/\/stylingagenten.com\/fi\/wp-json\/wp\/v2\/berocket_brand?post=140789"}],"curies":[{"name":"wp","href":"https:\/\/api.w.org\/{rel}","templated":true}]}}