{"id":140758,"date":"2025-05-18T23:11:11","date_gmt":"2025-05-18T23:11:11","guid":{"rendered":"https:\/\/staging2.stylingagenten.com\/fi\/produkt\/ref-cool-silver-shampoo-1000ml\/"},"modified":"2026-03-11T21:59:56","modified_gmt":"2026-03-11T21:59:56","slug":"ref-cool-silver-shampoo-1000ml","status":"publish","type":"product","link":"https:\/\/stylingagenten.com\/fi\/tuote\/ref-cool-silver-shampoo-1000ml\/","title":{"rendered":"REF Cool Silver Shampoo 1000ml"},"content":{"rendered":"<p>REF Cool Silver Shampoo on sulfaatiton shampoo, joka sis\u00e4lt\u00e4\u00e4 kasvipohjaisia uutteita sek\u00e4 sinisi\u00e4 ja violetteja pigmenttej\u00e4, jotka on erityisesti valittu suojaamaan, vahvistamaan ja neutraloimaan ei-toivottuja l\u00e4mpimi\u00e4 s\u00e4vyj\u00e4. S\u00e4vytt\u00e4\u00e4 hell\u00e4varaisesti vaalennettuja ja auringon vaalentamia hiuksia sek\u00e4 suojaa v\u00e4ri\u00e4 haalistumiselta. Antaa harmaalle hiukselle hopeisen s\u00e4vyn.<\/p>\n<p>1000ml<\/p>\n","protected":false},"excerpt":{"rendered":"<p>REF Cool Silver Shampoo on sulfaatiton shampoo, joka sis\u00e4lt\u00e4\u00e4 kasvipohjaisia uutteita sek\u00e4 sinisi\u00e4 ja violetteja pigmenttej\u00e4, jotka on erityisesti valittu suojaamaan, vahvistamaan ja neutraloimaan ei-toivottuja l\u00e4mpimi\u00e4 s\u00e4vyj\u00e4. S\u00e4vytt\u00e4\u00e4 hell\u00e4varaisesti vaalennettuja ja auringon vaalentamia hiuksia sek\u00e4 suojaa v\u00e4ri\u00e4 haalistumiselta. Antaa harmaalle hiukselle hopeisen s\u00e4vyn. 1000ml<\/p>\n","protected":false},"featured_media":140756,"comment_status":"open","ping_status":"closed","template":"","meta":{"_trash_the_other_posts":false},"product_brand":[],"product_cat":[563],"product_tag":[3870],"berocket_brand":[1209],"class_list":{"0":"post-140758","1":"product","2":"type-product","3":"status-publish","4":"has-post-thumbnail","6":"product_cat-shampoo","7":"product_tag-ref-cool-silver-shampoo","8":"pa_brand-ref","9":"pa_variantti-1000ml","10":"berocket_brand-ref","12":"first","13":"instock","14":"sale","15":"taxable","16":"shipping-taxable","17":"purchasable","18":"product-type-simple"},"_links":{"self":[{"href":"https:\/\/stylingagenten.com\/fi\/wp-json\/wp\/v2\/product\/140758","targetHints":{"allow":["GET"]}}],"collection":[{"href":"https:\/\/stylingagenten.com\/fi\/wp-json\/wp\/v2\/product"}],"about":[{"href":"https:\/\/stylingagenten.com\/fi\/wp-json\/wp\/v2\/types\/product"}],"replies":[{"embeddable":true,"href":"https:\/\/stylingagenten.com\/fi\/wp-json\/wp\/v2\/comments?post=140758"}],"version-history":[{"count":0,"href":"https:\/\/stylingagenten.com\/fi\/wp-json\/wp\/v2\/product\/140758\/revisions"}],"wp:featuredmedia":[{"embeddable":true,"href":"https:\/\/stylingagenten.com\/fi\/wp-json\/wp\/v2\/media\/140756"}],"wp:attachment":[{"href":"https:\/\/stylingagenten.com\/fi\/wp-json\/wp\/v2\/media?parent=140758"}],"wp:term":[{"taxonomy":"product_brand","embeddable":true,"href":"https:\/\/stylingagenten.com\/fi\/wp-json\/wp\/v2\/product_brand?post=140758"},{"taxonomy":"product_cat","embeddable":true,"href":"https:\/\/stylingagenten.com\/fi\/wp-json\/wp\/v2\/product_cat?post=140758"},{"taxonomy":"product_tag","embeddable":true,"href":"https:\/\/stylingagenten.com\/fi\/wp-json\/wp\/v2\/product_tag?post=140758"},{"taxonomy":"berocket_brand","embeddable":true,"href":"https:\/\/stylingagenten.com\/fi\/wp-json\/wp\/v2\/berocket_brand?post=140758"}],"curies":[{"name":"wp","href":"https:\/\/api.w.org\/{rel}","templated":true}]}}