{"id":140749,"date":"2025-05-18T23:11:07","date_gmt":"2025-05-18T23:11:07","guid":{"rendered":"https:\/\/staging2.stylingagenten.com\/fi\/produkt\/beard-monkey-salt-water-spray-150ml\/"},"modified":"2026-04-03T15:15:41","modified_gmt":"2026-04-03T15:15:41","slug":"beard-monkey-salt-water-spray-150ml","status":"publish","type":"product","link":"https:\/\/stylingagenten.com\/fi\/tuote\/beard-monkey-salt-water-spray-150ml\/","title":{"rendered":"Beard Monkey Salt Water Spray 150ml"},"content":{"rendered":"<p style='margin-top:0cm;margin-right:0cm;margin-bottom:8.0pt;margin-left:0cm;font-size:15px;font-family:\"Calibri\",sans-serif'> Beard Monkey Salt Water Spray on suolavesisuihke, joka antaa hiuksille mattapintaisen pinnan ja p\u00f6rr\u00f6isen ilmeen. Suihke antaa my\u00f6s volyymia, mik\u00e4 tekee hiuksista t\u00e4ytel\u00e4iset ja helposti muotoiltavat. K\u00e4ytt\u00f6: Suihkuta kuiviin tai kosteisiin hiuksiin. Anna hiusten kuivua itsest\u00e4\u00e4n saadaksesi luonnollisen p\u00f6rr\u00f6isen ilmeen tai k\u00e4yt\u00e4 sit\u00e4 lis\u00e4\u00e4 volyymia varten.<\/p>\n<p style='margin: 0cm 0cm 8pt;font-family: \"Calibri\", sans-serif'>150 ml<\/p>\n<p style='margin: 0cm 0cm 8pt;font-family: \"Calibri\", sans-serif'><\/p>\n<p style='margin: 0cm 0cm 8pt;font-family: \"Calibri\", sans-serif'><\/p>\n<p><\/p>\n","protected":false},"excerpt":{"rendered":"<p>Beard Monkey Salt Water Spray on suolavesisuihke, joka antaa hiuksille mattapintaisen pinnan ja p\u00f6rr\u00f6isen ilmeen. Suihke antaa my\u00f6s volyymia, mik\u00e4 tekee hiuksista t\u00e4ytel\u00e4iset ja helposti muotoiltavat. K\u00e4ytt\u00f6: Suihkuta kuiviin tai kosteisiin hiuksiin. Anna hiusten kuivua itsest\u00e4\u00e4n saadaksesi luonnollisen p\u00f6rr\u00f6isen ilmeen tai k\u00e4yt\u00e4 sit\u00e4 lis\u00e4\u00e4 volyymia varten. 150 ml<\/p>\n","protected":false},"featured_media":140746,"comment_status":"open","ping_status":"closed","template":"","meta":{"_trash_the_other_posts":false},"product_brand":[],"product_cat":[603],"product_tag":[],"berocket_brand":[1077],"class_list":{"0":"post-140749","1":"product","2":"type-product","3":"status-publish","4":"has-post-thumbnail","6":"product_cat-suolavesisuihku","7":"pa_brand-beard-monkey","8":"berocket_brand-beard-monkey","10":"first","11":"instock","12":"sale","13":"taxable","14":"shipping-taxable","15":"purchasable","16":"product-type-simple"},"_links":{"self":[{"href":"https:\/\/stylingagenten.com\/fi\/wp-json\/wp\/v2\/product\/140749","targetHints":{"allow":["GET"]}}],"collection":[{"href":"https:\/\/stylingagenten.com\/fi\/wp-json\/wp\/v2\/product"}],"about":[{"href":"https:\/\/stylingagenten.com\/fi\/wp-json\/wp\/v2\/types\/product"}],"replies":[{"embeddable":true,"href":"https:\/\/stylingagenten.com\/fi\/wp-json\/wp\/v2\/comments?post=140749"}],"version-history":[{"count":0,"href":"https:\/\/stylingagenten.com\/fi\/wp-json\/wp\/v2\/product\/140749\/revisions"}],"wp:featuredmedia":[{"embeddable":true,"href":"https:\/\/stylingagenten.com\/fi\/wp-json\/wp\/v2\/media\/140746"}],"wp:attachment":[{"href":"https:\/\/stylingagenten.com\/fi\/wp-json\/wp\/v2\/media?parent=140749"}],"wp:term":[{"taxonomy":"product_brand","embeddable":true,"href":"https:\/\/stylingagenten.com\/fi\/wp-json\/wp\/v2\/product_brand?post=140749"},{"taxonomy":"product_cat","embeddable":true,"href":"https:\/\/stylingagenten.com\/fi\/wp-json\/wp\/v2\/product_cat?post=140749"},{"taxonomy":"product_tag","embeddable":true,"href":"https:\/\/stylingagenten.com\/fi\/wp-json\/wp\/v2\/product_tag?post=140749"},{"taxonomy":"berocket_brand","embeddable":true,"href":"https:\/\/stylingagenten.com\/fi\/wp-json\/wp\/v2\/berocket_brand?post=140749"}],"curies":[{"name":"wp","href":"https:\/\/api.w.org\/{rel}","templated":true}]}}