{"id":140744,"date":"2025-05-18T23:11:05","date_gmt":"2025-05-18T23:11:05","guid":{"rendered":"https:\/\/staging2.stylingagenten.com\/fi\/produkt\/wella-eimi-ocean-spritz-salt-spray-150ml\/"},"modified":"2026-04-14T10:14:29","modified_gmt":"2026-04-14T10:14:29","slug":"wella-eimi-ocean-spritz-salt-spray-150ml","status":"publish","type":"product","link":"https:\/\/stylingagenten.com\/fi\/tuote\/wella-eimi-ocean-spritz-salt-spray-150ml\/","title":{"rendered":"Wella EIMI Ocean Spritz Salt Spray 150ml"},"content":{"rendered":"<p>Wella EIMI Ocean Spritz Salt Spray antaa sinulle suolaisen veden tunteen ja rantailmeen. Tarjoaa tukea, volyymia ja mattapintaista pintaa. Suihkuta kuiviin hiuksiin l\u00e4himp\u00e4n\u00e4 p\u00e4\u00e4nahkaa ja ty\u00f6nn\u00e4 eteenp\u00e4in saadaksesi t\u00e4ytel\u00e4isyyden, volyymin, t\u00e4ydellisen tai tuhma ilmeen.<\/p>\n","protected":false},"excerpt":{"rendered":"<p>Wella EIMI Ocean Spritz Salt Spray antaa sinulle suolaisen veden tunteen ja rantailmeen. Tarjoaa tukea, volyymia ja mattapintaista pintaa. Suihkuta kuiviin hiuksiin l\u00e4himp\u00e4n\u00e4 p\u00e4\u00e4nahkaa ja ty\u00f6nn\u00e4 eteenp\u00e4in saadaksesi t\u00e4ytel\u00e4isyyden, volyymin, t\u00e4ydellisen tai tuhma ilmeen.<\/p>\n","protected":false},"featured_media":140732,"comment_status":"open","ping_status":"closed","template":"","meta":{"_trash_the_other_posts":false},"product_brand":[],"product_cat":[1003,603],"product_tag":[],"berocket_brand":[1030],"class_list":{"0":"post-140744","1":"product","2":"type-product","3":"status-publish","4":"has-post-thumbnail","6":"product_cat-myydyimmat","7":"product_cat-suolavesisuihku","8":"pa_brand-wella","9":"berocket_brand-wella","11":"first","12":"instock","13":"sale","14":"taxable","15":"shipping-taxable","16":"purchasable","17":"product-type-simple"},"_links":{"self":[{"href":"https:\/\/stylingagenten.com\/fi\/wp-json\/wp\/v2\/product\/140744","targetHints":{"allow":["GET"]}}],"collection":[{"href":"https:\/\/stylingagenten.com\/fi\/wp-json\/wp\/v2\/product"}],"about":[{"href":"https:\/\/stylingagenten.com\/fi\/wp-json\/wp\/v2\/types\/product"}],"replies":[{"embeddable":true,"href":"https:\/\/stylingagenten.com\/fi\/wp-json\/wp\/v2\/comments?post=140744"}],"version-history":[{"count":0,"href":"https:\/\/stylingagenten.com\/fi\/wp-json\/wp\/v2\/product\/140744\/revisions"}],"wp:featuredmedia":[{"embeddable":true,"href":"https:\/\/stylingagenten.com\/fi\/wp-json\/wp\/v2\/media\/140732"}],"wp:attachment":[{"href":"https:\/\/stylingagenten.com\/fi\/wp-json\/wp\/v2\/media?parent=140744"}],"wp:term":[{"taxonomy":"product_brand","embeddable":true,"href":"https:\/\/stylingagenten.com\/fi\/wp-json\/wp\/v2\/product_brand?post=140744"},{"taxonomy":"product_cat","embeddable":true,"href":"https:\/\/stylingagenten.com\/fi\/wp-json\/wp\/v2\/product_cat?post=140744"},{"taxonomy":"product_tag","embeddable":true,"href":"https:\/\/stylingagenten.com\/fi\/wp-json\/wp\/v2\/product_tag?post=140744"},{"taxonomy":"berocket_brand","embeddable":true,"href":"https:\/\/stylingagenten.com\/fi\/wp-json\/wp\/v2\/berocket_brand?post=140744"}],"curies":[{"name":"wp","href":"https:\/\/api.w.org\/{rel}","templated":true}]}}