{"id":140733,"date":"2025-05-18T23:11:03","date_gmt":"2025-05-18T23:11:03","guid":{"rendered":"https:\/\/staging2.stylingagenten.com\/fi\/produkt\/ellwo-salt-water-spray-250ml\/"},"modified":"2026-04-03T15:16:38","modified_gmt":"2026-04-03T15:16:38","slug":"ellwo-salt-water-spray-250ml","status":"publish","type":"product","link":"https:\/\/stylingagenten.com\/fi\/tuote\/ellwo-salt-water-spray-250ml\/","title":{"rendered":"Ellwo Salt Water Spray 250ml"},"content":{"rendered":"<p>Ellwo Salt Water Spray on v\u00e4ri\u00e4 s\u00e4ilytt\u00e4v\u00e4 suolavesisuihke, joka antaa kevyen pidon sek\u00e4 volyymia ja rakennetta. Rikastettu aktiivisilla ainesosilla, jotka suojaavat ja arvostavat hiuksia. Lis\u00e4\u00e4 volyymia k\u00e4ytt\u00e4m\u00e4ll\u00e4 hiuksia ja luonnollisen tuloksen saamiseksi anna hiusten kuivua. Suihke toimii erinomaisesti sek\u00e4 lyhyiss\u00e4 ett\u00e4 pitkiss\u00e4 hiuksissa. Sis\u00e4lt\u00e4\u00e4 D-pantenolia.<\/p>\n<p>Sulfaatti- ja parabeeniton<br \/>vegaaninen<br \/>V\u00e4riensuoja<br \/>UV-suoja<\/p>\n","protected":false},"excerpt":{"rendered":"<p>Ellwo Salt Water Spray on v\u00e4ri\u00e4 s\u00e4ilytt\u00e4v\u00e4 suolavesisuihke, joka antaa kevyen pidon sek\u00e4 volyymia ja rakennetta. Rikastettu aktiivisilla ainesosilla, jotka suojaavat ja arvostavat hiuksia. Lis\u00e4\u00e4 volyymia k\u00e4ytt\u00e4m\u00e4ll\u00e4 hiuksia ja luonnollisen tuloksen saamiseksi anna hiusten kuivua. Suihke toimii erinomaisesti sek\u00e4 lyhyiss\u00e4 ett\u00e4 pitkiss\u00e4 hiuksissa. Sis\u00e4lt\u00e4\u00e4 D-pantenolia. Sulfaatti- ja parabeenitonvegaaninenV\u00e4riensuojaUV-suoja<\/p>\n","protected":false},"featured_media":140727,"comment_status":"open","ping_status":"closed","template":"","meta":{"_trash_the_other_posts":false},"product_brand":[],"product_cat":[603],"product_tag":[],"berocket_brand":[1305],"class_list":{"0":"post-140733","1":"product","2":"type-product","3":"status-publish","4":"has-post-thumbnail","6":"product_cat-suolavesisuihku","7":"pa_brand-ellwo-professional","8":"berocket_brand-ellwo-professional","10":"first","11":"instock","12":"sale","13":"taxable","14":"shipping-taxable","15":"purchasable","16":"product-type-simple"},"_links":{"self":[{"href":"https:\/\/stylingagenten.com\/fi\/wp-json\/wp\/v2\/product\/140733","targetHints":{"allow":["GET"]}}],"collection":[{"href":"https:\/\/stylingagenten.com\/fi\/wp-json\/wp\/v2\/product"}],"about":[{"href":"https:\/\/stylingagenten.com\/fi\/wp-json\/wp\/v2\/types\/product"}],"replies":[{"embeddable":true,"href":"https:\/\/stylingagenten.com\/fi\/wp-json\/wp\/v2\/comments?post=140733"}],"version-history":[{"count":0,"href":"https:\/\/stylingagenten.com\/fi\/wp-json\/wp\/v2\/product\/140733\/revisions"}],"wp:featuredmedia":[{"embeddable":true,"href":"https:\/\/stylingagenten.com\/fi\/wp-json\/wp\/v2\/media\/140727"}],"wp:attachment":[{"href":"https:\/\/stylingagenten.com\/fi\/wp-json\/wp\/v2\/media?parent=140733"}],"wp:term":[{"taxonomy":"product_brand","embeddable":true,"href":"https:\/\/stylingagenten.com\/fi\/wp-json\/wp\/v2\/product_brand?post=140733"},{"taxonomy":"product_cat","embeddable":true,"href":"https:\/\/stylingagenten.com\/fi\/wp-json\/wp\/v2\/product_cat?post=140733"},{"taxonomy":"product_tag","embeddable":true,"href":"https:\/\/stylingagenten.com\/fi\/wp-json\/wp\/v2\/product_tag?post=140733"},{"taxonomy":"berocket_brand","embeddable":true,"href":"https:\/\/stylingagenten.com\/fi\/wp-json\/wp\/v2\/berocket_brand?post=140733"}],"curies":[{"name":"wp","href":"https:\/\/api.w.org\/{rel}","templated":true}]}}