{"id":140731,"date":"2025-05-18T23:11:03","date_gmt":"2025-05-18T23:11:03","guid":{"rendered":"https:\/\/staging2.stylingagenten.com\/fi\/produkt\/paul-mitchell-tea-tree-wave-refresher-spray-125ml\/"},"modified":"2026-03-11T21:50:26","modified_gmt":"2026-03-11T21:50:26","slug":"paul-mitchell-tea-tree-wave-refresher-spray-125ml","status":"publish","type":"product","link":"https:\/\/stylingagenten.com\/fi\/tuote\/paul-mitchell-tea-tree-wave-refresher-spray-125ml\/","title":{"rendered":"Paul Mitchell Tea Tree Wave Refresher Spray 125ml"},"content":{"rendered":"<p>Nauti valtameren inspiroimasta muotoilukokemuksesta Paul Mitchell Tea Tree Wave Refresher Spraylla. P\u00e4ivit\u00e4 ja m\u00e4\u00e4rittele eilisen ranta-aallot tai luonnollinen hiustesi rakenne. Sis\u00e4lt\u00e4\u00e4 ainutlaatuisen sekoituksen teepuu\u00f6ljy\u00e4, piparminttua ja kookosta hoitavan ja virkist\u00e4v\u00e4n tunteen korville ja mielelle.<\/p>\n<p>Ei sis\u00e4ll\u00e4 parabeeneja ja gluteenia. Vegaani.<\/p>\n","protected":false},"excerpt":{"rendered":"<p>Nauti valtameren inspiroimasta muotoilukokemuksesta Paul Mitchell Tea Tree Wave Refresher Spraylla. P\u00e4ivit\u00e4 ja m\u00e4\u00e4rittele eilisen ranta-aallot tai luonnollinen hiustesi rakenne. Sis\u00e4lt\u00e4\u00e4 ainutlaatuisen sekoituksen teepuu\u00f6ljy\u00e4, piparminttua ja kookosta hoitavan ja virkist\u00e4v\u00e4n tunteen korville ja mielelle. Ei sis\u00e4ll\u00e4 parabeeneja ja gluteenia. Vegaani.<\/p>\n","protected":false},"featured_media":140726,"comment_status":"open","ping_status":"closed","template":"","meta":{"_trash_the_other_posts":false},"product_brand":[],"product_cat":[603],"product_tag":[],"berocket_brand":[1053],"class_list":{"0":"post-140731","1":"product","2":"type-product","3":"status-publish","4":"has-post-thumbnail","6":"product_cat-suolavesisuihku","7":"pa_brand-paul-mitchell","8":"berocket_brand-paul-mitchell","10":"first","11":"instock","12":"sale","13":"taxable","14":"shipping-taxable","15":"purchasable","16":"product-type-simple"},"_links":{"self":[{"href":"https:\/\/stylingagenten.com\/fi\/wp-json\/wp\/v2\/product\/140731","targetHints":{"allow":["GET"]}}],"collection":[{"href":"https:\/\/stylingagenten.com\/fi\/wp-json\/wp\/v2\/product"}],"about":[{"href":"https:\/\/stylingagenten.com\/fi\/wp-json\/wp\/v2\/types\/product"}],"replies":[{"embeddable":true,"href":"https:\/\/stylingagenten.com\/fi\/wp-json\/wp\/v2\/comments?post=140731"}],"version-history":[{"count":0,"href":"https:\/\/stylingagenten.com\/fi\/wp-json\/wp\/v2\/product\/140731\/revisions"}],"wp:featuredmedia":[{"embeddable":true,"href":"https:\/\/stylingagenten.com\/fi\/wp-json\/wp\/v2\/media\/140726"}],"wp:attachment":[{"href":"https:\/\/stylingagenten.com\/fi\/wp-json\/wp\/v2\/media?parent=140731"}],"wp:term":[{"taxonomy":"product_brand","embeddable":true,"href":"https:\/\/stylingagenten.com\/fi\/wp-json\/wp\/v2\/product_brand?post=140731"},{"taxonomy":"product_cat","embeddable":true,"href":"https:\/\/stylingagenten.com\/fi\/wp-json\/wp\/v2\/product_cat?post=140731"},{"taxonomy":"product_tag","embeddable":true,"href":"https:\/\/stylingagenten.com\/fi\/wp-json\/wp\/v2\/product_tag?post=140731"},{"taxonomy":"berocket_brand","embeddable":true,"href":"https:\/\/stylingagenten.com\/fi\/wp-json\/wp\/v2\/berocket_brand?post=140731"}],"curies":[{"name":"wp","href":"https:\/\/api.w.org\/{rel}","templated":true}]}}