{"id":140717,"date":"2025-05-18T23:10:59","date_gmt":"2025-05-18T23:10:59","guid":{"rendered":"https:\/\/staging2.stylingagenten.com\/fi\/produkt\/fudge-salt-spray-150ml\/"},"modified":"2026-03-13T15:57:50","modified_gmt":"2026-03-13T15:57:50","slug":"fudge-salt-spray-150ml","status":"publish","type":"product","link":"https:\/\/stylingagenten.com\/fi\/tuote\/fudge-salt-spray-150ml\/","title":{"rendered":"Fudge Salt Spray 150ml"},"content":{"rendered":"<p>Fudge Salt Spray on suolavesisuihke, joka antaa t\u00e4ytel\u00e4isyytt\u00e4 ja rakennetta keskipitk\u00e4ll\u00e4 pitolla. Suihkeen tuntuinen suihke tuo p\u00f6rr\u00f6isen ja vasta her\u00e4nneen ilmeen.<\/p>\n","protected":false},"excerpt":{"rendered":"<p>Fudge Salt Spray on suolavesisuihke, joka antaa t\u00e4ytel\u00e4isyytt\u00e4 ja rakennetta keskipitk\u00e4ll\u00e4 pitolla. Suihkeen tuntuinen suihke tuo p\u00f6rr\u00f6isen ja vasta her\u00e4nneen ilmeen.<\/p>\n","protected":false},"featured_media":140716,"comment_status":"open","ping_status":"closed","template":"","meta":{"_trash_the_other_posts":false},"product_brand":[],"product_cat":[603],"product_tag":[],"berocket_brand":[1319],"class_list":{"0":"post-140717","1":"product","2":"type-product","3":"status-publish","4":"has-post-thumbnail","6":"product_cat-suolavesisuihku","7":"pa_brand-fudge","8":"berocket_brand-fudge","10":"first","11":"instock","12":"sale","13":"taxable","14":"shipping-taxable","15":"purchasable","16":"product-type-simple"},"_links":{"self":[{"href":"https:\/\/stylingagenten.com\/fi\/wp-json\/wp\/v2\/product\/140717","targetHints":{"allow":["GET"]}}],"collection":[{"href":"https:\/\/stylingagenten.com\/fi\/wp-json\/wp\/v2\/product"}],"about":[{"href":"https:\/\/stylingagenten.com\/fi\/wp-json\/wp\/v2\/types\/product"}],"replies":[{"embeddable":true,"href":"https:\/\/stylingagenten.com\/fi\/wp-json\/wp\/v2\/comments?post=140717"}],"version-history":[{"count":0,"href":"https:\/\/stylingagenten.com\/fi\/wp-json\/wp\/v2\/product\/140717\/revisions"}],"wp:featuredmedia":[{"embeddable":true,"href":"https:\/\/stylingagenten.com\/fi\/wp-json\/wp\/v2\/media\/140716"}],"wp:attachment":[{"href":"https:\/\/stylingagenten.com\/fi\/wp-json\/wp\/v2\/media?parent=140717"}],"wp:term":[{"taxonomy":"product_brand","embeddable":true,"href":"https:\/\/stylingagenten.com\/fi\/wp-json\/wp\/v2\/product_brand?post=140717"},{"taxonomy":"product_cat","embeddable":true,"href":"https:\/\/stylingagenten.com\/fi\/wp-json\/wp\/v2\/product_cat?post=140717"},{"taxonomy":"product_tag","embeddable":true,"href":"https:\/\/stylingagenten.com\/fi\/wp-json\/wp\/v2\/product_tag?post=140717"},{"taxonomy":"berocket_brand","embeddable":true,"href":"https:\/\/stylingagenten.com\/fi\/wp-json\/wp\/v2\/berocket_brand?post=140717"}],"curies":[{"name":"wp","href":"https:\/\/api.w.org\/{rel}","templated":true}]}}