{"id":140698,"date":"2025-05-18T23:10:55","date_gmt":"2025-05-18T23:10:55","guid":{"rendered":"https:\/\/staging2.stylingagenten.com\/fi\/produkt\/sachajuan-ocean-mist-50ml\/"},"modified":"2026-03-11T21:50:00","modified_gmt":"2026-03-11T21:50:00","slug":"sachajuan-ocean-mist-50ml","status":"publish","type":"product","link":"https:\/\/stylingagenten.com\/fi\/tuote\/sachajuan-ocean-mist-50ml\/","title":{"rendered":"SACHAJUAN Ocean Mist 50ml"},"content":{"rendered":"<p>SACHAJUAN antaa hiuksille ihanan kes\u00e4isen fiiliksen. Hiukset saavat luonnollisen rakenteen ja volyymin kuin olisit rannalla, ottamassa aurinkoa ja uimassa koko p\u00e4iv\u00e4n. Levit\u00e4 kosteisiin tai kuiviin hiuksiin.<\/p>\n<p>50ml<\/p>\n","protected":false},"excerpt":{"rendered":"<p>SACHAJUAN antaa hiuksille ihanan kes\u00e4isen fiiliksen. Hiukset saavat luonnollisen rakenteen ja volyymin kuin olisit rannalla, ottamassa aurinkoa ja uimassa koko p\u00e4iv\u00e4n. Levit\u00e4 kosteisiin tai kuiviin hiuksiin. 50ml<\/p>\n","protected":false},"featured_media":140697,"comment_status":"open","ping_status":"closed","template":"","meta":{"_trash_the_other_posts":false},"product_brand":[],"product_cat":[603],"product_tag":[3955],"berocket_brand":[1409],"class_list":{"0":"post-140698","1":"product","2":"type-product","3":"status-publish","4":"has-post-thumbnail","6":"product_cat-suolavesisuihku","7":"product_tag-sachajuan-ocean-mist","8":"pa_brand-sachajuan","9":"pa_variantti-50ml","10":"berocket_brand-sachajuan","12":"first","13":"instock","14":"sale","15":"taxable","16":"shipping-taxable","17":"purchasable","18":"product-type-simple"},"_links":{"self":[{"href":"https:\/\/stylingagenten.com\/fi\/wp-json\/wp\/v2\/product\/140698","targetHints":{"allow":["GET"]}}],"collection":[{"href":"https:\/\/stylingagenten.com\/fi\/wp-json\/wp\/v2\/product"}],"about":[{"href":"https:\/\/stylingagenten.com\/fi\/wp-json\/wp\/v2\/types\/product"}],"replies":[{"embeddable":true,"href":"https:\/\/stylingagenten.com\/fi\/wp-json\/wp\/v2\/comments?post=140698"}],"version-history":[{"count":0,"href":"https:\/\/stylingagenten.com\/fi\/wp-json\/wp\/v2\/product\/140698\/revisions"}],"wp:featuredmedia":[{"embeddable":true,"href":"https:\/\/stylingagenten.com\/fi\/wp-json\/wp\/v2\/media\/140697"}],"wp:attachment":[{"href":"https:\/\/stylingagenten.com\/fi\/wp-json\/wp\/v2\/media?parent=140698"}],"wp:term":[{"taxonomy":"product_brand","embeddable":true,"href":"https:\/\/stylingagenten.com\/fi\/wp-json\/wp\/v2\/product_brand?post=140698"},{"taxonomy":"product_cat","embeddable":true,"href":"https:\/\/stylingagenten.com\/fi\/wp-json\/wp\/v2\/product_cat?post=140698"},{"taxonomy":"product_tag","embeddable":true,"href":"https:\/\/stylingagenten.com\/fi\/wp-json\/wp\/v2\/product_tag?post=140698"},{"taxonomy":"berocket_brand","embeddable":true,"href":"https:\/\/stylingagenten.com\/fi\/wp-json\/wp\/v2\/berocket_brand?post=140698"}],"curies":[{"name":"wp","href":"https:\/\/api.w.org\/{rel}","templated":true}]}}