{"id":140534,"date":"2025-05-18T23:10:21","date_gmt":"2025-05-18T23:10:21","guid":{"rendered":"https:\/\/staging2.stylingagenten.com\/fi\/produkt\/max-factor-creme-puff-matte-blush-05-lovely-pink\/"},"modified":"2026-03-26T20:58:51","modified_gmt":"2026-03-26T20:58:51","slug":"max-factor-creme-puff-matte-blush-05-lovely-pink","status":"publish","type":"product","link":"https:\/\/stylingagenten.com\/fi\/tuote\/max-factor-creme-puff-matte-blush-05-lovely-pink\/","title":{"rendered":"Max Factor Creme Puff Matte Blush &#8211; 05 Lovely Pink"},"content":{"rendered":"<p>Vastaus kysymykseen&aring; luonnollinen, ruusuinen ilo? Cr&egrave;me Puff Blush. Hankinta raikas ihonv\u00e4ri pyyhk\u00e4isyll\u00e4 eritt\u00e4in pigmentoitua, monis\u00e4vyist\u00e4 poskipunaamme, joka sulautuu saumattomasti ihosi s\u00e4vyyn. L\u00f6yd\u00e4 s\u00e4vysi ja rakenna v\u00e4ri\u00e4 luomaan muotoiltu ilme tai pehme\u00e4 poskipuna.<\/p>\n","protected":false},"excerpt":{"rendered":"<p>Vastaus kysymykseen&aring; luonnollinen, ruusuinen ilo? Cr&egrave;me Puff Blush. Hankinta raikas ihonv\u00e4ri pyyhk\u00e4isyll\u00e4 eritt\u00e4in pigmentoitua, monis\u00e4vyist\u00e4 poskipunaamme, joka sulautuu saumattomasti ihosi s\u00e4vyyn. L\u00f6yd\u00e4 s\u00e4vysi ja rakenna v\u00e4ri\u00e4 luomaan muotoiltu ilme tai pehme\u00e4 poskipuna.<\/p>\n","protected":false},"featured_media":140527,"comment_status":"open","ping_status":"closed","template":"","meta":{"_trash_the_other_posts":false},"product_brand":[],"product_cat":[613],"product_tag":[3474],"berocket_brand":[1013],"class_list":{"0":"post-140534","1":"product","2":"type-product","3":"status-publish","4":"has-post-thumbnail","6":"product_cat-rouge","7":"product_tag-max-factor-creme-puff-matte-blush","8":"pa_brand-max-factor","9":"pa_variantti-05-lovely-pink","10":"berocket_brand-max-factor","12":"first","13":"instock","14":"sale","15":"taxable","16":"shipping-taxable","17":"purchasable","18":"product-type-simple"},"_links":{"self":[{"href":"https:\/\/stylingagenten.com\/fi\/wp-json\/wp\/v2\/product\/140534","targetHints":{"allow":["GET"]}}],"collection":[{"href":"https:\/\/stylingagenten.com\/fi\/wp-json\/wp\/v2\/product"}],"about":[{"href":"https:\/\/stylingagenten.com\/fi\/wp-json\/wp\/v2\/types\/product"}],"replies":[{"embeddable":true,"href":"https:\/\/stylingagenten.com\/fi\/wp-json\/wp\/v2\/comments?post=140534"}],"version-history":[{"count":0,"href":"https:\/\/stylingagenten.com\/fi\/wp-json\/wp\/v2\/product\/140534\/revisions"}],"wp:featuredmedia":[{"embeddable":true,"href":"https:\/\/stylingagenten.com\/fi\/wp-json\/wp\/v2\/media\/140527"}],"wp:attachment":[{"href":"https:\/\/stylingagenten.com\/fi\/wp-json\/wp\/v2\/media?parent=140534"}],"wp:term":[{"taxonomy":"product_brand","embeddable":true,"href":"https:\/\/stylingagenten.com\/fi\/wp-json\/wp\/v2\/product_brand?post=140534"},{"taxonomy":"product_cat","embeddable":true,"href":"https:\/\/stylingagenten.com\/fi\/wp-json\/wp\/v2\/product_cat?post=140534"},{"taxonomy":"product_tag","embeddable":true,"href":"https:\/\/stylingagenten.com\/fi\/wp-json\/wp\/v2\/product_tag?post=140534"},{"taxonomy":"berocket_brand","embeddable":true,"href":"https:\/\/stylingagenten.com\/fi\/wp-json\/wp\/v2\/berocket_brand?post=140534"}],"curies":[{"name":"wp","href":"https:\/\/api.w.org\/{rel}","templated":true}]}}