{"id":140511,"date":"2025-05-18T23:10:16","date_gmt":"2025-05-18T23:10:16","guid":{"rendered":"https:\/\/staging2.stylingagenten.com\/fi\/produkt\/beauty-uk-sweet-cheeks-no-5-raspberry-ripple-6g\/"},"modified":"2026-03-17T07:57:28","modified_gmt":"2026-03-17T07:57:28","slug":"beauty-uk-sweet-cheeks-no-5-raspberry-ripple-6g","status":"publish","type":"product","link":"https:\/\/stylingagenten.com\/fi\/tuote\/beauty-uk-sweet-cheeks-no-5-raspberry-ripple-6g\/","title":{"rendered":"Beauty UK Sweet Cheeks No.5 Raspberry Ripple 6g"},"content":{"rendered":"<p>Beauty UK Sweet Cheeks No.5 Raspberry Ripple on kermainen poskipuna, joka antaa poskille v\u00e4lit\u00f6nt\u00e4 hehkua ja upean luonnollisen v\u00e4rin. Poskipuna on k\u00e4yt\u00e4nn\u00f6llinen huulipuna, joten se on helppo ottaa mukaan kaikkialle.<\/p>\n<p>Sweet Cheeks No.5 Raspberry Ripple<\/p>\n","protected":false},"excerpt":{"rendered":"<p>Beauty UK Sweet Cheeks No.5 Raspberry Ripple on kermainen poskipuna, joka antaa poskille v\u00e4lit\u00f6nt\u00e4 hehkua ja upean luonnollisen v\u00e4rin. Poskipuna on k\u00e4yt\u00e4nn\u00f6llinen huulipuna, joten se on helppo ottaa mukaan kaikkialle. Sweet Cheeks No.5 Raspberry Ripple<\/p>\n","protected":false},"featured_media":140510,"comment_status":"open","ping_status":"closed","template":"","meta":{"_trash_the_other_posts":false},"product_brand":[],"product_cat":[613],"product_tag":[2524],"berocket_brand":[1059],"class_list":{"0":"post-140511","1":"product","2":"type-product","3":"status-publish","4":"has-post-thumbnail","6":"product_cat-rouge","7":"product_tag-beauty-uk-sweet-cheeks-6g","8":"pa_brand-beautyuk","9":"pa_variantti-no-5-raspberry-ripple","10":"berocket_brand-beautyuk","12":"first","13":"instock","14":"sale","15":"taxable","16":"shipping-taxable","17":"purchasable","18":"product-type-simple"},"_links":{"self":[{"href":"https:\/\/stylingagenten.com\/fi\/wp-json\/wp\/v2\/product\/140511","targetHints":{"allow":["GET"]}}],"collection":[{"href":"https:\/\/stylingagenten.com\/fi\/wp-json\/wp\/v2\/product"}],"about":[{"href":"https:\/\/stylingagenten.com\/fi\/wp-json\/wp\/v2\/types\/product"}],"replies":[{"embeddable":true,"href":"https:\/\/stylingagenten.com\/fi\/wp-json\/wp\/v2\/comments?post=140511"}],"version-history":[{"count":0,"href":"https:\/\/stylingagenten.com\/fi\/wp-json\/wp\/v2\/product\/140511\/revisions"}],"wp:featuredmedia":[{"embeddable":true,"href":"https:\/\/stylingagenten.com\/fi\/wp-json\/wp\/v2\/media\/140510"}],"wp:attachment":[{"href":"https:\/\/stylingagenten.com\/fi\/wp-json\/wp\/v2\/media?parent=140511"}],"wp:term":[{"taxonomy":"product_brand","embeddable":true,"href":"https:\/\/stylingagenten.com\/fi\/wp-json\/wp\/v2\/product_brand?post=140511"},{"taxonomy":"product_cat","embeddable":true,"href":"https:\/\/stylingagenten.com\/fi\/wp-json\/wp\/v2\/product_cat?post=140511"},{"taxonomy":"product_tag","embeddable":true,"href":"https:\/\/stylingagenten.com\/fi\/wp-json\/wp\/v2\/product_tag?post=140511"},{"taxonomy":"berocket_brand","embeddable":true,"href":"https:\/\/stylingagenten.com\/fi\/wp-json\/wp\/v2\/berocket_brand?post=140511"}],"curies":[{"name":"wp","href":"https:\/\/api.w.org\/{rel}","templated":true}]}}