{"id":140500,"date":"2025-05-18T23:10:13","date_gmt":"2025-05-18T23:10:13","guid":{"rendered":"https:\/\/staging2.stylingagenten.com\/fi\/produkt\/bare-minerals-gen-nude-powder-blush-on-the-mauve\/"},"modified":"2026-03-30T07:31:43","modified_gmt":"2026-03-30T07:31:43","slug":"bare-minerals-gen-nude-powder-blush-on-the-mauve","status":"publish","type":"product","link":"https:\/\/stylingagenten.com\/fi\/tuote\/bare-minerals-gen-nude-powder-blush-on-the-mauve\/","title":{"rendered":"Bare Minerals Gen Nude Powder Blush &#8211; On The Mauve"},"content":{"rendered":"<p>Meet Gen Nude Powder Blush, t\u00e4ydellinen mineraalimeikki, joka m\u00e4\u00e4rittelee poskip\u00e4\u00e4t ja l\u00e4mmitt\u00e4\u00e4 ja kirkastaa ihoasi. Ihoyst\u00e4v\u00e4llinen, eritt\u00e4in kermainen koostumus on pitk\u00e4kestoinen, sekoittuva, ja siin\u00e4 on uusi Blurring Mineral Complex kirkkaamman, pehme\u00e4n tarkennuksen aikaansaamiseksi. T\u00e4m\u00e4 poskipuna sopii kaikille ihon s\u00e4vyille.<\/p>\n<p>6 g<\/p>\n","protected":false},"excerpt":{"rendered":"<p>Meet Gen Nude Powder Blush, t\u00e4ydellinen mineraalimeikki, joka m\u00e4\u00e4rittelee poskip\u00e4\u00e4t ja l\u00e4mmitt\u00e4\u00e4 ja kirkastaa ihoasi. Ihoyst\u00e4v\u00e4llinen, eritt\u00e4in kermainen koostumus on pitk\u00e4kestoinen, sekoittuva, ja siin\u00e4 on uusi Blurring Mineral Complex kirkkaamman, pehme\u00e4n tarkennuksen aikaansaamiseksi. T\u00e4m\u00e4 poskipuna sopii kaikille ihon s\u00e4vyille. 6 g<\/p>\n","protected":false},"featured_media":140493,"comment_status":"open","ping_status":"closed","template":"","meta":{"_trash_the_other_posts":false},"product_brand":[],"product_cat":[613],"product_tag":[2469],"berocket_brand":[1256],"class_list":{"0":"post-140500","1":"product","2":"type-product","3":"status-publish","4":"has-post-thumbnail","6":"product_cat-rouge","7":"product_tag-bare-minerals-gen-nude-powder-blush","8":"pa_brand-bareminerals","9":"pa_variantti-on-the-mauve","10":"berocket_brand-bareminerals","12":"first","13":"instock","14":"sale","15":"taxable","16":"shipping-taxable","17":"purchasable","18":"product-type-simple"},"_links":{"self":[{"href":"https:\/\/stylingagenten.com\/fi\/wp-json\/wp\/v2\/product\/140500","targetHints":{"allow":["GET"]}}],"collection":[{"href":"https:\/\/stylingagenten.com\/fi\/wp-json\/wp\/v2\/product"}],"about":[{"href":"https:\/\/stylingagenten.com\/fi\/wp-json\/wp\/v2\/types\/product"}],"replies":[{"embeddable":true,"href":"https:\/\/stylingagenten.com\/fi\/wp-json\/wp\/v2\/comments?post=140500"}],"version-history":[{"count":0,"href":"https:\/\/stylingagenten.com\/fi\/wp-json\/wp\/v2\/product\/140500\/revisions"}],"wp:featuredmedia":[{"embeddable":true,"href":"https:\/\/stylingagenten.com\/fi\/wp-json\/wp\/v2\/media\/140493"}],"wp:attachment":[{"href":"https:\/\/stylingagenten.com\/fi\/wp-json\/wp\/v2\/media?parent=140500"}],"wp:term":[{"taxonomy":"product_brand","embeddable":true,"href":"https:\/\/stylingagenten.com\/fi\/wp-json\/wp\/v2\/product_brand?post=140500"},{"taxonomy":"product_cat","embeddable":true,"href":"https:\/\/stylingagenten.com\/fi\/wp-json\/wp\/v2\/product_cat?post=140500"},{"taxonomy":"product_tag","embeddable":true,"href":"https:\/\/stylingagenten.com\/fi\/wp-json\/wp\/v2\/product_tag?post=140500"},{"taxonomy":"berocket_brand","embeddable":true,"href":"https:\/\/stylingagenten.com\/fi\/wp-json\/wp\/v2\/berocket_brand?post=140500"}],"curies":[{"name":"wp","href":"https:\/\/api.w.org\/{rel}","templated":true}]}}