{"id":140496,"date":"2025-05-18T23:10:12","date_gmt":"2025-05-18T23:10:12","guid":{"rendered":"https:\/\/staging2.stylingagenten.com\/fi\/produkt\/max-factor-powder-blush-15-seductive-pink\/"},"modified":"2026-04-07T08:39:12","modified_gmt":"2026-04-07T08:39:12","slug":"max-factor-powder-blush-15-seductive-pink","status":"publish","type":"product","link":"https:\/\/stylingagenten.com\/fi\/tuote\/max-factor-powder-blush-15-seductive-pink\/","title":{"rendered":"Max Factor Powder Blush 15 Seductive Pink"},"content":{"rendered":"<p>Upea poskipuna, joka yhdist\u00e4\u00e4 useita s\u00e4vyj\u00e4 ja antaa kasvoille luonnollisen, raikkaan ja kauniin hehkun. Poskipunaa voi k\u00e4ytt\u00e4\u00e4 sek\u00e4 kun haluat hienovaraisen vaikutelman, jossa on ripaus v\u00e4ri\u00e4, ett\u00e4 my\u00f6s silloin, kun haluat intensiivisemm\u00e4n meikin lookin.<\/p>\n","protected":false},"excerpt":{"rendered":"<p>Upea poskipuna, joka yhdist\u00e4\u00e4 useita s\u00e4vyj\u00e4 ja antaa kasvoille luonnollisen, raikkaan ja kauniin hehkun. Poskipunaa voi k\u00e4ytt\u00e4\u00e4 sek\u00e4 kun haluat hienovaraisen vaikutelman, jossa on ripaus v\u00e4ri\u00e4, ett\u00e4 my\u00f6s silloin, kun haluat intensiivisemm\u00e4n meikin lookin.<\/p>\n","protected":false},"featured_media":140495,"comment_status":"open","ping_status":"closed","template":"","meta":{"_trash_the_other_posts":false},"product_brand":[],"product_cat":[613],"product_tag":[3490],"berocket_brand":[1013],"class_list":{"0":"post-140496","1":"product","2":"type-product","3":"status-publish","4":"has-post-thumbnail","6":"product_cat-rouge","7":"product_tag-max-factor-powder-blush","8":"pa_brand-max-factor","9":"pa_variantti-15-seductive-pink","10":"berocket_brand-max-factor","12":"first","13":"outofstock","14":"sale","15":"taxable","16":"shipping-taxable","17":"purchasable","18":"product-type-simple"},"_links":{"self":[{"href":"https:\/\/stylingagenten.com\/fi\/wp-json\/wp\/v2\/product\/140496","targetHints":{"allow":["GET"]}}],"collection":[{"href":"https:\/\/stylingagenten.com\/fi\/wp-json\/wp\/v2\/product"}],"about":[{"href":"https:\/\/stylingagenten.com\/fi\/wp-json\/wp\/v2\/types\/product"}],"replies":[{"embeddable":true,"href":"https:\/\/stylingagenten.com\/fi\/wp-json\/wp\/v2\/comments?post=140496"}],"version-history":[{"count":0,"href":"https:\/\/stylingagenten.com\/fi\/wp-json\/wp\/v2\/product\/140496\/revisions"}],"wp:featuredmedia":[{"embeddable":true,"href":"https:\/\/stylingagenten.com\/fi\/wp-json\/wp\/v2\/media\/140495"}],"wp:attachment":[{"href":"https:\/\/stylingagenten.com\/fi\/wp-json\/wp\/v2\/media?parent=140496"}],"wp:term":[{"taxonomy":"product_brand","embeddable":true,"href":"https:\/\/stylingagenten.com\/fi\/wp-json\/wp\/v2\/product_brand?post=140496"},{"taxonomy":"product_cat","embeddable":true,"href":"https:\/\/stylingagenten.com\/fi\/wp-json\/wp\/v2\/product_cat?post=140496"},{"taxonomy":"product_tag","embeddable":true,"href":"https:\/\/stylingagenten.com\/fi\/wp-json\/wp\/v2\/product_tag?post=140496"},{"taxonomy":"berocket_brand","embeddable":true,"href":"https:\/\/stylingagenten.com\/fi\/wp-json\/wp\/v2\/berocket_brand?post=140496"}],"curies":[{"name":"wp","href":"https:\/\/api.w.org\/{rel}","templated":true}]}}