{"id":140471,"date":"2025-05-18T23:10:08","date_gmt":"2025-05-18T23:10:08","guid":{"rendered":"https:\/\/staging2.stylingagenten.com\/fi\/produkt\/kokie-soft-gradient-blush-tender\/"},"modified":"2026-02-22T23:16:32","modified_gmt":"2026-02-22T23:16:32","slug":"kokie-soft-gradient-blush-tender","status":"publish","type":"product","link":"https:\/\/stylingagenten.com\/fi\/tuote\/kokie-soft-gradient-blush-tender\/","title":{"rendered":"Kokie Soft Gradient Blush &#8211; Tender"},"content":{"rendered":"<p>Jokaisessa Kokien Soft Gradient Blushes -poskipunassa on ombre-vaikutelma v\u00e4rej\u00e4, jotka sulautuvat yhteen t\u00e4ydellisen imartelevan lopputuloksen saavuttamiseksi. Pigmentoitu koostumus on hyvin rakennettavissa; jonka voit saavuttaa kaikkea pehme\u00e4st\u00e4 poskipunasta n\u00e4kyv\u00e4\u00e4n poskipuna lookiin. Vegan ja Curelty Free.<\/p>\n<p>Saatavana 8 s\u00e4vy\u00e4:<\/p>\n<p>Cheeky &ndash; Vaalea persikka vaaleanpunaiseen<br \/>Bellisima &ndash; Keskikokoisesta persikasta pehme\u00e4\u00e4n violettiin<br \/>Hearththrob &ndash; Vaaleanpunaisesta vaaleanpunaiseen<br \/>t\u00e4htien risteys &ndash; Vaaleanpunaisesta laventelista auringonlaskun persikkaan<br \/>Tender &ndash; Kirkkaasta mandariinista unikkoon&ouml;d<br \/>py\u00f6rtyminen &ndash; Vaalea beige tai vaalea beige<br \/>Tease &ndash; Pehme\u00e4st\u00e4 vaaleanpunaisesta t\u00e4ytel\u00e4iseen ruusuun<br \/>Puheltu &ndash; Vaalean violetista makeaan luumuun<\/p>\n<p>9 g<\/p>\n","protected":false},"excerpt":{"rendered":"<p>Jokaisessa Kokien Soft Gradient Blushes -poskipunassa on ombre-vaikutelma v\u00e4rej\u00e4, jotka sulautuvat yhteen t\u00e4ydellisen imartelevan lopputuloksen saavuttamiseksi. Pigmentoitu koostumus on hyvin rakennettavissa; jonka voit saavuttaa kaikkea pehme\u00e4st\u00e4 poskipunasta n\u00e4kyv\u00e4\u00e4n poskipuna lookiin. Vegan ja Curelty Free. Saatavana 8 s\u00e4vy\u00e4: Cheeky &ndash; Vaalea persikka vaaleanpunaiseenBellisima &ndash; Keskikokoisesta persikasta pehme\u00e4\u00e4n violettiinHearththrob &ndash; Vaaleanpunaisesta vaaleanpunaiseent\u00e4htien risteys &ndash; Vaaleanpunaisesta laventelista auringonlaskun [&hellip;]<\/p>\n","protected":false},"featured_media":140462,"comment_status":"open","ping_status":"closed","template":"","meta":{"_trash_the_other_posts":false},"product_brand":[],"product_cat":[613],"product_tag":[3168],"berocket_brand":[1198],"class_list":{"0":"post-140471","1":"product","2":"type-product","3":"status-publish","4":"has-post-thumbnail","6":"product_cat-rouge","7":"product_tag-kokie-soft-gradient-blush","8":"pa_brand-kokie-cosmetics","9":"pa_variantti-tender","10":"berocket_brand-kokie-cosmetics","12":"first","13":"instock","14":"sale","15":"taxable","16":"shipping-taxable","17":"purchasable","18":"product-type-simple"},"_links":{"self":[{"href":"https:\/\/stylingagenten.com\/fi\/wp-json\/wp\/v2\/product\/140471","targetHints":{"allow":["GET"]}}],"collection":[{"href":"https:\/\/stylingagenten.com\/fi\/wp-json\/wp\/v2\/product"}],"about":[{"href":"https:\/\/stylingagenten.com\/fi\/wp-json\/wp\/v2\/types\/product"}],"replies":[{"embeddable":true,"href":"https:\/\/stylingagenten.com\/fi\/wp-json\/wp\/v2\/comments?post=140471"}],"version-history":[{"count":0,"href":"https:\/\/stylingagenten.com\/fi\/wp-json\/wp\/v2\/product\/140471\/revisions"}],"wp:featuredmedia":[{"embeddable":true,"href":"https:\/\/stylingagenten.com\/fi\/wp-json\/wp\/v2\/media\/140462"}],"wp:attachment":[{"href":"https:\/\/stylingagenten.com\/fi\/wp-json\/wp\/v2\/media?parent=140471"}],"wp:term":[{"taxonomy":"product_brand","embeddable":true,"href":"https:\/\/stylingagenten.com\/fi\/wp-json\/wp\/v2\/product_brand?post=140471"},{"taxonomy":"product_cat","embeddable":true,"href":"https:\/\/stylingagenten.com\/fi\/wp-json\/wp\/v2\/product_cat?post=140471"},{"taxonomy":"product_tag","embeddable":true,"href":"https:\/\/stylingagenten.com\/fi\/wp-json\/wp\/v2\/product_tag?post=140471"},{"taxonomy":"berocket_brand","embeddable":true,"href":"https:\/\/stylingagenten.com\/fi\/wp-json\/wp\/v2\/berocket_brand?post=140471"}],"curies":[{"name":"wp","href":"https:\/\/api.w.org\/{rel}","templated":true}]}}