{"id":140455,"date":"2025-05-18T23:10:04","date_gmt":"2025-05-18T23:10:04","guid":{"rendered":"https:\/\/staging2.stylingagenten.com\/fi\/produkt\/beauty-uk-sweet-cheeks-gift-set-4pcs\/"},"modified":"2025-12-12T15:57:17","modified_gmt":"2025-12-12T15:57:17","slug":"beauty-uk-sweet-cheeks-gift-set-4pcs","status":"publish","type":"product","link":"https:\/\/stylingagenten.com\/fi\/tuote\/beauty-uk-sweet-cheeks-gift-set-4pcs\/","title":{"rendered":"Beauty UK Sweet Cheeks Gift Set 4pcs"},"content":{"rendered":"<p>Sweet Cheeks on upea kermainen poskipuna, joka antaa ihollesi v\u00e4litt\u00f6m\u00e4n hehkun! Ainutlaatuinen kevyt koostumus on kerman pehme\u00e4, kosteuttava ja liukuu. t\u00e4ydellisen kasteisen lopputuloksen saavuttamiseksi. Sis\u00e4lt\u00e4\u00e4 sheavoita, C-vitamiinia jojoba\u00f6ljy\u00e4, joka auttaa yll\u00e4pit\u00e4m\u00e4\u00e4n ihon terveytt\u00e4. Sit\u00e4 on helppo levitt\u00e4\u00e4 ja se voidaan sekoittaa joko siveltimell\u00e4 tai sormenp\u00e4ill\u00e4, jolloin voit hallita t\u00e4ysin tuotteen voimakkuutta. haluamasi viimeistely. <\/p>\n<p>Sis\u00e4lt\u00e4\u00e4: Pink Pavola, Mansikkahyytel\u00f6, Vadelma Ripple, Vaniljaj\u00e4\u00e4<\/p>\n","protected":false},"excerpt":{"rendered":"<p>Sweet Cheeks on upea kermainen poskipuna, joka antaa ihollesi v\u00e4litt\u00f6m\u00e4n hehkun! Ainutlaatuinen kevyt koostumus on kerman pehme\u00e4, kosteuttava ja liukuu. t\u00e4ydellisen kasteisen lopputuloksen saavuttamiseksi. Sis\u00e4lt\u00e4\u00e4 sheavoita, C-vitamiinia jojoba\u00f6ljy\u00e4, joka auttaa yll\u00e4pit\u00e4m\u00e4\u00e4n ihon terveytt\u00e4. Sit\u00e4 on helppo levitt\u00e4\u00e4 ja se voidaan sekoittaa joko siveltimell\u00e4 tai sormenp\u00e4ill\u00e4, jolloin voit hallita t\u00e4ysin tuotteen voimakkuutta. haluamasi viimeistely. Sis\u00e4lt\u00e4\u00e4: Pink [&hellip;]<\/p>\n","protected":false},"featured_media":140454,"comment_status":"open","ping_status":"closed","template":"","meta":{"_trash_the_other_posts":false},"product_brand":[],"product_cat":[613],"product_tag":[],"berocket_brand":[1059],"class_list":{"0":"post-140455","1":"product","2":"type-product","3":"status-publish","4":"has-post-thumbnail","6":"product_cat-rouge","7":"pa_brand-beautyuk","8":"berocket_brand-beautyuk","10":"first","11":"instock","12":"sale","13":"taxable","14":"shipping-taxable","15":"purchasable","16":"product-type-simple"},"_links":{"self":[{"href":"https:\/\/stylingagenten.com\/fi\/wp-json\/wp\/v2\/product\/140455","targetHints":{"allow":["GET"]}}],"collection":[{"href":"https:\/\/stylingagenten.com\/fi\/wp-json\/wp\/v2\/product"}],"about":[{"href":"https:\/\/stylingagenten.com\/fi\/wp-json\/wp\/v2\/types\/product"}],"replies":[{"embeddable":true,"href":"https:\/\/stylingagenten.com\/fi\/wp-json\/wp\/v2\/comments?post=140455"}],"version-history":[{"count":0,"href":"https:\/\/stylingagenten.com\/fi\/wp-json\/wp\/v2\/product\/140455\/revisions"}],"wp:featuredmedia":[{"embeddable":true,"href":"https:\/\/stylingagenten.com\/fi\/wp-json\/wp\/v2\/media\/140454"}],"wp:attachment":[{"href":"https:\/\/stylingagenten.com\/fi\/wp-json\/wp\/v2\/media?parent=140455"}],"wp:term":[{"taxonomy":"product_brand","embeddable":true,"href":"https:\/\/stylingagenten.com\/fi\/wp-json\/wp\/v2\/product_brand?post=140455"},{"taxonomy":"product_cat","embeddable":true,"href":"https:\/\/stylingagenten.com\/fi\/wp-json\/wp\/v2\/product_cat?post=140455"},{"taxonomy":"product_tag","embeddable":true,"href":"https:\/\/stylingagenten.com\/fi\/wp-json\/wp\/v2\/product_tag?post=140455"},{"taxonomy":"berocket_brand","embeddable":true,"href":"https:\/\/stylingagenten.com\/fi\/wp-json\/wp\/v2\/berocket_brand?post=140455"}],"curies":[{"name":"wp","href":"https:\/\/api.w.org\/{rel}","templated":true}]}}