{"id":140389,"date":"2025-05-18T23:09:47","date_gmt":"2025-05-18T23:09:47","guid":{"rendered":"https:\/\/staging2.stylingagenten.com\/fi\/produkt\/bareminerals-gen-nude-powder-blush-pretty-in-pink\/"},"modified":"2026-03-16T13:03:26","modified_gmt":"2026-03-16T13:03:26","slug":"bareminerals-gen-nude-powder-blush-pretty-in-pink","status":"publish","type":"product","link":"https:\/\/stylingagenten.com\/fi\/tuote\/bareminerals-gen-nude-powder-blush-pretty-in-pink\/","title":{"rendered":"BareMinerals Gen Nude Powder Blush Pretty in Pink"},"content":{"rendered":"<p>Lis\u00e4\u00e4 poskillesi mukava luonnollinen v\u00e4ri t\u00e4ll\u00e4 painottomalla poskipunalla, joka sopii kaikille. T\u00e4m\u00e4 rakennettava talkkiton poskipuna on valmistettu valoa heijastavista mineraalihelmist\u00e4, jotka h\u00e4m\u00e4rt\u00e4v\u00e4t huokoset ja tarjoavat pehme\u00e4n lopputuloksen. T\u00e4m\u00e4 poskipuna on osa bareMineralin rajoitetun er\u00e4n The Beauty of Nature -kokoelmaa, joka on saanut inspiraationsa kukkivista trooppisista s\u00e4vyist\u00e4.<\/p>\n","protected":false},"excerpt":{"rendered":"<p>Lis\u00e4\u00e4 poskillesi mukava luonnollinen v\u00e4ri t\u00e4ll\u00e4 painottomalla poskipunalla, joka sopii kaikille. T\u00e4m\u00e4 rakennettava talkkiton poskipuna on valmistettu valoa heijastavista mineraalihelmist\u00e4, jotka h\u00e4m\u00e4rt\u00e4v\u00e4t huokoset ja tarjoavat pehme\u00e4n lopputuloksen. T\u00e4m\u00e4 poskipuna on osa bareMineralin rajoitetun er\u00e4n The Beauty of Nature -kokoelmaa, joka on saanut inspiraationsa kukkivista trooppisista s\u00e4vyist\u00e4.<\/p>\n","protected":false},"featured_media":140382,"comment_status":"open","ping_status":"closed","template":"","meta":{"_trash_the_other_posts":false},"product_brand":[],"product_cat":[613],"product_tag":[2477],"berocket_brand":[2007],"class_list":{"0":"post-140389","1":"product","2":"type-product","3":"status-publish","4":"has-post-thumbnail","6":"product_cat-rouge","7":"product_tag-bareminerals-gen-nude-powder-blush","8":"pa_brand-id-bareminerals","9":"pa_variantti-pretty-in-pink","10":"berocket_brand-id-bareminerals","12":"first","13":"instock","14":"sale","15":"taxable","16":"shipping-taxable","17":"purchasable","18":"product-type-simple"},"_links":{"self":[{"href":"https:\/\/stylingagenten.com\/fi\/wp-json\/wp\/v2\/product\/140389","targetHints":{"allow":["GET"]}}],"collection":[{"href":"https:\/\/stylingagenten.com\/fi\/wp-json\/wp\/v2\/product"}],"about":[{"href":"https:\/\/stylingagenten.com\/fi\/wp-json\/wp\/v2\/types\/product"}],"replies":[{"embeddable":true,"href":"https:\/\/stylingagenten.com\/fi\/wp-json\/wp\/v2\/comments?post=140389"}],"version-history":[{"count":0,"href":"https:\/\/stylingagenten.com\/fi\/wp-json\/wp\/v2\/product\/140389\/revisions"}],"wp:featuredmedia":[{"embeddable":true,"href":"https:\/\/stylingagenten.com\/fi\/wp-json\/wp\/v2\/media\/140382"}],"wp:attachment":[{"href":"https:\/\/stylingagenten.com\/fi\/wp-json\/wp\/v2\/media?parent=140389"}],"wp:term":[{"taxonomy":"product_brand","embeddable":true,"href":"https:\/\/stylingagenten.com\/fi\/wp-json\/wp\/v2\/product_brand?post=140389"},{"taxonomy":"product_cat","embeddable":true,"href":"https:\/\/stylingagenten.com\/fi\/wp-json\/wp\/v2\/product_cat?post=140389"},{"taxonomy":"product_tag","embeddable":true,"href":"https:\/\/stylingagenten.com\/fi\/wp-json\/wp\/v2\/product_tag?post=140389"},{"taxonomy":"berocket_brand","embeddable":true,"href":"https:\/\/stylingagenten.com\/fi\/wp-json\/wp\/v2\/berocket_brand?post=140389"}],"curies":[{"name":"wp","href":"https:\/\/api.w.org\/{rel}","templated":true}]}}