{"id":140376,"date":"2025-05-18T23:09:45","date_gmt":"2025-05-18T23:09:45","guid":{"rendered":"https:\/\/staging2.stylingagenten.com\/fi\/produkt\/bareminerals-gen-nude-blonzer-kiss-of-rose\/"},"modified":"2025-11-19T12:19:20","modified_gmt":"2025-11-19T12:19:20","slug":"bareminerals-gen-nude-blonzer-kiss-of-rose","status":"publish","type":"product","link":"https:\/\/stylingagenten.com\/fi\/tuote\/bareminerals-gen-nude-blonzer-kiss-of-rose\/","title":{"rendered":"BareMinerals Gen Nude Blonzer Kiss of Rose"},"content":{"rendered":"<p>Gen Nude Blonzer yhdist\u00e4\u00e4 poskipunan vaaleanpunaisen v\u00e4rin ja bronzerin l\u00e4mpim\u00e4n hehkun. Silkkisen, talkkittoman puuterikoostumuksen ansiosta se j\u00e4ljittelee ihon luonnollista hehkua kuin rannalla vietetyn p\u00e4iv\u00e4n j\u00e4lkeen. Rakennettava 2-in-1-koostumus on rikastettu mineraalipohjaisilla valoa heijastavilla helmill\u00e4, jotka tasoittavat ep\u00e4t\u00e4ydellisyydet ja sulautuvat saumattomasti pehme\u00e4n tarkennuksen, luonnollisesti valovoiman, joka kest\u00e4\u00e4 koko p\u00e4iv\u00e4n.<\/p>\n<p>97 % sanoi. he tuntuivat sileilt\u00e4 ja painottomilta iholla*<br \/>83 % sanoi, ett\u00e4 heid\u00e4n ihonsa oli raikasta*<br \/>*Perustuu viikon kliiniseen 30 ihmisen tutkimukseen.<\/p>\n<p>K\u00e4ytt\u00f6:<br \/> K\u00e4yt\u00e4 p\u00f6rr\u00f6ist\u00e4 sivellint\u00e4 ja levit\u00e4 puuteria &#8221;W&#8221;-muotoon luodaksesi luonnollisen auringonpaisteisen ilmeen kasvosi korkeimpiin kohtiin.<br \/>1. Alkaen nen\u00e4n ulkoreunasta, pyyhk\u00e4ise tuotetta &#8221;U&#8221;-muodossa alas posken omenaan ja olkoon asti.<br \/>2. Toista toisella puolella.<br \/>3. Yhdist\u00e4 &#8221;W&#8221; pyyhk\u00e4isem\u00e4ll\u00e4 jatkuvasti yhdest\u00e4 poskesta nen\u00e4n poikki toiselle poskelle.<\/p>\n<p>3,8 g<\/p>\n","protected":false},"excerpt":{"rendered":"<p>Gen Nude Blonzer yhdist\u00e4\u00e4 poskipunan vaaleanpunaisen v\u00e4rin ja bronzerin l\u00e4mpim\u00e4n hehkun. Silkkisen, talkkittoman puuterikoostumuksen ansiosta se j\u00e4ljittelee ihon luonnollista hehkua kuin rannalla vietetyn p\u00e4iv\u00e4n j\u00e4lkeen. Rakennettava 2-in-1-koostumus on rikastettu mineraalipohjaisilla valoa heijastavilla helmill\u00e4, jotka tasoittavat ep\u00e4t\u00e4ydellisyydet ja sulautuvat saumattomasti pehme\u00e4n tarkennuksen, luonnollisesti valovoiman, joka kest\u00e4\u00e4 koko p\u00e4iv\u00e4n. 97 % sanoi. he tuntuivat sileilt\u00e4 ja painottomilta [&hellip;]<\/p>\n","protected":false},"featured_media":140373,"comment_status":"open","ping_status":"closed","template":"","meta":{"_trash_the_other_posts":false},"product_brand":[],"product_cat":[613],"product_tag":[2475],"berocket_brand":[2007],"class_list":{"0":"post-140376","1":"product","2":"type-product","3":"status-publish","4":"has-post-thumbnail","6":"product_cat-rouge","7":"product_tag-bareminerals-gen-nude-blonzer","8":"pa_brand-id-bareminerals","9":"pa_variantti-kiss-of-rose","10":"berocket_brand-id-bareminerals","12":"first","13":"instock","14":"sale","15":"taxable","16":"shipping-taxable","17":"purchasable","18":"product-type-simple"},"_links":{"self":[{"href":"https:\/\/stylingagenten.com\/fi\/wp-json\/wp\/v2\/product\/140376","targetHints":{"allow":["GET"]}}],"collection":[{"href":"https:\/\/stylingagenten.com\/fi\/wp-json\/wp\/v2\/product"}],"about":[{"href":"https:\/\/stylingagenten.com\/fi\/wp-json\/wp\/v2\/types\/product"}],"replies":[{"embeddable":true,"href":"https:\/\/stylingagenten.com\/fi\/wp-json\/wp\/v2\/comments?post=140376"}],"version-history":[{"count":0,"href":"https:\/\/stylingagenten.com\/fi\/wp-json\/wp\/v2\/product\/140376\/revisions"}],"wp:featuredmedia":[{"embeddable":true,"href":"https:\/\/stylingagenten.com\/fi\/wp-json\/wp\/v2\/media\/140373"}],"wp:attachment":[{"href":"https:\/\/stylingagenten.com\/fi\/wp-json\/wp\/v2\/media?parent=140376"}],"wp:term":[{"taxonomy":"product_brand","embeddable":true,"href":"https:\/\/stylingagenten.com\/fi\/wp-json\/wp\/v2\/product_brand?post=140376"},{"taxonomy":"product_cat","embeddable":true,"href":"https:\/\/stylingagenten.com\/fi\/wp-json\/wp\/v2\/product_cat?post=140376"},{"taxonomy":"product_tag","embeddable":true,"href":"https:\/\/stylingagenten.com\/fi\/wp-json\/wp\/v2\/product_tag?post=140376"},{"taxonomy":"berocket_brand","embeddable":true,"href":"https:\/\/stylingagenten.com\/fi\/wp-json\/wp\/v2\/berocket_brand?post=140376"}],"curies":[{"name":"wp","href":"https:\/\/api.w.org\/{rel}","templated":true}]}}