{"id":140362,"date":"2025-05-18T23:09:42","date_gmt":"2025-05-18T23:09:42","guid":{"rendered":"https:\/\/staging2.stylingagenten.com\/fi\/produkt\/makeup-revolution-superdewy-liquid-blush-you-had-me-at-first-blush\/"},"modified":"2025-11-19T12:34:33","modified_gmt":"2025-11-19T12:34:33","slug":"makeup-revolution-superdewy-liquid-blush-you-had-me-at-first-blush","status":"publish","type":"product","link":"https:\/\/stylingagenten.com\/fi\/tuote\/makeup-revolution-superdewy-liquid-blush-you-had-me-at-first-blush\/","title":{"rendered":"Makeup Revolution Superdewy Liquid Blush You Had Me at First Blush"},"content":{"rendered":"<p>Makeup Revolution Superdewy nestem\u00e4inen poskipuna You Had Me at First Blush<br \/>Lis\u00e4\u00e4 lookiisi ripaus s\u00e4vy\u00e4 Revolution Superdewy Liquid Blush -sarjan avulla.<br \/>Helppok\u00e4ytt\u00f6inen, eritt\u00e4in pigmenttinen, rakennettava nestem\u00e4inen poskipuna.<\/p>\n","protected":false},"excerpt":{"rendered":"<p>Makeup Revolution Superdewy nestem\u00e4inen poskipuna You Had Me at First BlushLis\u00e4\u00e4 lookiisi ripaus s\u00e4vy\u00e4 Revolution Superdewy Liquid Blush -sarjan avulla.Helppok\u00e4ytt\u00f6inen, eritt\u00e4in pigmenttinen, rakennettava nestem\u00e4inen poskipuna.<\/p>\n","protected":false},"featured_media":140356,"comment_status":"open","ping_status":"closed","template":"","meta":{"_trash_the_other_posts":false},"product_brand":[],"product_cat":[613],"product_tag":[],"berocket_brand":[1050],"class_list":{"0":"post-140362","1":"product","2":"type-product","3":"status-publish","4":"has-post-thumbnail","6":"product_cat-rouge","7":"pa_brand-makeup-revolution","8":"berocket_brand-makeup-revolution","10":"first","11":"instock","12":"sale","13":"taxable","14":"shipping-taxable","15":"purchasable","16":"product-type-simple"},"_links":{"self":[{"href":"https:\/\/stylingagenten.com\/fi\/wp-json\/wp\/v2\/product\/140362","targetHints":{"allow":["GET"]}}],"collection":[{"href":"https:\/\/stylingagenten.com\/fi\/wp-json\/wp\/v2\/product"}],"about":[{"href":"https:\/\/stylingagenten.com\/fi\/wp-json\/wp\/v2\/types\/product"}],"replies":[{"embeddable":true,"href":"https:\/\/stylingagenten.com\/fi\/wp-json\/wp\/v2\/comments?post=140362"}],"version-history":[{"count":0,"href":"https:\/\/stylingagenten.com\/fi\/wp-json\/wp\/v2\/product\/140362\/revisions"}],"wp:featuredmedia":[{"embeddable":true,"href":"https:\/\/stylingagenten.com\/fi\/wp-json\/wp\/v2\/media\/140356"}],"wp:attachment":[{"href":"https:\/\/stylingagenten.com\/fi\/wp-json\/wp\/v2\/media?parent=140362"}],"wp:term":[{"taxonomy":"product_brand","embeddable":true,"href":"https:\/\/stylingagenten.com\/fi\/wp-json\/wp\/v2\/product_brand?post=140362"},{"taxonomy":"product_cat","embeddable":true,"href":"https:\/\/stylingagenten.com\/fi\/wp-json\/wp\/v2\/product_cat?post=140362"},{"taxonomy":"product_tag","embeddable":true,"href":"https:\/\/stylingagenten.com\/fi\/wp-json\/wp\/v2\/product_tag?post=140362"},{"taxonomy":"berocket_brand","embeddable":true,"href":"https:\/\/stylingagenten.com\/fi\/wp-json\/wp\/v2\/berocket_brand?post=140362"}],"curies":[{"name":"wp","href":"https:\/\/api.w.org\/{rel}","templated":true}]}}